{"id":44334,"date":"2024-09-12T12:42:56","date_gmt":"2024-09-12T10:42:56","guid":{"rendered":"https:\/\/cutismedical.com\/shop\/maaratlemata\/promoitalia-nucleofill-20-1-unit-x-1-5ml-pdrn-polynucleotides\/"},"modified":"2025-01-09T18:11:42","modified_gmt":"2025-01-09T16:11:42","slug":"promoitalia-nucleofill-20-1-unit-x-1-5ml-pdrn-polynucleotides","status":"publish","type":"product","link":"https:\/\/cutismedical.shop\/et\/shop-es\/mesoteraapia-et\/promoitalia-nucleofill-20-1-unit-x-1-5ml-pdrn-polynucleotides\/","title":{"rendered":"Promoitalia. Nucleofill 20 (1 \u00fchik x 1,5 ml) | PDRN | Pol\u00fcnukleotiidid"},"content":{"rendered":"<p>See innovatiivne lahendus toimib vananemisvastase ravina, parandades naha elastsust ja tugevust ning ennetades kortsude teket. Selle murranguline omadus seisneb pol\u00fcnukleotiididel p\u00f5hineva bio-stimuleeriva tehnika kasutamises, mis k\u00e4ivitab t\u00f5husa ja ennetava rakkude uuenemise, soodustades fibroblastide teket ja kollageeni ning elastiini tootmist. Selle aktiveerimise tulemusena suureneb naha paksus ja tekib pinguldav toime. Nucleofill 20 pakub terviklikku nahahoolduslahendust, mis toetab tervet, nooruslikku ja s\u00e4ravat nahka.<\/p>\n<p><strong>Pakend sisaldab:<\/strong><\/p>\n<ul>\n<li>1 \u00fchik x 1,5 ml pakendis<\/li>\n<\/ul>\n<p><strong>Toote koostis:<\/strong><\/p>\n<ul>\n<li>20 mg\/ml pol\u00fcnukleotiide<\/li>\n<\/ul>\n<p><strong>Nucleofill 20 eelised:<\/strong><\/p>\n<ul>\n<li>Bioravitaliseerimine<\/li>\n<li>Loodud naha uuendamiseks ja bio-struktuurimuutmiseks<\/li>\n<li>Vananemisvastane ravi<\/li>\n<li>Aitab ennetada kortsude teket<\/li>\n<li>V\u00f5ib parandada naha elastsust ja tugevust<\/li>\n<\/ul>\n<p><strong>Kui kaua kestab tulemus?<\/strong><\/p>\n<p>Nucleofill 20 tulemused v\u00f5ivad kesta kuni 6\u201312 kuud, olenevalt individuaalsetest teguritest, nagu nahat\u00fc\u00fcp, elustiil ja vanus. P\u00e4rast Nucleofill 20 ravi v\u00f5ib nahk tunduda tugevamana ja omada noorendavat efekti.<\/p>\n<p><strong>Ainult v\u00e4lispidiseks kasutamiseks.<\/strong><\/p>\n<hr \/>\n<p>Promoitalia on 1994. aastal asutatud Itaalia meditsiinilise esteetika ettev\u00f5te. Promoitalial on suur kogemus meditsiinilise ilu valdkonnas, mis p\u00f5hineb teadmistel, uuendustel ja kaasatusel. Nad usuvad, et ilu on k\u00f5igile, ja nende eesm\u00e4rk on pidev tipptaseme poole p\u00fc\u00fcdlemine \u2014 alates disainist ja valemite v\u00e4ljat\u00f6\u00f6tamisest kuni uusimate teaduslike uuenduste uurimise ja rakendamiseni.<\/p>\n<p>Promoitalia on esteetika\u00e4ri teerajaja, pakkudes uusimaid lahendusi ja tagades parimad meetodid, tehnoloogiad ja teaduslikud lahendused. Nad pakuvad sihitud lahendusi k\u00f5igi iluvigade hooldamiseks. Muuhulgas pakuvad nad Nucleofill-sarja, mis on Promoitalia k\u00f5ige populaarsem naha noorendamise protseduuride sari, mis on loodud naha niisutamiseks ja elustamiseks.<\/p>\n<p>Ettev\u00f5ttes on tuntud meditsiinieksperdid ja nad j\u00e4tkavad laienemist, avades kontoreid kogu maailmas, kinnitades oma turuliidri positsiooni.<\/p>\n","protected":false},"excerpt":{"rendered":"<h4><span style=\"color: #ed1c24;\"><strong>Ei ole mu\u0308u\u0308giks ELis!<\/strong><\/span><\/h4>\n<p><strong>Nucleofill 20<\/strong> on bio-revitaliseeriv toode, mida iseloomustavad aktiivsed pol\u00fcnukleotiidid ja k\u00f5rge viskoossus, ning see on loodud naha uuendamiseks ja bio-struktuurimuutmiseks.<\/p>\n","protected":false},"featured_media":44332,"template":"","meta":{"_seopress_robots_primary_cat":"none","_seopress_titles_title":"","_seopress_titles_desc":"","_seopress_robots_index":""},"item":[1194],"product_cat":[155,2345],"product_tag":[],"class_list":{"0":"post-44334","1":"product","2":"type-product","3":"status-publish","4":"has-post-thumbnail","6":"item-promoitalia-et-2","7":"product_cat-mesoteraapia-et","8":"product_cat-kosmetseutika","10":"first","11":"instock","12":"taxable","13":"shipping-taxable","14":"purchasable","15":"product-type-simple"},"_links":{"self":[{"href":"https:\/\/cutismedical.shop\/et\/wp-json\/wp\/v2\/product\/44334","targetHints":{"allow":["GET"]}}],"collection":[{"href":"https:\/\/cutismedical.shop\/et\/wp-json\/wp\/v2\/product"}],"about":[{"href":"https:\/\/cutismedical.shop\/et\/wp-json\/wp\/v2\/types\/product"}],"wp:featuredmedia":[{"embeddable":true,"href":"https:\/\/cutismedical.shop\/et\/wp-json\/wp\/v2\/media\/44332"}],"wp:attachment":[{"href":"https:\/\/cutismedical.shop\/et\/wp-json\/wp\/v2\/media?parent=44334"}],"wp:term":[{"taxonomy":"item","embeddable":true,"href":"https:\/\/cutismedical.shop\/et\/wp-json\/wp\/v2\/item?post=44334"},{"taxonomy":"product_cat","embeddable":true,"href":"https:\/\/cutismedical.shop\/et\/wp-json\/wp\/v2\/product_cat?post=44334"},{"taxonomy":"product_tag","embeddable":true,"href":"https:\/\/cutismedical.shop\/et\/wp-json\/wp\/v2\/product_tag?post=44334"}],"curies":[{"name":"wp","href":"https:\/\/api.w.org\/{rel}","templated":true}]}}