{"id":44312,"date":"2024-09-10T17:04:23","date_gmt":"2024-09-10T15:04:23","guid":{"rendered":"https:\/\/cutismedical.com\/shop\/maaratlemata\/promoitalia-nucleofill-eyes-1-unit-x-2ml-pdrn-polynucleotides\/"},"modified":"2025-01-09T18:10:27","modified_gmt":"2025-01-09T16:10:27","slug":"promoitalia-nucleofill-eyes-1-unit-x-2ml-pdrn-polynucleotides","status":"publish","type":"product","link":"https:\/\/cutismedical.shop\/et\/shop-es\/kosmetseutika\/promoitalia-nucleofill-eyes-1-unit-x-2ml-pdrn-polynucleotides\/","title":{"rendered":"Promoitalia. Nucleofill Eyes (1 \u00fchik x 2 ml) | PDRN | Pol\u00fcnukleotiidid"},"content":{"rendered":"<p>Nucleofill Eyes suudab k\u00f5rvaldada vabad radikaalid ja luua fibroblastide kasvuks optimaalsed tingimused, taastades naha elastsuse silma\u00fcmbruse piirkonnas. See ainulaadne l\u00e4henemisviis naha biostimulatsioonile muudab Nucleofill Eyes uuenduslikuks tasakaalustatud nahahoolduse lahenduseks, pakkudes mitmek\u00fclgset v\u00f5imalust naha eluj\u00f5ulisuse ja nooruslikkuse parandamiseks. Nucleofill Eyes on oluline osa t\u00e4iustatud silmahooldusest, v\u00e4rskendades ja noorendades silmaalust piirkonda, ilma et see lisaks liigset mahtu v\u00f5i p\u00f5hjustaks turseid.<\/p>\n<p><strong>Pakend sisaldab:<\/strong><\/p>\n<ul>\n<li>1 \u00fchik x 2 ml pakendis<\/li>\n<\/ul>\n<p><strong>Toote koostis:<\/strong><\/p>\n<ul>\n<li>7,5 mg\/ml pol\u00fcnukleotiide<\/li>\n<\/ul>\n<p><strong>Nucleofill Eyes eelised:<\/strong><\/p>\n<ul>\n<li>Annab pinguldava, niisutava ja antioks\u00fcdantse toime<\/li>\n<li>V\u00f5ib taastada naha elastsuse silma\u00fcmbruse piirkonnas<\/li>\n<li>Parandab naha eluj\u00f5ulisust ja nooruslikkust<\/li>\n<li>Aitab v\u00e4rskendada silmaalust piirkonda<\/li>\n<\/ul>\n<p><strong>Kui kaua kestab tulemus?<\/strong><\/p>\n<p>Nucleofill Eyes tulemused v\u00f5ivad kesta kuni 6\u201312 kuud, s\u00f5ltuvalt individuaalsetest teguritest, nagu nahat\u00fc\u00fcp, elustiil ja vanus. Ravi Nucleofill Eyes&#8217;iga v\u00f5ib t\u00f5husalt noorendada silmaalust piirkonda, j\u00e4ttes selle v\u00e4rskemaks ja nooruslikumaks, ilma liigse mahu v\u00f5i turseta.<\/p>\n<p><strong>Ainult v\u00e4lispidiseks kasutamiseks.<\/strong><\/p>\n<hr \/>\n<p>Promoitalia on 1994. aastal asutatud Itaalia meditsiinilise esteetika ettev\u00f5te. Promoitalial on suur kogemus meditsiinilise ilu valdkonnas, mis p\u00f5hineb teadmistel, uuendustel ja kaasatusel. Nad usuvad, et ilu on k\u00f5igile ja nende siht on pidev p\u00fc\u00fcdlus tipptaseme poole \u2014 alates disainist ja valemite v\u00e4ljat\u00f6\u00f6tamisest kuni uusimate teaduslike uuenduste uurimise ja rakendamiseni.<\/p>\n<p>Promoitalia on esteetika\u00e4ri teerajaja, pakkudes uusimaid lahendusi ja tagades parimad meetodid, tehnoloogiad ja teaduslikud lahendused. Nad pakuvad sihitud lahendusi k\u00f5igi iluvigade hooldamiseks. Muuhulgas pakuvad nad Nucleofill&#8217;i, mis on Promoitalia k\u00f5ige populaarsem naha noorendamise protseduuride sari, mis on loodud naha niisutamiseks ja elustamiseks.<\/p>\n<p>Ettev\u00f5ttes on tuntud meditsiinieksperdid ja nad j\u00e4tkavad laienemist, avades kontoreid kogu maailmas, kinnitades oma turuliidri positsiooni.<\/p>\n","protected":false},"excerpt":{"rendered":"<h4><span style=\"color: #ed1c24;\"><strong>Ei ole mu\u0308u\u0308giks ELis!<\/strong><\/span><\/h4>\n<p><strong>Nucleofill Eyes<\/strong> toimib biostimulaatorina l\u00e4bi kolme peamise mehhanismi: pinguldav, niisutav ja antioks\u00fcdantne toime. See on loodud peente joonte, harakajalgade, tursete ja tumedate ringide raviks silma\u00fcmbruses.<\/p>\n","protected":false},"featured_media":44326,"template":"","meta":{"_seopress_robots_primary_cat":"none","_seopress_titles_title":"","_seopress_titles_desc":"","_seopress_robots_index":""},"item":[1194],"product_cat":[2345],"product_tag":[],"class_list":{"0":"post-44312","1":"product","2":"type-product","3":"status-publish","4":"has-post-thumbnail","6":"item-promoitalia-et-2","7":"product_cat-kosmetseutika","9":"first","10":"instock","11":"taxable","12":"shipping-taxable","13":"purchasable","14":"product-type-simple"},"_links":{"self":[{"href":"https:\/\/cutismedical.shop\/et\/wp-json\/wp\/v2\/product\/44312","targetHints":{"allow":["GET"]}}],"collection":[{"href":"https:\/\/cutismedical.shop\/et\/wp-json\/wp\/v2\/product"}],"about":[{"href":"https:\/\/cutismedical.shop\/et\/wp-json\/wp\/v2\/types\/product"}],"wp:featuredmedia":[{"embeddable":true,"href":"https:\/\/cutismedical.shop\/et\/wp-json\/wp\/v2\/media\/44326"}],"wp:attachment":[{"href":"https:\/\/cutismedical.shop\/et\/wp-json\/wp\/v2\/media?parent=44312"}],"wp:term":[{"taxonomy":"item","embeddable":true,"href":"https:\/\/cutismedical.shop\/et\/wp-json\/wp\/v2\/item?post=44312"},{"taxonomy":"product_cat","embeddable":true,"href":"https:\/\/cutismedical.shop\/et\/wp-json\/wp\/v2\/product_cat?post=44312"},{"taxonomy":"product_tag","embeddable":true,"href":"https:\/\/cutismedical.shop\/et\/wp-json\/wp\/v2\/product_tag?post=44312"}],"curies":[{"name":"wp","href":"https:\/\/api.w.org\/{rel}","templated":true}]}}