{"id":44260,"date":"2024-09-05T15:04:35","date_gmt":"2024-09-05T13:04:35","guid":{"rendered":"https:\/\/cutismedical.com\/shop\/maaratlemata\/toskani-myotec-eye-15-ml\/"},"modified":"2024-10-17T20:04:42","modified_gmt":"2024-10-17T18:04:42","slug":"toskani-myotec-eye-15-ml","status":"publish","type":"product","link":"https:\/\/cutismedical.shop\/et\/shop-es\/nahahooldus\/silmaumbruse-hooldus-et\/toskani-myotec-eye-15-ml\/","title":{"rendered":"Toskani. Myotec Eye 15 ml."},"content":{"rendered":"<p><strong>N\u00e4idustused<\/strong>: miimilised kortsud, tumedad silmaalused, tursed, longus silmalaud.<\/p>\n<p>Atset\u00fc\u00fclheksapeptiid-1 on peptiid, mille toime sarnaneb botuliintoksiinile. See toimib lokaalselt, blokeerides lihaste kokkut\u00f5mbeid, v\u00e4hendades seel\u00e4bi miimilisi kortse.<\/p>\n<ul>\n<li>Ultra-pinguldav efekt<\/li>\n<li>V\u00e4hendab miimilisi kortse<\/li>\n<li>\u00dclemise silmalau t\u00f5stmine<\/li>\n<li>V\u00e4hendab turseid ja tumedaid silmaaluseid<\/li>\n<\/ul>\n<p>Atset\u00fc\u00fclheksapeptiid-1, taimne kompleks (siidipuu + Siegesbeckia orientalis), soja- ja riisipeptiidide kompleks + SOD (superoksiidi dismutaas), sheav\u00f5i, kookos\u00f5li.<\/p>\n","protected":false},"excerpt":{"rendered":"<p>Professionaalne silmakontuuri kreem, mis sisaldab lihaskontraktsioone blokeerivat peptiidi.<\/p>\n","protected":false},"featured_media":44258,"template":"","meta":{"_seopress_robots_primary_cat":"none","_seopress_titles_title":"","_seopress_titles_desc":"","_seopress_robots_index":""},"item":[1206],"product_cat":[1813,1845,1910,1922,1849,1854],"product_tag":[],"class_list":{"0":"post-44260","1":"product","2":"type-product","3":"status-publish","4":"has-post-thumbnail","6":"item-toskanicosmetics-et-2","7":"product_cat-otstarve","8":"product_cat-silmaumbruse-hooldus","9":"product_cat-nahahooldus","10":"product_cat-silmaumbruse-hooldus-et","11":"product_cat-nahahooldus-nahatuubi-jargi","12":"product_cat-tundlik-nahk","14":"first","15":"instock","16":"taxable","17":"shipping-taxable","18":"purchasable","19":"product-type-simple"},"_links":{"self":[{"href":"https:\/\/cutismedical.shop\/et\/wp-json\/wp\/v2\/product\/44260","targetHints":{"allow":["GET"]}}],"collection":[{"href":"https:\/\/cutismedical.shop\/et\/wp-json\/wp\/v2\/product"}],"about":[{"href":"https:\/\/cutismedical.shop\/et\/wp-json\/wp\/v2\/types\/product"}],"wp:featuredmedia":[{"embeddable":true,"href":"https:\/\/cutismedical.shop\/et\/wp-json\/wp\/v2\/media\/44258"}],"wp:attachment":[{"href":"https:\/\/cutismedical.shop\/et\/wp-json\/wp\/v2\/media?parent=44260"}],"wp:term":[{"taxonomy":"item","embeddable":true,"href":"https:\/\/cutismedical.shop\/et\/wp-json\/wp\/v2\/item?post=44260"},{"taxonomy":"product_cat","embeddable":true,"href":"https:\/\/cutismedical.shop\/et\/wp-json\/wp\/v2\/product_cat?post=44260"},{"taxonomy":"product_tag","embeddable":true,"href":"https:\/\/cutismedical.shop\/et\/wp-json\/wp\/v2\/product_tag?post=44260"}],"curies":[{"name":"wp","href":"https:\/\/api.w.org\/{rel}","templated":true}]}}