{"id":44214,"date":"2024-09-04T12:59:35","date_gmt":"2024-09-04T10:59:35","guid":{"rendered":"https:\/\/cutismedical.com\/shop\/maaratlemata\/medisepte-sweet-lift-2ml-syringe\/"},"modified":"2024-10-17T22:05:41","modified_gmt":"2024-10-17T20:05:41","slug":"medisepte-sweet-lift-2ml-syringe","status":"publish","type":"product","link":"https:\/\/cutismedical.shop\/et\/shop-es\/mesoteraapia-et\/nagu-et\/medisepte-sweet-lift-2ml-syringe\/","title":{"rendered":"Medisepte | Sweet Lift (2 ml s\u00fcstal)"},"content":{"rendered":"<p>Valem \u00fchendab h\u00fcaluroonhappe ja trehaloosi, et pikendada selle toimet ja efektiivsust. Trehaloos aeglustab h\u00fcaluroonhappe ens\u00fcmaatilist lagunemist, pikendades dermoregeneratsiooni aega mitmeks n\u00e4dalaks. H\u00fcaluroonhappe mitmekesise molekulmassiga ja trehaloosi, \u00e4\u00e4rmiselt t\u00f5husa stabiliseeriva koostisosa, kombinatsioon tagab intensiivsema niisutava toime ja t\u00f5husama naha elavdamise. Lisaks kaitseb looduslik pol\u00fcsahhariid trehaloos oma antioks\u00fcdantsete omaduste t\u00f5ttu nahka vabade radikaalide ja oks\u00fcdatiivse stressi kahjustava m\u00f5ju eest. Koos h\u00fcaluroonhappega moodustab see spetsiifilise kaitsekihi, mis hoiab \u00e4ra eksogeense naha vananemise.<\/p>\n<p><strong>HOOLDUSE TULEMUSED:<\/strong><\/p>\n<ul>\n<li>naha intensiivne niisutamine,<\/li>\n<li>vanusega kadunud naha elastsuse taastamine,<\/li>\n<li>peente joonte ja kortsude v\u00e4henemine,<\/li>\n<li>naha rakkude kaitse keskkonnastressi ja oks\u00fcdatiivsete kahjustuste eest,<\/li>\n<li>nooruslikum ja s\u00e4ravam jume,<\/li>\n<li>siledam ja \u00fchtlasem naha tekstuur.<\/li>\n<\/ul>\n<p><strong>HOOLDUSTS\u00dcKLID:<\/strong><\/p>\n<ul>\n<li>Soovitatav on teha kaks protseduuri,<\/li>\n<li>\u00fchekuulise vahega, et saavutada optimaalne tulemus.<\/li>\n<\/ul>\n<p><strong>EKSKLUSIIVNE TUGEVA TOIMEGA S\u00dcSTAL:<\/strong><\/p>\n<p>SWEET LIFT (2 ml s\u00fcstal): HA 40 mg + Trehaloos 20 mg\/2 ml<\/p>\n","protected":false},"excerpt":{"rendered":"<p><span style=\"color: #ed1c24;\"><strong>Ei ole mu\u0308u\u0308giks ELis!<\/strong><\/span><\/p>\n<p>KOEPASTIMULAATOR PIKA TOIMEGA INTENSIIVSEKS NIISUTAMISEKS JA ELASTSUSE TAASTAMISEKS.<\/p>\n<p>Sweet Lift on koe stimulant, mis on loodud naha intensiivseks konditsioneerimiseks ja elavdamiseks.<\/p>\n","protected":false},"featured_media":44212,"template":"","meta":{"_seopress_robots_primary_cat":"none","_seopress_titles_title":"","_seopress_titles_desc":"","_seopress_robots_index":""},"item":[2279],"product_cat":[155,1188,1865,1866,1869],"product_tag":[],"class_list":{"0":"post-44214","1":"product","2":"type-product","3":"status-publish","4":"has-post-thumbnail","6":"item-medisepte-et","7":"product_cat-mesoteraapia-et","8":"product_cat-nagu-et","9":"product_cat-tugevdamine-naha-pinguldamine","10":"product_cat-liftingu-efekt-pinguldav-toime","11":"product_cat-naha-taastamine","13":"first","14":"instock","15":"taxable","16":"shipping-taxable","17":"purchasable","18":"product-type-simple"},"_links":{"self":[{"href":"https:\/\/cutismedical.shop\/et\/wp-json\/wp\/v2\/product\/44214","targetHints":{"allow":["GET"]}}],"collection":[{"href":"https:\/\/cutismedical.shop\/et\/wp-json\/wp\/v2\/product"}],"about":[{"href":"https:\/\/cutismedical.shop\/et\/wp-json\/wp\/v2\/types\/product"}],"wp:featuredmedia":[{"embeddable":true,"href":"https:\/\/cutismedical.shop\/et\/wp-json\/wp\/v2\/media\/44212"}],"wp:attachment":[{"href":"https:\/\/cutismedical.shop\/et\/wp-json\/wp\/v2\/media?parent=44214"}],"wp:term":[{"taxonomy":"item","embeddable":true,"href":"https:\/\/cutismedical.shop\/et\/wp-json\/wp\/v2\/item?post=44214"},{"taxonomy":"product_cat","embeddable":true,"href":"https:\/\/cutismedical.shop\/et\/wp-json\/wp\/v2\/product_cat?post=44214"},{"taxonomy":"product_tag","embeddable":true,"href":"https:\/\/cutismedical.shop\/et\/wp-json\/wp\/v2\/product_tag?post=44214"}],"curies":[{"name":"wp","href":"https:\/\/api.w.org\/{rel}","templated":true}]}}