{"id":44189,"date":"2024-09-03T15:05:29","date_gmt":"2024-09-03T13:05:29","guid":{"rendered":"https:\/\/cutismedical.com\/shop\/maaratlemata\/lxc-lacto-exo-colla-3-box-100mg-6ml\/"},"modified":"2024-10-17T22:14:01","modified_gmt":"2024-10-17T20:14:01","slug":"lxc-lacto-exo-colla-3-box-100mg-6ml","status":"publish","type":"product","link":"https:\/\/cutismedical.shop\/et\/shop-es\/mesoteraapia-et\/mesotherapy-for-eyes-et\/lxc-lacto-exo-colla-3-box-100mg-6ml\/","title":{"rendered":"LXC Lacto Exo Colla 3 karpi*(100 mg + 6 ml)"},"content":{"rendered":"<p>LXC Lacto Exo Colla n\u00e4itab m\u00e4rkimisv\u00e4\u00e4rset paranemist kortsude silumisel silmade \u00fcmber, naha niisutamisel, elastsuse ja tiheduse parandamisel patsientidel juba 4 n\u00e4dala p\u00e4rast. Sellel on muljetavaldavad vananemisvastased ja pigmendivastased omadused.<\/p>\n<p><strong>Kasutamise m\u00f5ju:<\/strong><\/p>\n<ul>\n<li>vananemisvastane toime<\/li>\n<li>naha regenereerimine<\/li>\n<li>pigmendivastane toime<\/li>\n<li>kortsude silumine<\/li>\n<li>naha tiheduse suurendamine<\/li>\n<li>naha elastsuse parandamine<\/li>\n<li>s\u00fcgav niisutus<\/li>\n<\/ul>\n<p>N\u00e4htavaid tulemusi on n\u00e4ha juba 4 n\u00e4dala p\u00e4rast. Kliinilised uuringud n\u00e4itavad m\u00e4rkimisv\u00e4\u00e4rset paranemist silma\u00fcmbruse kortsudes, naha niisutamises, elastsuses ja tiheduses ning pigmentatsiooni v\u00e4henemises patsientidel p\u00e4rast 4 n\u00e4dalat. Lactobacillus Exosome&#8217;il on muljetavaldavad vananemisvastased ja pigmendivastased omadused.<br \/>\nPeamised koostisosad:<\/p>\n<p>Lactobacillus&#8217;e eksosoomid \u2013 omavad tugevat nahka taastavat toimet ja pigmendivastaseid omadusi, v\u00e4hendavad kortse ja suurendavad naha tihedust.<\/p>\n<p>Panax Ginseng Callus \u2013 punase \u017een\u0161enni ekstrakt stimuleerib oma kollageeni tootmist, uuendab nahka, taastab, omab bakteritsiidset toimet ja kaitseb UV-kiirte eest.<\/p>\n<p>Exosome Cica \u2013 regenereerib naharakke, omab antibakteriaalseid ja p\u00f5letikuvastaseid omadusi, ravib nahahaavu, suurendab naha elastsust ja ennetab vananemist.<\/p>\n<p>H-PDRN \u2013 niisutab s\u00fcgavalt ja taastab kahjustatud nahka. See on ehitusmaterjal kahjustatud DNA parandamiseks vananevates naharakkudes. P\u00e4rast protseduuri hakkavad fibroblastide rakud aktiivselt tootma uut kollageeni ja elastiini, mis suurendab naha elastsust ja v\u00e4hendab kortse. Tugevdab naha antioks\u00fcdantset barj\u00e4\u00e4ri.<\/p>\n<p>Kasvufaktorid: Atelokollageen, h\u00fcdrol\u00fc\u00fcsitud kollageen, 7 aminohappe peptiidi \u2013 stimuleerivad kollageeni ja elastiini s\u00fcnteesi, niisutavad (2 korda t\u00f5husam kui h\u00fcaluroonhape), suurendavad elastsust ja ennetavad naha l\u00f5tvumist.<\/p>\n<p><strong>Pakend:<\/strong><\/p>\n<ul>\n<li>1 viaal x 100 mg nr 1 Eksosoomid (liofiliseeritud viaal)<\/li>\n<li>1 viaal x 6 ml nr 2 PDRN + Kollageen + Peptiidid (lahusti viaal)<\/li>\n<\/ul>\n<p><em>Toode ainult professionaalseks kasutamiseks.<\/em><\/p>\n","protected":false},"excerpt":{"rendered":"<p><span style=\"color: #ed1c24;\"><strong>Ei ole mu\u0308u\u0308giks ELis!<\/strong><\/span><\/p>\n<p>LXC Lacto Exo Colla on viienda p\u00f5lvkonna eksosoomiline naha tugevdaja. See kasutab eksosoome (peamine toimeaine), nahale kasulikke piimhappebaktereid ja kahte taimestemmirakkude kultuuri, samuti tehnoloogiat, mis suurendab toimeainete imendumist l\u00e4bi naha eksosoomsete nanoosakeste abil. Lisaks sisaldab see k\u00f5rgelt puhastatud PDRN-i ja 7 peptiidi.<\/p>\n","protected":false},"featured_media":44186,"template":"","meta":{"_seopress_robots_primary_cat":"none","_seopress_titles_title":"","_seopress_titles_desc":"","_seopress_robots_index":""},"item":[2285],"product_cat":[155,2297,1188,1122,1864,1865,1866,1867,1870],"product_tag":[],"class_list":{"0":"post-44189","1":"product","2":"type-product","3":"status-publish","4":"has-post-thumbnail","6":"item-lxc-lacto-exo-colla-et","7":"product_cat-mesoteraapia-et","8":"product_cat-eksosoomid","9":"product_cat-nagu-et","10":"product_cat-mesotherapy-for-eyes-et","11":"product_cat-antioksudandid","12":"product_cat-tugevdamine-naha-pinguldamine","13":"product_cat-liftingu-efekt-pinguldav-toime","14":"product_cat-post-akne-et","15":"product_cat-pigmentatsioon","17":"first","18":"instock","19":"taxable","20":"shipping-taxable","21":"purchasable","22":"product-type-simple"},"_links":{"self":[{"href":"https:\/\/cutismedical.shop\/et\/wp-json\/wp\/v2\/product\/44189","targetHints":{"allow":["GET"]}}],"collection":[{"href":"https:\/\/cutismedical.shop\/et\/wp-json\/wp\/v2\/product"}],"about":[{"href":"https:\/\/cutismedical.shop\/et\/wp-json\/wp\/v2\/types\/product"}],"wp:featuredmedia":[{"embeddable":true,"href":"https:\/\/cutismedical.shop\/et\/wp-json\/wp\/v2\/media\/44186"}],"wp:attachment":[{"href":"https:\/\/cutismedical.shop\/et\/wp-json\/wp\/v2\/media?parent=44189"}],"wp:term":[{"taxonomy":"item","embeddable":true,"href":"https:\/\/cutismedical.shop\/et\/wp-json\/wp\/v2\/item?post=44189"},{"taxonomy":"product_cat","embeddable":true,"href":"https:\/\/cutismedical.shop\/et\/wp-json\/wp\/v2\/product_cat?post=44189"},{"taxonomy":"product_tag","embeddable":true,"href":"https:\/\/cutismedical.shop\/et\/wp-json\/wp\/v2\/product_tag?post=44189"}],"curies":[{"name":"wp","href":"https:\/\/api.w.org\/{rel}","templated":true}]}}