{"id":44024,"date":"2024-08-28T15:48:26","date_gmt":"2024-08-28T13:48:26","guid":{"rendered":"https:\/\/cutismedical.com\/shop\/maaratlemata\/medisepte-geo-lifting-v-soft-5-vial-h-10ml\/"},"modified":"2024-10-17T22:23:18","modified_gmt":"2024-10-17T20:23:18","slug":"medisepte-geo-lifting-v-soft-5-vial-h-10ml","status":"publish","type":"product","link":"https:\/\/cutismedical.shop\/et\/shop-es\/mesoteraapia-et\/nagu-et\/medisepte-geo-lifting-v-soft-5-vial-h-10ml\/","title":{"rendered":"Medisepte | Geo-Lifting V Soft (5 viaali x 10 ml)"},"content":{"rendered":"<p>GEO-LIFTING V Soft on pehmem versioon populaarseimast GEO-LIFTING V ravist, mis on loodud l\u00f5tvunud naha elastsuse ja tugevuse taastamiseks. Madala- ja k\u00f5rgmolekulaarse h\u00fcaluroonhappe v\u00f5imas kombinatsioon taastab rakuv\u00e4lise maatriksi, luues optimaalse keskkonna fibroblastide stimuleerimiseks ning naha s\u00fcgavaks revitaliseerimiseks. H\u00fcaluroonhappe looduslike puuduj\u00e4\u00e4kide taastamine annab kohese tulemuse naha tugevuse ja tooni paranemises ning annab n\u00e4ole puhanud ja s\u00e4rava v\u00e4limuse.<\/p>\n<p>Valem on ideaalne t\u00e4iendus ravile ja toetab nahka piirkondades, mida GEO-LIFTING V ravi ei h\u00f5lma.<\/p>\n<p><strong>RAVI TULEMUSED:<\/strong><\/p>\n<ul>\n<li>n\u00e4o \u00f5ige geomeetria taastamine,<\/li>\n<li>proportsioonide taastamine,<\/li>\n<li>n\u00e4ojoonte modelleerimine ja tugev fibroblastide aktiveerimine,<\/li>\n<li>naha niisutamise parandamine,<\/li>\n<li>tugev nahka uuendav toime,<\/li>\n<li>l\u00f5tvunud naha ennetamine.<\/li>\n<\/ul>\n<p><strong>RAVIKUUR:<\/strong><\/p>\n<p>2 protseduuri \u2013 teostada 2-3 protseduuri seeriana, 4 n\u00e4dala j\u00e4rel.<\/p>\n<p><strong>MESO SOFT VERSIOON:<\/strong><\/p>\n<p><em>GEO LIFTING V SOFT (10 ml viaal):<\/em><\/p>\n<ul>\n<li>8 mg (H-HA) k\u00f5rgmolekulaarset h\u00fcaluroonhapet,<\/li>\n<li>8 mg (L-HA) madalmolekulaarset h\u00fcaluroonhapet\/ml.<\/li>\n<\/ul>\n","protected":false},"excerpt":{"rendered":"<div><span style=\"color: #ed1c24;\"><strong>Ei ole mu\u0308u\u0308giks ELis!<\/strong><\/span><\/div>\n<div>\n<p>GEO-LIFTING V SOFT T\u00c4IUSTATUD VALEM NAHA TAASTAMISEKS JA BIO-MUDELEERIMISEKS.<\/p>\n<p>H\u00fcaluroonhape kahe erineva molekulmassiga \u2013 L-HA ja H-HA.<\/p>\n<\/div>\n","protected":false},"featured_media":44022,"template":"","meta":{"_seopress_robots_primary_cat":"none","_seopress_titles_title":"","_seopress_titles_desc":"","_seopress_robots_index":""},"item":[2279],"product_cat":[155,1188,1865,1866,1869,315],"product_tag":[],"class_list":{"0":"post-44024","1":"product","2":"type-product","3":"status-publish","4":"has-post-thumbnail","6":"item-medisepte-et","7":"product_cat-mesoteraapia-et","8":"product_cat-nagu-et","9":"product_cat-tugevdamine-naha-pinguldamine","10":"product_cat-liftingu-efekt-pinguldav-toime","11":"product_cat-naha-taastamine","12":"product_cat-biorevitalisant-et","14":"first","15":"instock","16":"taxable","17":"shipping-taxable","18":"purchasable","19":"product-type-simple"},"_links":{"self":[{"href":"https:\/\/cutismedical.shop\/et\/wp-json\/wp\/v2\/product\/44024","targetHints":{"allow":["GET"]}}],"collection":[{"href":"https:\/\/cutismedical.shop\/et\/wp-json\/wp\/v2\/product"}],"about":[{"href":"https:\/\/cutismedical.shop\/et\/wp-json\/wp\/v2\/types\/product"}],"wp:featuredmedia":[{"embeddable":true,"href":"https:\/\/cutismedical.shop\/et\/wp-json\/wp\/v2\/media\/44022"}],"wp:attachment":[{"href":"https:\/\/cutismedical.shop\/et\/wp-json\/wp\/v2\/media?parent=44024"}],"wp:term":[{"taxonomy":"item","embeddable":true,"href":"https:\/\/cutismedical.shop\/et\/wp-json\/wp\/v2\/item?post=44024"},{"taxonomy":"product_cat","embeddable":true,"href":"https:\/\/cutismedical.shop\/et\/wp-json\/wp\/v2\/product_cat?post=44024"},{"taxonomy":"product_tag","embeddable":true,"href":"https:\/\/cutismedical.shop\/et\/wp-json\/wp\/v2\/product_tag?post=44024"}],"curies":[{"name":"wp","href":"https:\/\/api.w.org\/{rel}","templated":true}]}}