{"id":43988,"date":"2024-08-23T12:51:44","date_gmt":"2024-08-23T10:51:44","guid":{"rendered":"https:\/\/cutismedical.com\/shop\/maaratlemata\/medisepte-amber-gold-1-syringe-x-2ml\/"},"modified":"2024-10-17T22:29:02","modified_gmt":"2024-10-17T20:29:02","slug":"medisepte-amber-gold-1-syringe-x-2ml","status":"publish","type":"product","link":"https:\/\/cutismedical.shop\/et\/shop-es\/mesoteraapia-et\/nagu-et\/medisepte-amber-gold-1-syringe-x-2ml\/","title":{"rendered":"Medisepte | Amber Gold (1 s\u00fcstal x 2 ml)"},"content":{"rendered":"<p>AMBER GOLD erakordne t\u00f5husus tuleneb preparaadi innovatiivsest koostisest, mis sisaldab suures kontsentratsioonis merevaikhapet ja biorevitaliseerivate omadustega madala molekulmassiga h\u00fcaluroonhapet. T\u00e4nu komponentide s\u00fcnergilisele ja v\u00f5tmekombinatsioonile saavutatakse mitmetahuline toime, mis h\u00f5lmab kudede samaaegset stimuleerimist, biorevitaliseerimist ja redermaliseerimist. Merevaikhape osaleb biokeemilistes reaktsioonides, mis viivad rakuenergia (ATP) tekkeni, mis on vajalik rakkude n\u00f5uetekohaseks toimimiseks. Suurendades mitokondrite aktiivsust ja autoregeneratsiooniprotsesside kiirust, intensiivistab merevaikhape kollageeni ja elastiini s\u00fcnteesi, takistab gl\u00fckatsiooni ja lipiidide peroks\u00fcdatsiooni.<\/p>\n<p>Preparaadi koostist t\u00e4iendab h\u00fcaluroonhape, mis taastab rakuv\u00e4lise maatriksi ja loob optimaalse keskkonna rakkude integreerimiseks.<\/p>\n<p>Vol\u00fc\u00fcmi ja silendamise m\u00f5ju tuleneb h\u00fcaluroonhappe k\u00f5rgest sisaldusest ja selle v\u00f5imest niisutada ning vett siduda. AMBER GOLD toimib k\u00f5igi naha vananemise p\u00f5hjuste vastu, tagades kiire ja loomuliku noorendava tulemuse.<\/p>\n<p><strong>M\u00d5JUD:<\/strong><\/p>\n<ul>\n<li>k\u00fcpse ja kuiva naha noorendamine,<\/li>\n<li>lifting ja toonuse parandamine,<\/li>\n<li>kollageenikiudude kasv,<\/li>\n<li>kudede stimuleerimine,<\/li>\n<li>naha tooni parandamine,<\/li>\n<li>m\u00f5eldud n\u00e4ole, kaelale ja dekolteele.<\/li>\n<\/ul>\n<p><strong>RAVIKUUR:<\/strong><\/p>\n<p>Amber Gold tuleb l\u00e4bi viia 4 protseduurist koosneva seeriana, protseduuride vahe 2-4 n\u00e4dalat.<\/p>\n<p><strong>EKSKLUSIIVNE TUGEV S\u00dcSTAL:<\/strong><\/p>\n<p>AMBER GOLD (s\u00fcstal 2 ml): HA 40 mg + merevaikhape 30 mg\/2 ml<\/p>\n","protected":false},"excerpt":{"rendered":"<p><span style=\"color: #ed1c24;\"><strong>Ei ole mu\u0308u\u0308giks ELis!<\/strong><\/span><\/p>\n<p>Merevaikhape + HA + peptiidikompleks.<\/p>\n<p>AMBER GOLD on koe redermaliseerija, mis p\u00f5hineb esteetilises meditsiinis kasutatavate tugevate stimuleerivate ja biorevitaliseerivate ainete h\u00fcbriidkombinatsioonil.<\/p>\n","protected":false},"featured_media":43986,"template":"","meta":{"_seopress_robots_primary_cat":"none","_seopress_titles_title":"","_seopress_titles_desc":"","_seopress_robots_index":""},"item":[2279],"product_cat":[155,1188,1864,1865,1866,1869,315],"product_tag":[],"class_list":{"0":"post-43988","1":"product","2":"type-product","3":"status-publish","4":"has-post-thumbnail","6":"item-medisepte-et","7":"product_cat-mesoteraapia-et","8":"product_cat-nagu-et","9":"product_cat-antioksudandid","10":"product_cat-tugevdamine-naha-pinguldamine","11":"product_cat-liftingu-efekt-pinguldav-toime","12":"product_cat-naha-taastamine","13":"product_cat-biorevitalisant-et","15":"first","16":"instock","17":"taxable","18":"shipping-taxable","19":"purchasable","20":"product-type-simple"},"_links":{"self":[{"href":"https:\/\/cutismedical.shop\/et\/wp-json\/wp\/v2\/product\/43988","targetHints":{"allow":["GET"]}}],"collection":[{"href":"https:\/\/cutismedical.shop\/et\/wp-json\/wp\/v2\/product"}],"about":[{"href":"https:\/\/cutismedical.shop\/et\/wp-json\/wp\/v2\/types\/product"}],"wp:featuredmedia":[{"embeddable":true,"href":"https:\/\/cutismedical.shop\/et\/wp-json\/wp\/v2\/media\/43986"}],"wp:attachment":[{"href":"https:\/\/cutismedical.shop\/et\/wp-json\/wp\/v2\/media?parent=43988"}],"wp:term":[{"taxonomy":"item","embeddable":true,"href":"https:\/\/cutismedical.shop\/et\/wp-json\/wp\/v2\/item?post=43988"},{"taxonomy":"product_cat","embeddable":true,"href":"https:\/\/cutismedical.shop\/et\/wp-json\/wp\/v2\/product_cat?post=43988"},{"taxonomy":"product_tag","embeddable":true,"href":"https:\/\/cutismedical.shop\/et\/wp-json\/wp\/v2\/product_tag?post=43988"}],"curies":[{"name":"wp","href":"https:\/\/api.w.org\/{rel}","templated":true}]}}