{"id":43969,"date":"2024-08-21T15:27:36","date_gmt":"2024-08-21T13:27:36","guid":{"rendered":"https:\/\/cutismedical.com\/shop\/maaratlemata\/jalupro-young-eye-1pcs-1ml\/"},"modified":"2024-10-17T22:34:40","modified_gmt":"2024-10-17T20:34:40","slug":"jalupro-young-eye-1pcs-1ml","status":"publish","type":"product","link":"https:\/\/cutismedical.shop\/et\/shop-es\/fillerid-et\/jalupro-young-eye-1pcs-1ml\/","title":{"rendered":"Jalupro. Young Eye (1 tk * 1 ml)"},"content":{"rendered":"<p>T\u00e4nu uusimale biotehnoloogiale tugevdab Jalupro Young Eye silmade \u00fcmbruse sidekude, parandab elastsust ja pakub nahale s\u00fcgavat niisutust. Tulemusena on nahk nooruslikum ja v\u00e4rskem. Seda saab kasutada nii iseseisva hooldusena kui ka koos teiste protseduuridega, n\u00e4iteks koorimiste, laserravi ja dermabrasiooniga, l\u00fchendades agressiivsete protseduuride j\u00e4relravi perioodi kuni 40%. See teeb Jalupro Young Eye&#8217;st mitmek\u00fclgse lahenduse silma\u00fcmbruse noorendamiseks.<\/p>\n<p><strong>Pakend koosneb:<\/strong><\/p>\n<ul>\n<li>1 eelt\u00e4idetud s\u00fcstal mahuga 1 ml<\/li>\n<\/ul>\n<p><strong>Toote koostis:<\/strong><\/p>\n<ul>\n<li>Naatriumh\u00fcaluronaat<\/li>\n<li>Gl\u00fctsiin<\/li>\n<li>Peptiidid: L-proliin, L-leutsiin, L-l\u00fcsiin HCL, L-alaniin, L-valiini, L-arginiin HCL<\/li>\n<li>Aminohapped: Atset\u00fc\u00fcl dekapepdiid 3, Oligopeptiid 24, Atset\u00fc\u00fcl tetrapeptiid 5, Fosfaatpuhver<\/li>\n<li>S\u00fcstelahuse vesi<\/li>\n<\/ul>\n<p><strong>Jalupro Young Eye eelised:<\/strong><\/p>\n<ul>\n<li>Tugevdab silmade \u00fcmbruse sidekude<\/li>\n<li>Ravib levinud naha vananemise m\u00e4rke<\/li>\n<li>Saab kasutada iseseisva hooldusena v\u00f5i koos teiste teraapiatega<\/li>\n<\/ul>\n<p><strong>Tulemused ja n\u00e4idustused:<\/strong> Jalupro Young Eye tuleks s\u00fcstida dermise s\u00fcgavasse kihti. Soovitatav on teha 4-6 protseduuri kord n\u00e4dalas. Tootja soovitab kasutada 30G n\u00f5elu. Toodet saab kasutada koos koorimiste ja laserraviga.<\/p>\n","protected":false},"excerpt":{"rendered":"<p><span style=\"color: #ed1c24;\"><strong>Ei ole mu\u0308u\u0308giks ELis!<\/strong><\/span><\/p>\n<p>Jalupro Young Eye on k\u00f5rgelt efektiivne dermalihooldusvahend, mis on m\u00f5eldud silmaaluse piirkonna noorendamiseks. Professional Derma SA poolt v\u00e4lja t\u00f6\u00f6tatud toode \u00fchendab endas kahte t\u00fc\u00fcpi h\u00fcaluroonhapet, kolme peptiidi ja seitset aminohapet, et kompleksne hooldus saaks l\u00e4bi viidud uusima biotehnoloogia abil. See toode aitab efektiivselt v\u00e4hendada vananemise m\u00e4rke, sealhulgas peri-orbitaalseid kortse, \u201ekanavarbaid\u201c, tumedaid ringe, silmaaluseid kotte ja turseid.<\/p>\n","protected":false},"featured_media":43967,"template":"","meta":{"_seopress_robots_primary_cat":"none","_seopress_titles_title":"","_seopress_titles_desc":"","_seopress_robots_index":""},"item":[1762],"product_cat":[154],"product_tag":[],"class_list":{"0":"post-43969","1":"product","2":"type-product","3":"status-publish","4":"has-post-thumbnail","6":"item-jalupro-et","7":"product_cat-fillerid-et","9":"first","10":"instock","11":"taxable","12":"shipping-taxable","13":"purchasable","14":"product-type-simple"},"_links":{"self":[{"href":"https:\/\/cutismedical.shop\/et\/wp-json\/wp\/v2\/product\/43969","targetHints":{"allow":["GET"]}}],"collection":[{"href":"https:\/\/cutismedical.shop\/et\/wp-json\/wp\/v2\/product"}],"about":[{"href":"https:\/\/cutismedical.shop\/et\/wp-json\/wp\/v2\/types\/product"}],"wp:featuredmedia":[{"embeddable":true,"href":"https:\/\/cutismedical.shop\/et\/wp-json\/wp\/v2\/media\/43967"}],"wp:attachment":[{"href":"https:\/\/cutismedical.shop\/et\/wp-json\/wp\/v2\/media?parent=43969"}],"wp:term":[{"taxonomy":"item","embeddable":true,"href":"https:\/\/cutismedical.shop\/et\/wp-json\/wp\/v2\/item?post=43969"},{"taxonomy":"product_cat","embeddable":true,"href":"https:\/\/cutismedical.shop\/et\/wp-json\/wp\/v2\/product_cat?post=43969"},{"taxonomy":"product_tag","embeddable":true,"href":"https:\/\/cutismedical.shop\/et\/wp-json\/wp\/v2\/product_tag?post=43969"}],"curies":[{"name":"wp","href":"https:\/\/api.w.org\/{rel}","templated":true}]}}