{"id":43901,"date":"2024-08-09T16:44:10","date_gmt":"2024-08-09T14:44:10","guid":{"rendered":"https:\/\/cutismedical.com\/shop\/maaratlemata\/dejale-filler-1pc-2ml-3-packs\/"},"modified":"2024-10-17T22:44:28","modified_gmt":"2024-10-17T20:44:28","slug":"dejale-filler-1pc-2ml-3-packs","status":"publish","type":"product","link":"https:\/\/cutismedical.shop\/et\/shop-es\/fillerid-et\/dejale-filler-1pc-2ml-3-packs\/","title":{"rendered":"Dejale Filler (1 tk*2 ml.) | 3 pakki"},"content":{"rendered":"<p><strong>KOOSTIS<\/strong>:<\/p>\n<ul>\n<li>\u00dcks s\u00fcstal sisaldab 2,0 ml p\u00fcrogeensest vabast geelist, steriliseeritud niiske kuumusega.<\/li>\n<li>HA maksimaalne puhtusaste 40 mg\/2 ml.<\/li>\n<li>Molekulmass ligikaudu 1,6 miljonit daltonit.<\/li>\n<li>\u00dcks s\u00fcstal.<\/li>\n<li>Kaks steriilset \u00fchekordset 30G 1\/6&#8243; s\u00fcstlan\u00f5ela, m\u00f5eldud s\u00fcstimiseks.<\/li>\n<li>Infoleht.<\/li>\n<\/ul>\n<p><strong>N\u00c4IDUSTUSED<\/strong>: N\u00e4idustatud naha vananemise f\u00fcsioloogilise protsessi korral, mille m\u00f5jud h\u00f5lmavad:<\/p>\n<ul>\n<li>Sarvkihi paksenemine (naha karedus ja v\u00e4hem s\u00e4ra, v\u00e4rvimuutused), ja muutused dermises (kortsud).<\/li>\n<li>Dermi kudede taastamise protsessis.<\/li>\n<li>Armi moodustumise korral p\u00e4rast pindmisi nahatraumasid (nt aknearmid ja venitusarmid).<\/li>\n<\/ul>\n<p><strong>See ravi v\u00f5ib rakendada n\u00e4ole ja muudele kehaosadele, mida soovite ravida. Ravi eesm\u00e4rk on<\/strong>:<\/p>\n<ul>\n<li>Parandada naha niisutust.<\/li>\n<li>Parandada naha elastsust ja tugevust.<\/li>\n<\/ul>\n<p><strong>PROTOKOLL<\/strong>:<\/p>\n<ul>\n<li>\u00dcks seanss iga 7-15 p\u00e4eva j\u00e4rel v\u00f5i kord kuus, s\u00f5ltuvalt naha vananemisest.<\/li>\n<li>6 kuni 10 seanssi aastas, mida tuleks igal aastal korrata.<\/li>\n<\/ul>\n<p><strong>DOOSIMINE<\/strong>:<\/p>\n<ul>\n<li>1-2 s\u00fcstalt \u00fche raviseansi jaoks, iga s\u00fcst 0,1-0,05 ml.<\/li>\n<\/ul>\n","protected":false},"excerpt":{"rendered":"<h4><span style=\"color: #ed1c24;\"><strong>Ei ole mu\u0308u\u0308giks ELis!<\/strong><\/span><\/h4>\n<p><strong>Dejale 40 mg<\/strong> on biostimulaator, mis p\u00f5hineb keskmise-k\u00f5rge molekulmassiga h\u00fcaluroonhappel (1,2-1,8 x 10 daltonit), toodetud Streptococcus equi bakterite abil, kontsentratsiooniga 40 mg\/2 ml f\u00fcsioloogilises puhverlahuses, steriilne, biolagunev ja isotooniline.<\/p>\n","protected":false},"featured_media":43899,"template":"","meta":{"_seopress_robots_primary_cat":"none","_seopress_titles_title":"","_seopress_titles_desc":"","_seopress_robots_index":""},"item":[2270],"product_cat":[154],"product_tag":[],"class_list":{"0":"post-43901","1":"product","2":"type-product","3":"status-publish","4":"has-post-thumbnail","6":"item-dejale-et","7":"product_cat-fillerid-et","9":"first","10":"instock","11":"taxable","12":"shipping-taxable","13":"purchasable","14":"product-type-simple"},"_links":{"self":[{"href":"https:\/\/cutismedical.shop\/et\/wp-json\/wp\/v2\/product\/43901","targetHints":{"allow":["GET"]}}],"collection":[{"href":"https:\/\/cutismedical.shop\/et\/wp-json\/wp\/v2\/product"}],"about":[{"href":"https:\/\/cutismedical.shop\/et\/wp-json\/wp\/v2\/types\/product"}],"wp:featuredmedia":[{"embeddable":true,"href":"https:\/\/cutismedical.shop\/et\/wp-json\/wp\/v2\/media\/43899"}],"wp:attachment":[{"href":"https:\/\/cutismedical.shop\/et\/wp-json\/wp\/v2\/media?parent=43901"}],"wp:term":[{"taxonomy":"item","embeddable":true,"href":"https:\/\/cutismedical.shop\/et\/wp-json\/wp\/v2\/item?post=43901"},{"taxonomy":"product_cat","embeddable":true,"href":"https:\/\/cutismedical.shop\/et\/wp-json\/wp\/v2\/product_cat?post=43901"},{"taxonomy":"product_tag","embeddable":true,"href":"https:\/\/cutismedical.shop\/et\/wp-json\/wp\/v2\/product_tag?post=43901"}],"curies":[{"name":"wp","href":"https:\/\/api.w.org\/{rel}","templated":true}]}}