{"id":43860,"date":"2024-08-05T22:28:19","date_gmt":"2024-08-05T20:28:19","guid":{"rendered":"https:\/\/cutismedical.com\/shop\/maaratlemata\/dives-med-sha-3pc-6ml\/"},"modified":"2024-10-17T22:46:50","modified_gmt":"2024-10-17T20:46:50","slug":"dives-med-sha-3pc-6ml","status":"publish","type":"product","link":"https:\/\/cutismedical.shop\/et\/shop-es\/biorevitalisant-et\/dives-med-sha-3pc-6ml\/","title":{"rendered":"Dives Med. SHA+ (3 tk * 6 ml)"},"content":{"rendered":"<section class=\"elementor-section elementor-top-section elementor-element elementor-element-5fcfdba4 elementor-reverse-mobile elementor-section-boxed elementor-section-height-default elementor-section-height-default\" data-id=\"5fcfdba4\" data-element_type=\"section\" data-settings=\"{&quot;background_background&quot;:&quot;classic&quot;}\">\n<div class=\"elementor-container elementor-column-gap-default\">\n<div class=\"elementor-column elementor-col-50 elementor-top-column elementor-element elementor-element-7807c9de\" data-id=\"7807c9de\" data-element_type=\"column\">\n<div class=\"elementor-widget-wrap elementor-element-populated\">\n<div class=\"elementor-element elementor-element-749c5abb elementor-widget elementor-widget-heading\" data-id=\"749c5abb\" data-element_type=\"widget\" data-widget_type=\"heading.default\">\n<div class=\"elementor-widget-container\">\n<p><strong>AKTIIVSED KOOSTISOSAD JA SHA+ TOIMEMEHHANISM:<\/strong><\/p>\n<p><strong>H\u00dcALUROONHAPE<\/strong><br \/>\n5 mg\/ml valitud ahela pikkuse ja madala molekulmassiga, s\u00fcgavalt niisutab ja taastab kudesid, parandab rakuv\u00e4lise maatriksi kvaliteeti, tagades kudede f\u00fcsioloogiliste rekonstruktsiooniprotsesside intensiivistamise.<\/p>\n<p><strong>MEREVAIGU HAPE<\/strong><br \/>\n10 mg\/ml stimuleerib fibroblaste naha tugikiudude s\u00fcnteesiks, kaitseb kudesid oks\u00fcdatiivse stressi h\u00e4vitava m\u00f5ju eest ning soodustab mikrotsirkulatsiooni ja aktiivsete koostisainete paremat difusiooni. T\u00e4nu oma p\u00f5letikuvastasele toimele toetab see ka rosaatsea vastu v\u00f5itlemist.<\/p>\n<p><strong>AMINOHAPETE KOMPLEKS<\/strong><br \/>\nSeriin, Proliin, Gl\u00fctsiin<\/p>\n<p><strong>TULEMUSED:<\/strong><\/p>\n<ul>\n<li>s\u00fcgav kudede restruktureerimine,<\/li>\n<li>kortsude silumine ja naha pinguldamine,<\/li>\n<li>kollageeni ja elastiini s\u00fcnteesi stimuleerimine,<\/li>\n<li>suurenenud niisutus ja kudede tugevdamine,<\/li>\n<li>naha seisundi parandamine,<\/li>\n<li>eluj\u00f5u ja naha tooni paranemine.<\/li>\n<\/ul>\n<p><strong>KASUTAMISE EESM\u00c4RK:<\/strong> Toode on m\u00f5eldud professionaalseks kasutamiseks. Kasutatakse mikro-n\u00f5elamise, n\u00f5elavaba mesoteraapia, sonoforeesi, iontoforeesi ja hapnikuinfusiooniprotseduurides.<\/p>\n<\/div>\n<\/div>\n<\/div>\n<\/div>\n<\/div>\n<\/section>\n","protected":false},"excerpt":{"rendered":"<h4><span style=\"color: #ed1c24;\"><strong>Ei ole mu\u0308u\u0308giks ELis!<\/strong><\/span><\/h4>\n<p>SHA+ on arenenud kontsentraat, millel on muljetavaldav noorendav efekt, loodud kudede modelleerimiseks ja kollageeni taastamiseks.<\/p>\n","protected":false},"featured_media":43858,"template":"","meta":{"_seopress_robots_primary_cat":"none","_seopress_titles_title":"","_seopress_titles_desc":"","_seopress_robots_index":""},"item":[2267],"product_cat":[315],"product_tag":[],"class_list":{"0":"post-43860","1":"product","2":"type-product","3":"status-publish","4":"has-post-thumbnail","6":"item-dives-med-et","7":"product_cat-biorevitalisant-et","9":"first","10":"instock","11":"taxable","12":"shipping-taxable","13":"purchasable","14":"product-type-simple"},"_links":{"self":[{"href":"https:\/\/cutismedical.shop\/et\/wp-json\/wp\/v2\/product\/43860","targetHints":{"allow":["GET"]}}],"collection":[{"href":"https:\/\/cutismedical.shop\/et\/wp-json\/wp\/v2\/product"}],"about":[{"href":"https:\/\/cutismedical.shop\/et\/wp-json\/wp\/v2\/types\/product"}],"wp:featuredmedia":[{"embeddable":true,"href":"https:\/\/cutismedical.shop\/et\/wp-json\/wp\/v2\/media\/43858"}],"wp:attachment":[{"href":"https:\/\/cutismedical.shop\/et\/wp-json\/wp\/v2\/media?parent=43860"}],"wp:term":[{"taxonomy":"item","embeddable":true,"href":"https:\/\/cutismedical.shop\/et\/wp-json\/wp\/v2\/item?post=43860"},{"taxonomy":"product_cat","embeddable":true,"href":"https:\/\/cutismedical.shop\/et\/wp-json\/wp\/v2\/product_cat?post=43860"},{"taxonomy":"product_tag","embeddable":true,"href":"https:\/\/cutismedical.shop\/et\/wp-json\/wp\/v2\/product_tag?post=43860"}],"curies":[{"name":"wp","href":"https:\/\/api.w.org\/{rel}","templated":true}]}}