{"id":43849,"date":"2024-08-05T22:02:53","date_gmt":"2024-08-05T20:02:53","guid":{"rendered":"https:\/\/cutismedical.com\/shop\/maaratlemata\/maxy-fill-70-cc-1pc-70ml-body-filler\/"},"modified":"2024-10-17T22:49:32","modified_gmt":"2024-10-17T20:49:32","slug":"maxy-fill-70-cc-1pc-70ml-body-filler","status":"publish","type":"product","link":"https:\/\/cutismedical.shop\/et\/shop-es\/fillerid-et\/maxy-fill-70-cc-1pc-70ml-body-filler\/","title":{"rendered":"Maxy Fill 70 cc (1 tk * 70 ml) | Keha t\u00e4iteaine"},"content":{"rendered":"<div class=\"flex max-w-full flex-col flex-grow\">\n<div class=\"min-h-8 text-message flex w-full flex-col items-end gap-2 whitespace-normal break-words [.text-message+&amp;]:mt-5\" dir=\"auto\" data-message-author-role=\"assistant\" data-message-id=\"828acf5a-9e9e-45fe-9f0e-96490e8e7975\" data-message-model-slug=\"gpt-4o\">\n<div class=\"flex w-full flex-col gap-1 empty:hidden first:pt-[3px]\">\n<div class=\"markdown prose w-full break-words dark:prose-invert light\">\n<p>Erinevalt teistest monomeersel h\u00fcaluroonhappel p\u00f5hinevatest toodetest tagab Maxy Fill 70 cc suurema \u00fchendite koguse manustamise, mis viib toote aeglasema lagunemiseni organismis ja pikaajalise toime saavutamiseni. Selle innovatiivse t\u00e4iteaine kasutamine v\u00f5imaldab keha kuju korrigeerimist ja aitab k\u00f5rvaldada kortse. Lisaks aitab see taastada pehmeid kudesid p\u00e4rast keerukaid kosmeetilisi protseduure, eriti rasvaimu j\u00e4rel.<\/p>\n<p><strong>Maxy Fill 70cc tugevused:<\/strong><\/p>\n<ul>\n<li>toode toimib kohapeal s\u00fcstimispiirkonnas t\u00e4nu optimaalsele viskoossusele ja kokkusobivusele,<\/li>\n<li>protseduur on mitteinvasiivne, ei vaja anesteesiat ja pakub pikaajalist efekti,<\/li>\n<li>toote k\u00f5rge kvaliteet ja puhtus saavutatakse t\u00e4nu uusimate biotehnoloogiliste meetodite rakendamisele,<\/li>\n<li>s\u00fcstimism\u00e4rgid on peaaegu n\u00e4htamatud isegi kohe p\u00e4rast protseduuri.<\/li>\n<\/ul>\n<p><strong>Maxy Fill 70cc kasutusvaldkonnad:<\/strong><\/p>\n<ul>\n<li>mitte-kirurgiline rinna kuju ja suuruse korrigeerimine,<\/li>\n<li>tuharate mahu taastamine,<\/li>\n<li>pehmete kudede taastamine p\u00e4rast rasvaimu,<\/li>\n<li>jalgade kuju korrigeerimine.<\/li>\n<\/ul>\n<p>Esteetiline efekt kestab 12\u201315 kuud.<\/p>\n<p><strong>Valmistise koostis:<\/strong> HA 20 mg\/ml<\/p>\n<p>Maxy Fill 70cc<\/p>\n<p>1 pudel x 70 ml (+ 3 s\u00fcstalt) pakendis<\/p>\n<p><strong>Tootja:<\/strong> Quivermedic Co., Ltd., L\u00f5una-Korea<\/p>\n<p><strong>Lisainformatsioon:<\/strong><\/p>\n<p>Kaal: 0,5 kg<\/p>\n<p><strong>Koostisained:<\/strong><\/p>\n<p>H\u00fcaluroonhape 20 mg\/ml<\/p>\n<\/div>\n<\/div>\n<\/div>\n<\/div>\n","protected":false},"excerpt":{"rendered":"<h4><span style=\"color: #ed1c24;\"><strong>Ei ole mu\u0308u\u0308giks ELis!<\/strong><\/span><\/h4>\n<p>Maxy Fill 70 cc on s\u00fcstitav t\u00e4iteaine mitte-kirurgiliseks keha kuju korrigeerimiseks. Toote peamine koostisosa on ristseotud h\u00fcaluroonhape, mis on toodetud ainulaadse HENM-tehnoloogia abil.<\/p>\n","protected":false},"featured_media":43847,"template":"","meta":{"_seopress_robots_primary_cat":"none","_seopress_titles_title":"","_seopress_titles_desc":"","_seopress_robots_index":""},"item":[2309],"product_cat":[154],"product_tag":[],"class_list":{"0":"post-43849","1":"product","2":"type-product","3":"status-publish","4":"has-post-thumbnail","6":"item-maxy-fill-et","7":"product_cat-fillerid-et","9":"first","10":"instock","11":"taxable","12":"shipping-taxable","13":"purchasable","14":"product-type-simple"},"_links":{"self":[{"href":"https:\/\/cutismedical.shop\/et\/wp-json\/wp\/v2\/product\/43849","targetHints":{"allow":["GET"]}}],"collection":[{"href":"https:\/\/cutismedical.shop\/et\/wp-json\/wp\/v2\/product"}],"about":[{"href":"https:\/\/cutismedical.shop\/et\/wp-json\/wp\/v2\/types\/product"}],"wp:featuredmedia":[{"embeddable":true,"href":"https:\/\/cutismedical.shop\/et\/wp-json\/wp\/v2\/media\/43847"}],"wp:attachment":[{"href":"https:\/\/cutismedical.shop\/et\/wp-json\/wp\/v2\/media?parent=43849"}],"wp:term":[{"taxonomy":"item","embeddable":true,"href":"https:\/\/cutismedical.shop\/et\/wp-json\/wp\/v2\/item?post=43849"},{"taxonomy":"product_cat","embeddable":true,"href":"https:\/\/cutismedical.shop\/et\/wp-json\/wp\/v2\/product_cat?post=43849"},{"taxonomy":"product_tag","embeddable":true,"href":"https:\/\/cutismedical.shop\/et\/wp-json\/wp\/v2\/product_tag?post=43849"}],"curies":[{"name":"wp","href":"https:\/\/api.w.org\/{rel}","templated":true}]}}