{"id":43747,"date":"2024-07-16T13:45:57","date_gmt":"2024-07-16T11:45:57","guid":{"rendered":"https:\/\/cutismedical.com\/shop\/maaratlemata\/toskani-total-recovery-gel-pro-200-ml\/"},"modified":"2024-10-18T00:13:12","modified_gmt":"2024-10-17T22:13:12","slug":"toskani-total-recovery-gel-pro-200-ml","status":"publish","type":"product","link":"https:\/\/cutismedical.shop\/et\/shop-es\/nahahooldus\/kreem-et-prof\/toskani-total-recovery-gel-pro-200-ml\/","title":{"rendered":"Toskani. Total Recovery Gel PRO 200 ml."},"content":{"rendered":"<p><strong>N\u00e4idustused:<\/strong> \u00c4rritunud nahk, L\u00f5henenud nahk, P\u00e4rast esteetilisi protseduure, nagu keemiline koorimine, Rasune ja normaalne nahk.<\/p>\n<ul>\n<li>K\u00f5rge aminohapete, aloe vera ja looduslike niisutavate ainete kontsentratsioon, mis stimuleerivad epidermise taastumist.<\/li>\n<li>Kaitseb ja niisutab epidermist.<\/li>\n<li>Toetab tundliku naha taastumist p\u00e4rast \u00e4rritusi ja epidermise muutusi.<\/li>\n<\/ul>\n<p>**<strong>Kasutamine:<\/strong>** v\u00e4ga kahjustatud ja\/v\u00f5i kuiva naha puhul kandke nahale mitu korda p\u00e4evas, et pakkuda nahale mugavustunnet.<br \/>\nAloe Vera ekstrakt, Kollageen, Taimne Tenzor, Shea Voi, Mimosa Tenuiflora ekstrakt, H\u00fcdrol\u00fc\u00fcsitud Nisuproteiin, Elastiin.<\/p>\n","protected":false},"excerpt":{"rendered":"<p>Taastav, niisutav ja rahustav geel aloe veraga. N\u00e4ole ja kehale.<\/p>\n","protected":false},"featured_media":43739,"template":"","meta":{"_seopress_robots_primary_cat":"none","_seopress_titles_title":"","_seopress_titles_desc":"","_seopress_robots_index":""},"item":[1206],"product_cat":[1813,151,1910,1928,1849,1851,1852,1853,1854,1858],"product_tag":[1885,1882,1900,1879,1888],"class_list":{"0":"post-43747","1":"product","2":"type-product","3":"status-publish","4":"has-post-thumbnail","6":"item-toskanicosmetics-et-2","7":"product_cat-otstarve","8":"product_cat-kreem-et","9":"product_cat-nahahooldus","10":"product_cat-kreem-et-prof","11":"product_cat-nahahooldus-nahatuubi-jargi","12":"product_cat-rasune-ja-probleemne-nahk","13":"product_cat-kuiv-veetustunud-nahk","14":"product_cat-kortsud","15":"product_cat-tundlik-nahk","16":"product_cat-lotvunud-nahk","17":"product_tag-kortsud","18":"product_tag-kuiv-veetustunud-nahk","19":"product_tag-lotvunud-nahk","20":"product_tag-rasune-ja-probleemne-nahk","21":"product_tag-tundlik-nahk","23":"first","24":"instock","25":"taxable","26":"shipping-taxable","27":"purchasable","28":"product-type-simple"},"_links":{"self":[{"href":"https:\/\/cutismedical.shop\/et\/wp-json\/wp\/v2\/product\/43747","targetHints":{"allow":["GET"]}}],"collection":[{"href":"https:\/\/cutismedical.shop\/et\/wp-json\/wp\/v2\/product"}],"about":[{"href":"https:\/\/cutismedical.shop\/et\/wp-json\/wp\/v2\/types\/product"}],"wp:featuredmedia":[{"embeddable":true,"href":"https:\/\/cutismedical.shop\/et\/wp-json\/wp\/v2\/media\/43739"}],"wp:attachment":[{"href":"https:\/\/cutismedical.shop\/et\/wp-json\/wp\/v2\/media?parent=43747"}],"wp:term":[{"taxonomy":"item","embeddable":true,"href":"https:\/\/cutismedical.shop\/et\/wp-json\/wp\/v2\/item?post=43747"},{"taxonomy":"product_cat","embeddable":true,"href":"https:\/\/cutismedical.shop\/et\/wp-json\/wp\/v2\/product_cat?post=43747"},{"taxonomy":"product_tag","embeddable":true,"href":"https:\/\/cutismedical.shop\/et\/wp-json\/wp\/v2\/product_tag?post=43747"}],"curies":[{"name":"wp","href":"https:\/\/api.w.org\/{rel}","templated":true}]}}