{"id":43726,"date":"2024-07-15T15:46:33","date_gmt":"2024-07-15T13:46:33","guid":{"rendered":"https:\/\/cutismedical.com\/shop\/maaratlemata\/toskani-decreasing-solution-100ml\/"},"modified":"2024-10-18T00:16:40","modified_gmt":"2024-10-17T22:16:40","slug":"toskani-decreasing-solution-100ml","status":"publish","type":"product","link":"https:\/\/cutismedical.shop\/et\/shop-es\/keemilised-piilingud-et\/toskani-decreasing-solution-100ml\/","title":{"rendered":"Toskani. Rasvaeemalduslahus 100 ml."},"content":{"rendered":"<p>Kasutatakse enne keemilise koorimise rakendamist.<\/p>\n<p>Rasvaeemalduslahus soodustab aktiivsete koostisosade tungimist ja eemaldab k\u00f5ik meigij\u00e4\u00e4gid ja mustuse.<\/p>\n","protected":false},"excerpt":{"rendered":"<div>\n<h4><span style=\"color: #ed1c24;\"><strong>Ei ole mu\u0308u\u0308giks ELis!<\/strong><\/span><\/h4>\n<\/div>\n<div>\n<p>Denatureeritud alkohol, Atsetoon.<br \/>\nRasvaeemalduslahus. T\u00e4iendus professionaalsetele keemilistele koorimistele.<\/p>\n<\/div>\n","protected":false},"featured_media":43724,"template":"","meta":{"_seopress_robots_primary_cat":"none","_seopress_titles_title":"","_seopress_titles_desc":"","_seopress_robots_index":""},"item":[1206],"product_cat":[153],"product_tag":[],"class_list":{"0":"post-43726","1":"product","2":"type-product","3":"status-publish","4":"has-post-thumbnail","6":"item-toskanicosmetics-et-2","7":"product_cat-keemilised-piilingud-et","9":"first","10":"instock","11":"taxable","12":"shipping-taxable","13":"purchasable","14":"product-type-simple"},"_links":{"self":[{"href":"https:\/\/cutismedical.shop\/et\/wp-json\/wp\/v2\/product\/43726","targetHints":{"allow":["GET"]}}],"collection":[{"href":"https:\/\/cutismedical.shop\/et\/wp-json\/wp\/v2\/product"}],"about":[{"href":"https:\/\/cutismedical.shop\/et\/wp-json\/wp\/v2\/types\/product"}],"wp:featuredmedia":[{"embeddable":true,"href":"https:\/\/cutismedical.shop\/et\/wp-json\/wp\/v2\/media\/43724"}],"wp:attachment":[{"href":"https:\/\/cutismedical.shop\/et\/wp-json\/wp\/v2\/media?parent=43726"}],"wp:term":[{"taxonomy":"item","embeddable":true,"href":"https:\/\/cutismedical.shop\/et\/wp-json\/wp\/v2\/item?post=43726"},{"taxonomy":"product_cat","embeddable":true,"href":"https:\/\/cutismedical.shop\/et\/wp-json\/wp\/v2\/product_cat?post=43726"},{"taxonomy":"product_tag","embeddable":true,"href":"https:\/\/cutismedical.shop\/et\/wp-json\/wp\/v2\/product_tag?post=43726"}],"curies":[{"name":"wp","href":"https:\/\/api.w.org\/{rel}","templated":true}]}}