{"id":43602,"date":"2024-07-02T14:52:46","date_gmt":"2024-07-02T12:52:46","guid":{"rendered":"https:\/\/cutismedical.com\/shop\/maaratlemata\/toskani-y-zone-meso-starter-kit-firming-anti-aging\/"},"modified":"2024-10-18T00:20:28","modified_gmt":"2024-10-17T22:20:28","slug":"toskani-y-zone-meso-starter-kit-firming-anti-aging","status":"publish","type":"product","link":"https:\/\/cutismedical.shop\/et\/shop-es\/mesoteraapia-et\/nagu-et\/toskani-y-zone-meso-starter-kit-firming-anti-aging\/","title":{"rendered":"Toskani. Y-Zone Meso Starter Kit \/ Pinguldav \/ Vananemisvastane hooldus"},"content":{"rendered":"<p>\u279c <strong>Salendav kokteil<\/strong>: Intensiivne drenaa\u017eilahus mahu v\u00e4hendamiseks Y-tsooni kontuuril.<\/p>\n<p>Sisaldab L-karnitiini, Kofeiini, India pennirohu, Arti\u0161oki, Hiina tee, Ananassi ekstrakte ja Orgaanilist r\u00e4nidioksiidi.<\/p>\n<p>2 x 10 ml \/ 0.34 fl oz<\/p>\n<p>&nbsp;<\/p>\n<p>\u279c <strong>Pinguldav kokteil<\/strong>: Intensiivne pinguldav lahus. Parandab naha elastsust ja v\u00f5itleb l\u00f5tvusega.<\/p>\n<p>Sisaldab DMAE, C-vitamiini ja Elastiini.<\/p>\n<p>2 x 10 ml \/ 0.34 fl oz<\/p>\n<p>&nbsp;<\/p>\n<p>\u279c <strong>TKN HA XS 2%<\/strong>: Biorevitalisaator tugeva niisutava toimega. Toimib naha pinnal ja s\u00fcgavamates kihtides. V\u00e4hendab vananemise m\u00e4rke.<\/p>\n<p>Sisaldab madala molekulmassiga h\u00fcaluroonhapet (&lt;100 kDa).<\/p>\n<p>1 x 5 ml \/ 0.17 fl oz<\/p>\n","protected":false},"excerpt":{"rendered":"<h4><span style=\"color: #ed1c24;\"><strong>Ei ole mu\u0308u\u0308giks ELis!<\/strong><\/span><\/h4>\n<p>Mesoteraapia komplekt kasutamiseks MesoJect p\u00fcstoliga.<br \/>\nProfessionaalne hooldus modelleerimiseks, mahu v\u00e4hendamiseks ja naha tugevdamiseks l\u00f5ua, kaela ja dekoltee piirkonnas.<\/p>\n","protected":false},"featured_media":43600,"template":"","meta":{"_seopress_robots_primary_cat":"none","_seopress_titles_title":"","_seopress_titles_desc":"","_seopress_robots_index":""},"item":[1206],"product_cat":[155,1188],"product_tag":[],"class_list":{"0":"post-43602","1":"product","2":"type-product","3":"status-publish","4":"has-post-thumbnail","6":"item-toskanicosmetics-et-2","7":"product_cat-mesoteraapia-et","8":"product_cat-nagu-et","10":"first","11":"instock","12":"taxable","13":"shipping-taxable","14":"purchasable","15":"product-type-simple"},"_links":{"self":[{"href":"https:\/\/cutismedical.shop\/et\/wp-json\/wp\/v2\/product\/43602","targetHints":{"allow":["GET"]}}],"collection":[{"href":"https:\/\/cutismedical.shop\/et\/wp-json\/wp\/v2\/product"}],"about":[{"href":"https:\/\/cutismedical.shop\/et\/wp-json\/wp\/v2\/types\/product"}],"wp:featuredmedia":[{"embeddable":true,"href":"https:\/\/cutismedical.shop\/et\/wp-json\/wp\/v2\/media\/43600"}],"wp:attachment":[{"href":"https:\/\/cutismedical.shop\/et\/wp-json\/wp\/v2\/media?parent=43602"}],"wp:term":[{"taxonomy":"item","embeddable":true,"href":"https:\/\/cutismedical.shop\/et\/wp-json\/wp\/v2\/item?post=43602"},{"taxonomy":"product_cat","embeddable":true,"href":"https:\/\/cutismedical.shop\/et\/wp-json\/wp\/v2\/product_cat?post=43602"},{"taxonomy":"product_tag","embeddable":true,"href":"https:\/\/cutismedical.shop\/et\/wp-json\/wp\/v2\/product_tag?post=43602"}],"curies":[{"name":"wp","href":"https:\/\/api.w.org\/{rel}","templated":true}]}}