{"id":43594,"date":"2024-07-02T12:57:55","date_gmt":"2024-07-02T10:57:55","guid":{"rendered":"https:\/\/cutismedical.com\/shop\/maaratlemata\/toskani-glutamax-c-5pcs-5ml-anti-aging\/"},"modified":"2024-10-18T00:23:01","modified_gmt":"2024-10-17T22:23:01","slug":"toskani-glutamax-c-5pcs-5ml-anti-aging","status":"publish","type":"product","link":"https:\/\/cutismedical.shop\/et\/shop-es\/mesoteraapia-et\/nagu-et\/toskani-glutamax-c-5pcs-5ml-anti-aging\/","title":{"rendered":"Toskani. Glutamax C (5 tk * 5 ml.) \/ Vananemisvastane hooldus"},"content":{"rendered":"<p><strong>N\u00e4idustused:<\/strong> Kahjustatud ja l\u00e4mbunud nahk (suitsetamine, saaste jne), fotovananemine.<\/p>\n<p>\u279c Kordab naha antioks\u00fcdantide v\u00f5rgustikku, hoiab C-vitamiini stabiilsena nahas ja muudab selle uskumatult v\u00f5imsaks.<\/p>\n<p>\u279c Glutatioon + C-vitamiin + E-vitamiin toimivad koost\u00f6\u00f6s antioks\u00fcdantidena, mis suudavad \u00fcksteist taastada oma radikaliseeritud vormidest aktiivseks antioks\u00fcdandiks.<\/p>\n<p>\u279c E-vitamiin on v\u00f5imas ja sobib ideaalselt C-vitamiiniga (L-askorbiinhape).<\/p>\n<p>\u279c L-glutatioon laeb C-vitamiini, parandades selle stabiilsust nahas.<\/p>\n<p><strong>Protokoll:<\/strong> 4-6 seanssi kord n\u00e4dalas, hooldusseansid kord kuus.<\/p>\n<p>C-vitamiin (L-askorbiinhape), L-glutatioon, E-vitamiin.<\/p>\n<p><strong>Ainult professionaalseks kasutamiseks<\/strong><\/p>\n","protected":false},"excerpt":{"rendered":"<h4><span style=\"color: #ed1c24;\"><strong>Ei ole mu\u0308u\u0308giks ELis!<\/strong><\/span><\/h4>\n<p>Revolutsiooniline antioks\u00fcdantide segu: glutatioon, C-vitamiin ja E-vitamiin. Penetratsioon MesoJect p\u00fcstoli abil.<\/p>\n","protected":false},"featured_media":43592,"template":"","meta":{"_seopress_robots_primary_cat":"none","_seopress_titles_title":"","_seopress_titles_desc":"","_seopress_robots_index":""},"item":[1206],"product_cat":[155,1188],"product_tag":[],"class_list":{"0":"post-43594","1":"product","2":"type-product","3":"status-publish","4":"has-post-thumbnail","6":"item-toskanicosmetics-et-2","7":"product_cat-mesoteraapia-et","8":"product_cat-nagu-et","10":"first","11":"instock","12":"taxable","13":"shipping-taxable","14":"purchasable","15":"product-type-simple"},"_links":{"self":[{"href":"https:\/\/cutismedical.shop\/et\/wp-json\/wp\/v2\/product\/43594","targetHints":{"allow":["GET"]}}],"collection":[{"href":"https:\/\/cutismedical.shop\/et\/wp-json\/wp\/v2\/product"}],"about":[{"href":"https:\/\/cutismedical.shop\/et\/wp-json\/wp\/v2\/types\/product"}],"wp:featuredmedia":[{"embeddable":true,"href":"https:\/\/cutismedical.shop\/et\/wp-json\/wp\/v2\/media\/43592"}],"wp:attachment":[{"href":"https:\/\/cutismedical.shop\/et\/wp-json\/wp\/v2\/media?parent=43594"}],"wp:term":[{"taxonomy":"item","embeddable":true,"href":"https:\/\/cutismedical.shop\/et\/wp-json\/wp\/v2\/item?post=43594"},{"taxonomy":"product_cat","embeddable":true,"href":"https:\/\/cutismedical.shop\/et\/wp-json\/wp\/v2\/product_cat?post=43594"},{"taxonomy":"product_tag","embeddable":true,"href":"https:\/\/cutismedical.shop\/et\/wp-json\/wp\/v2\/product_tag?post=43594"}],"curies":[{"name":"wp","href":"https:\/\/api.w.org\/{rel}","templated":true}]}}