{"id":43534,"date":"2024-06-25T19:31:46","date_gmt":"2024-06-25T17:31:47","guid":{"rendered":"https:\/\/cutismedical.com\/?post_type=product&#038;p=43534"},"modified":"2024-10-18T00:29:50","modified_gmt":"2024-10-17T22:29:50","slug":"mila-d-opiz-sun-sun-drops-spf-50-30ml","status":"publish","type":"product","link":"https:\/\/cutismedical.shop\/et\/shop-es\/nahahooldus\/paikesekaitsekreem-et\/mila-d-opiz-sun-sun-drops-spf-50-30ml\/","title":{"rendered":"Mila d\u2019Opiz. Sun Sun | Tilgad SPF 50% 30 ml."},"content":{"rendered":"<p><strong>KASUTAMINE:<\/strong><\/p>\n<p>Kandke tilgad otse nahale igal ajal v\u00f5i segage neid p\u00e4evakreemiga, et pakkuda igap\u00e4evast kaitset UV-kiirte ja kortsude eest.<\/p>\n<p>SUN Drops on spetsiaalselt loodud igap\u00e4evaseks kasutamiseks ja kaitsevad nahka lisaks HEV-kiirte (sinine valgus) kahjustava m\u00f5ju eest, mida leidub arvutite ja mobiiltelefonide kunstlikus valguses.<\/p>\n<p><strong>KOOSTISOSAD:<\/strong><\/p>\n<p>Aqua (vesi), C12-15 Alkyl Benzoate, Dibutyl Adipate, Dicaprylyl Ether, Ethylhexyl Salicylate, Diethylamino Hydroxybenzoyl Hexyl Benzoate, Tris-Biphenyl Triazine (nano) (Tris-Biphenyl Triazine), Glycerin, Ethylhexyl Triazone, Methylene Bis-Benzotriazolyl Tetramethylbutylphenol (nano), Bis-Ethylhexyloxyphenol Methoxyphenyl Triazine, Silica, Cetearyl Alcohol, Disodium Cetearyl Sulfosuccinate, Glyceryl Stearate, Tocopheryl Acetate, Caesalpinia Spinosa Fruit Pod Extract, Helianthus Annuus (Sunflower) Sprout Extract, Decyl Glucoside, Propylene Glycol, Xanthan Gum, Butyrospermum Parkii (Shea) Butter, Limnanthes Alba (Meadowfoam) Seed Oil, Levulinic Acid, Tetrasodium Iminodisuccinate, Citric Acid, Sodium Levulinate, Butylene Glycol, Disodium Phosphate, Sodium Benzoate, Phenoxyethanol.<\/p>\n<hr \/>\n<p>Toitev, taastav ja kaitsev. Olgu see siis p\u00e4ikeseks valmistumine v\u00f5i naha eest hoolitsemine p\u00e4rast p\u00e4evitamist, SUN-SUN kollektsioon on teie usaldusv\u00e4\u00e4rne kaaslane meeldiva p\u00e4ikese k\u00e4es viibimise jaoks.<\/p>\n","protected":false},"excerpt":{"rendered":"<p>Pakub optimaalset kaitset UV- ja siniste valguskiirte eest. Tilku v\u00f5ib segada teie igap\u00e4evase kreemiga. Kandke enne p\u00e4ikese k\u00e4es viibimist.<\/p>\n","protected":false},"featured_media":43547,"template":"","meta":{"_seopress_robots_primary_cat":"none","_seopress_titles_title":"","_seopress_titles_desc":"","_seopress_robots_index":""},"item":[2255],"product_cat":[1813,1847,1910,1934,1849,1857],"product_tag":[1897],"class_list":{"0":"post-43534","1":"product","2":"type-product","3":"status-publish","4":"has-post-thumbnail","6":"item-mila-d-opiz-et","7":"product_cat-otstarve","8":"product_cat-paikesekaitsekreem","9":"product_cat-nahahooldus","10":"product_cat-paikesekaitsekreem-et","11":"product_cat-nahahooldus-nahatuubi-jargi","12":"product_cat-pigmendilaigud","13":"product_tag-pigmendilaigud","15":"first","16":"instock","17":"taxable","18":"shipping-taxable","19":"purchasable","20":"product-type-simple"},"_links":{"self":[{"href":"https:\/\/cutismedical.shop\/et\/wp-json\/wp\/v2\/product\/43534","targetHints":{"allow":["GET"]}}],"collection":[{"href":"https:\/\/cutismedical.shop\/et\/wp-json\/wp\/v2\/product"}],"about":[{"href":"https:\/\/cutismedical.shop\/et\/wp-json\/wp\/v2\/types\/product"}],"wp:featuredmedia":[{"embeddable":true,"href":"https:\/\/cutismedical.shop\/et\/wp-json\/wp\/v2\/media\/43547"}],"wp:attachment":[{"href":"https:\/\/cutismedical.shop\/et\/wp-json\/wp\/v2\/media?parent=43534"}],"wp:term":[{"taxonomy":"item","embeddable":true,"href":"https:\/\/cutismedical.shop\/et\/wp-json\/wp\/v2\/item?post=43534"},{"taxonomy":"product_cat","embeddable":true,"href":"https:\/\/cutismedical.shop\/et\/wp-json\/wp\/v2\/product_cat?post=43534"},{"taxonomy":"product_tag","embeddable":true,"href":"https:\/\/cutismedical.shop\/et\/wp-json\/wp\/v2\/product_tag?post=43534"}],"curies":[{"name":"wp","href":"https:\/\/api.w.org\/{rel}","templated":true}]}}