{"id":43515,"date":"2024-06-25T18:56:22","date_gmt":"2024-06-25T16:56:23","guid":{"rendered":"https:\/\/cutismedical.com\/?post_type=product&#038;p=43515"},"modified":"2024-10-18T00:33:42","modified_gmt":"2024-10-17T22:33:42","slug":"mila-d-opiz-sun-sun-cream-spf-30-50ml","status":"publish","type":"product","link":"https:\/\/cutismedical.shop\/et\/shop-es\/nahahooldus\/paikesekaitsekreem-et\/mila-d-opiz-sun-sun-cream-spf-30-50ml\/","title":{"rendered":"Mila d\u2019Opiz. Sun Sun | Kreem SPF 30% 50 ml."},"content":{"rendered":"<p><strong>KASUTAMINE:<\/strong><\/p>\n<p>Kandke SUN SUN kreemi enne p\u00e4evitamist.<\/p>\n<p>SUN SUN kreemi v\u00f5ib kasutada ka p\u00e4evakreemina p\u00e4ikselisematel aastaaegadel. Eriti soovitatav on seda kanda p\u00e4rast vees viibimist.<\/p>\n<p><strong>KOOSTISOSAD:<\/strong><\/p>\n<p>Aqua (vesi), Dibutyl Adipate, Diethylamino Hydroxybenzoyl Hexyl Benzoate, Ethylhexyl Methoxycinnamate, Laureth-7 Citrate, Polyglyceryl-2 Dipolyhydroxystearate, Ethylhexyl Triazone, Sodium Polyacrylate, Bis-Ethylhexyloxyphenol Methoxyphenyl Triazine, Cyclopentasiloxane, Hydrogenated Polyisobutene, Tocopheryl Acetate, Bisabolol, Tocopherol, Parfum (l\u00f5hnaaine), Cyclohexasiloxane, Triethanolamine, Lauryl Glucoside, Ethylhexylglycerin, Caprylyl Glycol, Hydrogenated Palm Glycerides Citrate, Phenoxyethanol.<\/p>\n<hr \/>\n<p>Toitev, taastav ja kaitsev. Olgu see p\u00e4ikeseks valmistumine v\u00f5i naha eest hoolitsemine p\u00e4rast p\u00e4evitamist, SUN-SUN kollektsioon on teie usaldusv\u00e4\u00e4rne kaaslane meeldivaks p\u00e4ikese k\u00e4es viibimiseks.<\/p>\n","protected":false},"excerpt":{"rendered":"<p>Avastage see \u00fcliniisutav kehahooldusv\u00e4rske, \u00fclikerge ja rasvavaba kreemiga. Vitaliseerivad aktiivained ja l\u00f5\u00f5gastav aroom elavdavad keha ja vaimu. Nahk tundub pehme, toonuses, niisutatud ja meeldivalt l\u00f5hnav.<\/p>\n","protected":false},"featured_media":43522,"template":"","meta":{"_seopress_robots_primary_cat":"none","_seopress_titles_title":"","_seopress_titles_desc":"","_seopress_robots_index":""},"item":[2255],"product_cat":[1813,1847,1910,1934,1849,1857],"product_tag":[1897],"class_list":{"0":"post-43515","1":"product","2":"type-product","3":"status-publish","4":"has-post-thumbnail","6":"item-mila-d-opiz-et","7":"product_cat-otstarve","8":"product_cat-paikesekaitsekreem","9":"product_cat-nahahooldus","10":"product_cat-paikesekaitsekreem-et","11":"product_cat-nahahooldus-nahatuubi-jargi","12":"product_cat-pigmendilaigud","13":"product_tag-pigmendilaigud","15":"first","16":"instock","17":"taxable","18":"shipping-taxable","19":"purchasable","20":"product-type-simple"},"_links":{"self":[{"href":"https:\/\/cutismedical.shop\/et\/wp-json\/wp\/v2\/product\/43515","targetHints":{"allow":["GET"]}}],"collection":[{"href":"https:\/\/cutismedical.shop\/et\/wp-json\/wp\/v2\/product"}],"about":[{"href":"https:\/\/cutismedical.shop\/et\/wp-json\/wp\/v2\/types\/product"}],"wp:featuredmedia":[{"embeddable":true,"href":"https:\/\/cutismedical.shop\/et\/wp-json\/wp\/v2\/media\/43522"}],"wp:attachment":[{"href":"https:\/\/cutismedical.shop\/et\/wp-json\/wp\/v2\/media?parent=43515"}],"wp:term":[{"taxonomy":"item","embeddable":true,"href":"https:\/\/cutismedical.shop\/et\/wp-json\/wp\/v2\/item?post=43515"},{"taxonomy":"product_cat","embeddable":true,"href":"https:\/\/cutismedical.shop\/et\/wp-json\/wp\/v2\/product_cat?post=43515"},{"taxonomy":"product_tag","embeddable":true,"href":"https:\/\/cutismedical.shop\/et\/wp-json\/wp\/v2\/product_tag?post=43515"}],"curies":[{"name":"wp","href":"https:\/\/api.w.org\/{rel}","templated":true}]}}