{"id":43427,"date":"2024-06-24T14:11:33","date_gmt":"2024-06-24T12:11:33","guid":{"rendered":"https:\/\/cutismedical.com\/?post_type=product&#038;p=43427"},"modified":"2024-10-18T00:51:09","modified_gmt":"2024-10-17T22:51:09","slug":"mila-d-opiz-phyto-de-luxe-premium-line-softening-tonic-200ml","status":"publish","type":"product","link":"https:\/\/cutismedical.shop\/et\/shop-es\/nahahooldus\/naopuhastus-et-prof\/mila-d-opiz-phyto-de-luxe-premium-line-softening-tonic-200ml\/","title":{"rendered":"Mila d\u2019Opiz. Phyto De Luxe | Premium Line Pehmendav toonik 200 ml."},"content":{"rendered":"<p><strong>KASUTAMINE:<\/strong><\/p>\n<p>P\u00e4rast puhastusvahtu kandke paar tilka pehmendavat toonikut n\u00e4ole \u00f5rnade s\u00f5rmeotste liigutustega. Pehmendavat toonikut v\u00f5ib kasutada ka vatipadjaga. Lase toonikul imenduda ja seej\u00e4rel kanna peale seerumit ja\/v\u00f5i kreemi kas Skn Refine v\u00f5i Mila d&#8217;Opizi sarjast.<\/p>\n<p>N\u00e4pun\u00e4ide: L\u00f5\u00f5gastuseks kasuta toonikut silmakompressidena.<\/p>\n<p><strong>KOOSTISOSAD:<\/strong><\/p>\n<p>Aqua (vesi), Glycerin, PEG-40 Hydrogenated Castor Oil, PEG-14 Dimethicone, Phenoxyethanol, Methyl Gluceth-10, PEG-8, Parf\u00fc\u00fcm, Acrylates\/C10-30 Alkyl Acrylate Crosspolymer, Allantoin, Arginine, Ethylhexylglycerin, Sodium Hyaluronate, Disodium EDTA, Butylene Glycol, Nelumbo Nucifera (lootose\u00f5ie ekstrakt), Rosa Centifolia (roosi\u00f5ie ekstrakt), Alkohol, Lecithin, Sodium Lactate, Dipeptide Diaminobutyroyl Benzylamide Diacetate, Carbomer, Coco-Glucoside, Palmitoyl Tetrapeptide-7, Palmitoyl Tripeptide-1.<\/p>\n<hr \/>\n<p><strong>Kirjeldus:<\/strong><\/p>\n<p><em>Kombineerides kulla ja siidiekstraktid \u0160veitsi Alpide taimede ja edelweissi botaaniliste koostisosadega, uuendab ja toidab meie valem teie nahka, andes sellele v\u00e4rske ja hoolitsetud v\u00e4limuse.<\/em><\/p>\n","protected":false},"excerpt":{"rendered":"<p>See siidpehme vananemisvastane toonik kasutab lootose ja roosilehtede ekstrakte ning v\u00f5imsat MDO peptiidikompleksi naha t\u00e4iuslikuks pinguldamiseks. See \u00fcmbritseb nahka pehme niisutava kattega, mis aitab s\u00e4ilitada naha loomulikku niiskust\u00f5ket.<\/p>\n","protected":false},"featured_media":43434,"template":"","meta":{"_seopress_robots_primary_cat":"none","_seopress_titles_title":"","_seopress_titles_desc":"","_seopress_robots_index":""},"item":[2255],"product_cat":[1813,195,1910,1913,1849,1853,1858],"product_tag":[1885,1900],"class_list":{"0":"post-43427","1":"product","2":"type-product","3":"status-publish","4":"has-post-thumbnail","6":"item-mila-d-opiz-et","7":"product_cat-otstarve","8":"product_cat-naopuhastus-et","9":"product_cat-nahahooldus","10":"product_cat-naopuhastus-et-prof","11":"product_cat-nahahooldus-nahatuubi-jargi","12":"product_cat-kortsud","13":"product_cat-lotvunud-nahk","14":"product_tag-kortsud","15":"product_tag-lotvunud-nahk","17":"first","18":"instock","19":"taxable","20":"shipping-taxable","21":"purchasable","22":"product-type-simple"},"_links":{"self":[{"href":"https:\/\/cutismedical.shop\/et\/wp-json\/wp\/v2\/product\/43427","targetHints":{"allow":["GET"]}}],"collection":[{"href":"https:\/\/cutismedical.shop\/et\/wp-json\/wp\/v2\/product"}],"about":[{"href":"https:\/\/cutismedical.shop\/et\/wp-json\/wp\/v2\/types\/product"}],"wp:featuredmedia":[{"embeddable":true,"href":"https:\/\/cutismedical.shop\/et\/wp-json\/wp\/v2\/media\/43434"}],"wp:attachment":[{"href":"https:\/\/cutismedical.shop\/et\/wp-json\/wp\/v2\/media?parent=43427"}],"wp:term":[{"taxonomy":"item","embeddable":true,"href":"https:\/\/cutismedical.shop\/et\/wp-json\/wp\/v2\/item?post=43427"},{"taxonomy":"product_cat","embeddable":true,"href":"https:\/\/cutismedical.shop\/et\/wp-json\/wp\/v2\/product_cat?post=43427"},{"taxonomy":"product_tag","embeddable":true,"href":"https:\/\/cutismedical.shop\/et\/wp-json\/wp\/v2\/product_tag?post=43427"}],"curies":[{"name":"wp","href":"https:\/\/api.w.org\/{rel}","templated":true}]}}