{"id":43401,"date":"2024-06-20T16:00:22","date_gmt":"2024-06-20T14:00:22","guid":{"rendered":"https:\/\/cutismedical.com\/shop\/maaratlemata\/mila-d-opiz-phyto-de-luxe-premium-line-cleansing-foam-125ml\/"},"modified":"2024-10-18T00:56:23","modified_gmt":"2024-10-17T22:56:23","slug":"mila-d-opiz-phyto-de-luxe-premium-line-cleansing-foam-125ml","status":"publish","type":"product","link":"https:\/\/cutismedical.shop\/et\/shop-es\/nahahooldus\/naopuhastus-et-prof\/mila-d-opiz-phyto-de-luxe-premium-line-cleansing-foam-125ml\/","title":{"rendered":"Mila d\u2019Opiz. Phyto De Luxe | Premium Line Puhastusvaht 125 ml."},"content":{"rendered":"<p><strong>KASUTAMINE:<\/strong><\/p>\n<p>Sega v\u00e4ike kogus vahtu veega. Masseeri kogu n\u00e4gu (v\u00e4ltides silma\u00fcmbruse piirkonda) naha optimaalseks puhastamiseks. Loputa rohke veega. Seej\u00e4rel kasuta Premium Line Pehmendavat Toonikut.<\/p>\n<p><strong>KOOSTISOSAD:<\/strong><\/p>\n<p>Aqua (vesi), Disodium Lauryl Sulfosuccinate, Sodium Lauroyl Glutamate, Sodium Chloride, PEG-15 Glyceryl Isostearate, Glyceryl Stearate, Cocamidopropyl Betaine, Propylene Glycol, Diazolidinyl Urea, Parf\u00fc\u00fcm, Phenoxyethanol, Methylparaben, Glycerin, Alcohol, Sodium Hyaluronate, Propylparaben, Lecithin, Benzoic Acid, Dehydroacetic Acid, Dipeptide Diaminobutyroyl Benzylamide Diacetate.<\/p>\n<hr \/>\n<p><em>Kuld- ja siidiekstraktide ning \u0160veitsi Alpi taimedest ja edelweissist saadud botaaniliste koostisosade kombinatsioon uuendab ja toidab teie nahka, andes sellele v\u00e4rske ja hoolitsetud v\u00e4limuse.<\/em><\/p>\n","protected":false},"excerpt":{"rendered":"<p>Rahustav s\u00fcgavpuhastusvaht puhastab ja kaitseb \u00f5rnalt. Nahk saab puhastamise ajal toidetud, toniseeritud ja remineraliseeritud. Mustuseosakesed ja meik eemaldatakse t\u00f5husalt nahalt. Niisutavad omadused takistavad naha kuivamist.<\/p>\n","protected":false},"featured_media":43397,"template":"","meta":{"_seopress_robots_primary_cat":"none","_seopress_titles_title":"","_seopress_titles_desc":"","_seopress_robots_index":""},"item":[2255],"product_cat":[1813,195,1910,1913,1849,1853,1858],"product_tag":[],"class_list":{"0":"post-43401","1":"product","2":"type-product","3":"status-publish","4":"has-post-thumbnail","6":"item-mila-d-opiz-et","7":"product_cat-otstarve","8":"product_cat-naopuhastus-et","9":"product_cat-nahahooldus","10":"product_cat-naopuhastus-et-prof","11":"product_cat-nahahooldus-nahatuubi-jargi","12":"product_cat-kortsud","13":"product_cat-lotvunud-nahk","15":"first","16":"instock","17":"taxable","18":"shipping-taxable","19":"purchasable","20":"product-type-simple"},"_links":{"self":[{"href":"https:\/\/cutismedical.shop\/et\/wp-json\/wp\/v2\/product\/43401","targetHints":{"allow":["GET"]}}],"collection":[{"href":"https:\/\/cutismedical.shop\/et\/wp-json\/wp\/v2\/product"}],"about":[{"href":"https:\/\/cutismedical.shop\/et\/wp-json\/wp\/v2\/types\/product"}],"wp:featuredmedia":[{"embeddable":true,"href":"https:\/\/cutismedical.shop\/et\/wp-json\/wp\/v2\/media\/43397"}],"wp:attachment":[{"href":"https:\/\/cutismedical.shop\/et\/wp-json\/wp\/v2\/media?parent=43401"}],"wp:term":[{"taxonomy":"item","embeddable":true,"href":"https:\/\/cutismedical.shop\/et\/wp-json\/wp\/v2\/item?post=43401"},{"taxonomy":"product_cat","embeddable":true,"href":"https:\/\/cutismedical.shop\/et\/wp-json\/wp\/v2\/product_cat?post=43401"},{"taxonomy":"product_tag","embeddable":true,"href":"https:\/\/cutismedical.shop\/et\/wp-json\/wp\/v2\/product_tag?post=43401"}],"curies":[{"name":"wp","href":"https:\/\/api.w.org\/{rel}","templated":true}]}}