{"id":43298,"date":"2024-06-14T14:00:18","date_gmt":"2024-06-14T12:00:19","guid":{"rendered":"https:\/\/cutismedical.com\/?post_type=product&#038;p=43298"},"modified":"2024-10-18T01:15:23","modified_gmt":"2024-10-17T23:15:23","slug":"mila-d-opiz-hyaluronic-serum-30ml","status":"publish","type":"product","link":"https:\/\/cutismedical.shop\/et\/shop-es\/nahahooldus\/seerum-et-prof\/mila-d-opiz-hyaluronic-serum-30ml\/","title":{"rendered":"Mila d\u2019Opiz. Hyaluronic | Seerum 30 ml."},"content":{"rendered":"<p><strong>KASUTAMINE:<\/strong><\/p>\n<p>Kandke hommikul ja \u00f5htul oma p\u00e4eva- v\u00f5i \u00f6\u00f6kreemi alla.<\/p>\n<p><strong>KOOSTISOSAD:<\/strong><\/p>\n<p>Aqua (vesi), Pentylene Glycol, Leontopodium Alpinum Water, Sodium Hyaluronate, Phenoxyethanol, Sorbitol, Panthenol, Caprylyl Glycol, Citric Acid, Sodium Benzoate.<\/p>\n<hr \/>\n<p><em>Meie niisutav nahahooldussari neljakordse h\u00fcaluroonhappe kompleksiga t\u00f5husalt v\u00e4hendab peeneid jooni ja kortse ning tagab nahale pikaajalise niisutuse.<\/em><\/p>\n","protected":false},"excerpt":{"rendered":"<p>See seerum kasutab neljakordset h\u00fcaluroonhappe kompleksi, mis sisaldab k\u00f5rgekvaliteedilist, molekulaarselt inkapsuleeritud h\u00fcaluroonhapet neljas erinevas molekulaarsuuruses, et tagada efektiivne ja kiire imendumine. Igap\u00e4evane kasutamine taastab n\u00e4htavalt naha niiskusevarud ja v\u00e4hendab kortse.<\/p>\n","protected":false},"featured_media":43271,"template":"","meta":{"_seopress_robots_primary_cat":"none","_seopress_titles_title":"","_seopress_titles_desc":"","_seopress_robots_index":""},"item":[2255],"product_cat":[1813,363,1910,1931,1849,1852],"product_tag":[1882],"class_list":{"0":"post-43298","1":"product","2":"type-product","3":"status-publish","4":"has-post-thumbnail","6":"item-mila-d-opiz-et","7":"product_cat-otstarve","8":"product_cat-seerum-et","9":"product_cat-nahahooldus","10":"product_cat-seerum-et-prof","11":"product_cat-nahahooldus-nahatuubi-jargi","12":"product_cat-kuiv-veetustunud-nahk","13":"product_tag-kuiv-veetustunud-nahk","15":"first","16":"instock","17":"taxable","18":"shipping-taxable","19":"purchasable","20":"product-type-simple"},"_links":{"self":[{"href":"https:\/\/cutismedical.shop\/et\/wp-json\/wp\/v2\/product\/43298","targetHints":{"allow":["GET"]}}],"collection":[{"href":"https:\/\/cutismedical.shop\/et\/wp-json\/wp\/v2\/product"}],"about":[{"href":"https:\/\/cutismedical.shop\/et\/wp-json\/wp\/v2\/types\/product"}],"wp:featuredmedia":[{"embeddable":true,"href":"https:\/\/cutismedical.shop\/et\/wp-json\/wp\/v2\/media\/43271"}],"wp:attachment":[{"href":"https:\/\/cutismedical.shop\/et\/wp-json\/wp\/v2\/media?parent=43298"}],"wp:term":[{"taxonomy":"item","embeddable":true,"href":"https:\/\/cutismedical.shop\/et\/wp-json\/wp\/v2\/item?post=43298"},{"taxonomy":"product_cat","embeddable":true,"href":"https:\/\/cutismedical.shop\/et\/wp-json\/wp\/v2\/product_cat?post=43298"},{"taxonomy":"product_tag","embeddable":true,"href":"https:\/\/cutismedical.shop\/et\/wp-json\/wp\/v2\/product_tag?post=43298"}],"curies":[{"name":"wp","href":"https:\/\/api.w.org\/{rel}","templated":true}]}}