{"id":43284,"date":"2024-06-14T13:52:00","date_gmt":"2024-06-14T11:52:01","guid":{"rendered":"https:\/\/cutismedical.com\/?post_type=product&#038;p=43284"},"modified":"2024-10-18T01:18:00","modified_gmt":"2024-10-17T23:18:00","slug":"mila-d-opiz-hyaluronic-night-cream-50ml","status":"publish","type":"product","link":"https:\/\/cutismedical.shop\/et\/shop-es\/nahahooldus\/kreem-et-prof\/mila-d-opiz-hyaluronic-night-cream-50ml\/","title":{"rendered":"Mila d\u2019Opiz. Hyaluronic | \u00d6\u00f6kreem 50 ml."},"content":{"rendered":"<p><strong>KASUTAMINE:<\/strong><\/p>\n<p>Kandke hommikul puhastatud n\u00e4ole, kaelale ja dekolteele ning masseerige \u00f5rnalt.<\/p>\n<p><strong>KOOSTISOSAD:<\/strong><\/p>\n<p>Aqua (vesi), Butyrospermum Parkii (sheav\u00f5i), Cetearyl Isononanoate, Dicaprylyl Ether, Glycerin, Cetearyl Alcohol, Glyceryl Stearate Citrate, Pentylene Glycol, Theobroma Grandiflorum seemnev\u00f5i, Sucrose Stearate, Plukenetia Volubilis seemne\u00f5li, Phenoxyethanol, Arginine, Sodium Stearoyl Glutamate, Leontopodium Alpinum Water, Parf\u00fc\u00fcm (l\u00f5hnaaine), Carbomer, Olus Oil (taime\u00f5li), Sodium Hyaluronate, Sodium Stearoyl Lactylate, Phytosteryl Macadamiate, Sodium Lactate, Tocopheryl Acetate, Xanthan Gum, Ethylhexylglycerin, Disodium EDTA, Cetyl Alcohol, Lecithin, Sodium Carboxymethyl Betaglucan, Glycine Soja (soja steroolid), Ascorbyl Palmitate, Carnosine, Piimhape, Tocopherol, Sodium Benzoate, Sidrunhape.<\/p>\n<hr \/>\n<p><em>Meie niisutav nahahooldussari neljakordse h\u00fcaluroonkompleksiga t\u00f5husalt v\u00e4hendab peeneid jooni ja kortse ning pakub nahale pikaajalist niisutust.<\/em><\/p>\n","protected":false},"excerpt":{"rendered":"<p>\u00d6\u00f6kreem sisaldab neljakordset h\u00fcaluroonkompleksi, mis koosneb k\u00f5rgekvaliteedilisest h\u00fcaluroonhappest, molekulaarselt kapseldatud neljas erinevas molekulaarsuuruses, et s\u00fcgavalt ja t\u00f5husalt taastada naha niiskusevarusid. H\u00fcaluroonbooster annab nahale v\u00e4rske ja noorusliku v\u00e4limuse.<\/p>\n","protected":false},"featured_media":43271,"template":"","meta":{"_seopress_robots_primary_cat":"none","_seopress_titles_title":"","_seopress_titles_desc":"","_seopress_robots_index":""},"item":[2255],"product_cat":[1813,151,1910,1928,1849,1852],"product_tag":[1882],"class_list":{"0":"post-43284","1":"product","2":"type-product","3":"status-publish","4":"has-post-thumbnail","6":"item-mila-d-opiz-et","7":"product_cat-otstarve","8":"product_cat-kreem-et","9":"product_cat-nahahooldus","10":"product_cat-kreem-et-prof","11":"product_cat-nahahooldus-nahatuubi-jargi","12":"product_cat-kuiv-veetustunud-nahk","13":"product_tag-kuiv-veetustunud-nahk","15":"first","16":"instock","17":"taxable","18":"shipping-taxable","19":"purchasable","20":"product-type-simple"},"_links":{"self":[{"href":"https:\/\/cutismedical.shop\/et\/wp-json\/wp\/v2\/product\/43284","targetHints":{"allow":["GET"]}}],"collection":[{"href":"https:\/\/cutismedical.shop\/et\/wp-json\/wp\/v2\/product"}],"about":[{"href":"https:\/\/cutismedical.shop\/et\/wp-json\/wp\/v2\/types\/product"}],"wp:featuredmedia":[{"embeddable":true,"href":"https:\/\/cutismedical.shop\/et\/wp-json\/wp\/v2\/media\/43271"}],"wp:attachment":[{"href":"https:\/\/cutismedical.shop\/et\/wp-json\/wp\/v2\/media?parent=43284"}],"wp:term":[{"taxonomy":"item","embeddable":true,"href":"https:\/\/cutismedical.shop\/et\/wp-json\/wp\/v2\/item?post=43284"},{"taxonomy":"product_cat","embeddable":true,"href":"https:\/\/cutismedical.shop\/et\/wp-json\/wp\/v2\/product_cat?post=43284"},{"taxonomy":"product_tag","embeddable":true,"href":"https:\/\/cutismedical.shop\/et\/wp-json\/wp\/v2\/product_tag?post=43284"}],"curies":[{"name":"wp","href":"https:\/\/api.w.org\/{rel}","templated":true}]}}