{"id":43275,"date":"2024-06-14T13:46:09","date_gmt":"2024-06-14T11:46:09","guid":{"rendered":"https:\/\/cutismedical.com\/shop\/maaratlemata\/mila-d-opiz-hyaluronic-day-cream-50ml\/"},"modified":"2024-10-18T01:20:44","modified_gmt":"2024-10-17T23:20:44","slug":"mila-d-opiz-hyaluronic-day-cream-50ml","status":"publish","type":"product","link":"https:\/\/cutismedical.shop\/et\/shop-es\/nahahooldus\/kreem-et-prof\/mila-d-opiz-hyaluronic-day-cream-50ml\/","title":{"rendered":"Mila d\u2019Opiz. Hyaluronic | P\u00e4evakreem 50 ml."},"content":{"rendered":"<div>KASUTAMINE:<\/div>\n<div><\/div>\n<div>Kandke hommikul puhastatud n\u00e4ole, kaelale ja dekolteele ning masseerige \u00f5rnalt. Ideaalne meigialuseks.<\/div>\n<div><\/div>\n<div>KOOSTISOSAD:<\/div>\n<div><\/div>\n<div>Aqua (vesi), Caprylic\/Capric Triglyceride, Glycerin, Butylene Glycol, Isohexadecane, Decyl Oleate, Butyrospermum Parkii (shea-v\u00f5i), Glyceryl Stearate, PEG-100 Stearate, Cetyl Alcohol, Pentylene Glycol, Steareth-2, Leontopodium Alpinum Water, Phenoxyethanol, Tocopheryl Acetate, Dimethicone, Sodium Polyacrylate, Parf\u00fc\u00fcm (l\u00f5hnaaine), Panthenol, Sodium Hyaluronate, Xanthan Gum, Ethylhexylglycerin, Disodium EDTA, Sodium Lactate, Carbomer, Coco-Glucoside, Sidrunhape, Tetradecyl Aminobutyroylvalylaminobutyric Urea Trifluoroacetate, Sodium Benzoate, Palmitoyl Tetrapeptide-7, Palmitoyl Tripeptide-1, Tocopherol, Magnesium Chloride, Hydrogenated Palm Glycerides Citrate.<\/div>\n<div><\/div>\n<div><em>Meie niisutav nahahooldussari neljakordse h\u00fcaluroonkompleksiga t\u00f5husalt v\u00e4hendab peeneid jooni ja kortse ning pakub nahale pikaajalist niisutust.<\/em><\/div>\n","protected":false},"excerpt":{"rendered":"<div><\/div>\n<div>P\u00e4evakreem sisaldab neljakordset h\u00fcaluroonkompleksi, mis koosneb k\u00f5rgekvaliteedilisest, molekulaarselt kapseldatud h\u00fcaluroonhappest neljas erinevas molekulaarsuuruses. Nahk j\u00e4\u00e4b p\u00fcsivalt niisutatud, ja jooned ning kortsud muutuvad pehmemaks.<\/div>\n","protected":false},"featured_media":43271,"template":"","meta":{"_seopress_robots_primary_cat":"none","_seopress_titles_title":"","_seopress_titles_desc":"","_seopress_robots_index":""},"item":[2255],"product_cat":[1813,151,1910,1928,1849,1852],"product_tag":[1882],"class_list":{"0":"post-43275","1":"product","2":"type-product","3":"status-publish","4":"has-post-thumbnail","6":"item-mila-d-opiz-et","7":"product_cat-otstarve","8":"product_cat-kreem-et","9":"product_cat-nahahooldus","10":"product_cat-kreem-et-prof","11":"product_cat-nahahooldus-nahatuubi-jargi","12":"product_cat-kuiv-veetustunud-nahk","13":"product_tag-kuiv-veetustunud-nahk","15":"first","16":"instock","17":"taxable","18":"shipping-taxable","19":"purchasable","20":"product-type-simple"},"_links":{"self":[{"href":"https:\/\/cutismedical.shop\/et\/wp-json\/wp\/v2\/product\/43275","targetHints":{"allow":["GET"]}}],"collection":[{"href":"https:\/\/cutismedical.shop\/et\/wp-json\/wp\/v2\/product"}],"about":[{"href":"https:\/\/cutismedical.shop\/et\/wp-json\/wp\/v2\/types\/product"}],"wp:featuredmedia":[{"embeddable":true,"href":"https:\/\/cutismedical.shop\/et\/wp-json\/wp\/v2\/media\/43271"}],"wp:attachment":[{"href":"https:\/\/cutismedical.shop\/et\/wp-json\/wp\/v2\/media?parent=43275"}],"wp:term":[{"taxonomy":"item","embeddable":true,"href":"https:\/\/cutismedical.shop\/et\/wp-json\/wp\/v2\/item?post=43275"},{"taxonomy":"product_cat","embeddable":true,"href":"https:\/\/cutismedical.shop\/et\/wp-json\/wp\/v2\/product_cat?post=43275"},{"taxonomy":"product_tag","embeddable":true,"href":"https:\/\/cutismedical.shop\/et\/wp-json\/wp\/v2\/product_tag?post=43275"}],"curies":[{"name":"wp","href":"https:\/\/api.w.org\/{rel}","templated":true}]}}