{"id":43246,"date":"2024-06-12T16:07:47","date_gmt":"2024-06-12T14:07:47","guid":{"rendered":"https:\/\/cutismedical.com\/shop\/maaratlemata\/mila-d-opiz-sensitive-night-cream-50ml\/"},"modified":"2024-10-18T02:04:38","modified_gmt":"2024-10-18T00:04:38","slug":"mila-d-opiz-sensitive-night-cream-50ml","status":"publish","type":"product","link":"https:\/\/cutismedical.shop\/et\/shop-es\/nahahooldus\/kreem-et-prof\/mila-d-opiz-sensitive-night-cream-50ml\/","title":{"rendered":"Mila d\u2019Opiz. Sensitive | \u00d6\u00f6kreem 50 ml."},"content":{"rendered":"<p><strong>KASUTAMINE:<\/strong><\/p>\n<p>Kandke \u00f5htul \u00fchtlaselt puhastatud nahale ja masseerige \u00f5rnalt.<\/p>\n<p><strong>KOOSTISOSAD:<\/strong><\/p>\n<p>Aqua (vesi), Butyrospermum Parkii (shea-v\u00f5i), Decyl Oleate, Prunus Armeniaca (aprikoosituuma\u00f5li), Glyceryl Stearate, PEG-100 Stearate, Glycerin, Cetyl Alcohol, Octyldodecanol, Orbignya Oleifera Seed Oil, Pentylene Glycol, Triisodecyl Trimellitate, Hydrogenated Coco-Glycerides, Ceteareth-20, Mangifera Indica (mangov\u00f5i), Steareth-2, Tocopheryl Acetate, Phenoxyethanol, Cetearyl Alcohol, Cyclopentasiloxane, Parf\u00fc\u00fcm (l\u00f5hnaaine), Panthenol, Cyclohexasiloxane, Dimethicone, Ethylhexylglycerin, Xanthan Gum, Tocopherol, Sodium Citrate, Bisabolol, Aloe Barbadensis Leaf Juice, Hydrogenated Palm Glycerides Citrate, Tetrasodium Glutamate Diacetate, Sodium Hyaluronate, Cardiospermum Halicacabum Seed Extract, Sodium Hydroxide.<\/p>\n<hr \/>\n<p><em>Mila Sensitive<\/em><\/p>\n<p><em>Tundke meie spetsiaalselt tundlikule nahale loodud sarja \u00f5rna puudutust. Rahustava bisabolooli ja toitev Aloe Barbadensis lehemahlu sisaldav sari pakub tundlikule nahale vajalikku hoolt.<\/em><\/p>\n","protected":false},"excerpt":{"rendered":"<p>See sametine kreem tagab t\u00e4ieliku taastamise \u00f6\u00f6 jooksul, j\u00e4ttes naha pehmeks ja siledaks.<\/p>\n","protected":false},"featured_media":43242,"template":"","meta":{"_seopress_robots_primary_cat":"none","_seopress_titles_title":"","_seopress_titles_desc":"","_seopress_robots_index":""},"item":[2255],"product_cat":[1813,151,1910,1928,1849,1854],"product_tag":[1888],"class_list":{"0":"post-43246","1":"product","2":"type-product","3":"status-publish","4":"has-post-thumbnail","6":"item-mila-d-opiz-et","7":"product_cat-otstarve","8":"product_cat-kreem-et","9":"product_cat-nahahooldus","10":"product_cat-kreem-et-prof","11":"product_cat-nahahooldus-nahatuubi-jargi","12":"product_cat-tundlik-nahk","13":"product_tag-tundlik-nahk","15":"first","16":"instock","17":"taxable","18":"shipping-taxable","19":"purchasable","20":"product-type-simple"},"_links":{"self":[{"href":"https:\/\/cutismedical.shop\/et\/wp-json\/wp\/v2\/product\/43246","targetHints":{"allow":["GET"]}}],"collection":[{"href":"https:\/\/cutismedical.shop\/et\/wp-json\/wp\/v2\/product"}],"about":[{"href":"https:\/\/cutismedical.shop\/et\/wp-json\/wp\/v2\/types\/product"}],"wp:featuredmedia":[{"embeddable":true,"href":"https:\/\/cutismedical.shop\/et\/wp-json\/wp\/v2\/media\/43242"}],"wp:attachment":[{"href":"https:\/\/cutismedical.shop\/et\/wp-json\/wp\/v2\/media?parent=43246"}],"wp:term":[{"taxonomy":"item","embeddable":true,"href":"https:\/\/cutismedical.shop\/et\/wp-json\/wp\/v2\/item?post=43246"},{"taxonomy":"product_cat","embeddable":true,"href":"https:\/\/cutismedical.shop\/et\/wp-json\/wp\/v2\/product_cat?post=43246"},{"taxonomy":"product_tag","embeddable":true,"href":"https:\/\/cutismedical.shop\/et\/wp-json\/wp\/v2\/product_tag?post=43246"}],"curies":[{"name":"wp","href":"https:\/\/api.w.org\/{rel}","templated":true}]}}