{"id":43119,"date":"2024-05-16T14:28:27","date_gmt":"2024-05-16T12:28:27","guid":{"rendered":"https:\/\/cutismedical.com\/shop\/maaratlemata\/mila-d-opiz-classics-coq10-cream-50ml\/"},"modified":"2024-10-18T02:36:12","modified_gmt":"2024-10-18T00:36:12","slug":"mila-d-opiz-classics-coq10-cream-50ml","status":"publish","type":"product","link":"https:\/\/cutismedical.shop\/et\/shop-es\/nahahooldus\/kreem-et-prof\/mila-d-opiz-classics-coq10-cream-50ml\/","title":{"rendered":"Mila d\u2019Opiz. Classics | CoQ10+ kreem 50 ml"},"content":{"rendered":"<p><strong>KUIDAS KASUTADA:<\/strong><\/p>\n<p>Kandke hommikul n\u00e4ole ja kaelale.<\/p>\n<p><strong>KOOSTIS:<\/strong><\/p>\n<p>Aqua (vesi), Cetearyl Isononanoate, Dicaprylyl Ether, Cetearyl Alcohol, Glycerin, Butyrospermum Parkii (Sheav\u00f5i), Glyceryl Stearate Citrate, Pentylene Glycol, Theobroma Grandiflorum Seed Butter, Tocopheryl Acetate, Sucrose Stearate, Phenoxyethanol, Panthenol, Parfum (l\u00f5hnaaine), Arginine, Ascorbyl Tetraisopalmitate, Sodium Stearoyl Glutamate, Carbomer, Alcohol, Caprylyl Glycol, Caprylic\/Capric Triglyceride, Ubiquinone, Tocopherol, Lecithin, Helianthus Annuus (p\u00e4evalilleseemne\u00f5li), Linalool, Alpha-Isomethyl Ionone, Limonene, Citric Acid, Geraniol, Citronellol.<\/p>\n<hr \/>\n<p>Klassika.<\/p>\n<p>Rikastatud antioks\u00fcdantide, rahustavate ainete ja nahaga identsete koostisosade seguga taastab see liin pinguldatuse, v\u00f5itleb ebat\u00e4iuslikkusega ja kiirendab naha taastumist.<\/p>\n","protected":false},"excerpt":{"rendered":"<p>Niisutav CoQ10+ kreem kaitseb nahka ja pikendab rakkude elu, tugevdades nende kaitsemehhanisme ja regenereerimisprotsesse.<\/p>\n","protected":false},"featured_media":43115,"template":"","meta":{"_seopress_robots_primary_cat":"none","_seopress_titles_title":"","_seopress_titles_desc":"","_seopress_robots_index":""},"item":[2255],"product_cat":[1813,151,1910,1928,1849,1852],"product_tag":[1882],"class_list":{"0":"post-43119","1":"product","2":"type-product","3":"status-publish","4":"has-post-thumbnail","6":"item-mila-d-opiz-et","7":"product_cat-otstarve","8":"product_cat-kreem-et","9":"product_cat-nahahooldus","10":"product_cat-kreem-et-prof","11":"product_cat-nahahooldus-nahatuubi-jargi","12":"product_cat-kuiv-veetustunud-nahk","13":"product_tag-kuiv-veetustunud-nahk","15":"first","16":"instock","17":"taxable","18":"shipping-taxable","19":"purchasable","20":"product-type-simple"},"_links":{"self":[{"href":"https:\/\/cutismedical.shop\/et\/wp-json\/wp\/v2\/product\/43119","targetHints":{"allow":["GET"]}}],"collection":[{"href":"https:\/\/cutismedical.shop\/et\/wp-json\/wp\/v2\/product"}],"about":[{"href":"https:\/\/cutismedical.shop\/et\/wp-json\/wp\/v2\/types\/product"}],"wp:featuredmedia":[{"embeddable":true,"href":"https:\/\/cutismedical.shop\/et\/wp-json\/wp\/v2\/media\/43115"}],"wp:attachment":[{"href":"https:\/\/cutismedical.shop\/et\/wp-json\/wp\/v2\/media?parent=43119"}],"wp:term":[{"taxonomy":"item","embeddable":true,"href":"https:\/\/cutismedical.shop\/et\/wp-json\/wp\/v2\/item?post=43119"},{"taxonomy":"product_cat","embeddable":true,"href":"https:\/\/cutismedical.shop\/et\/wp-json\/wp\/v2\/product_cat?post=43119"},{"taxonomy":"product_tag","embeddable":true,"href":"https:\/\/cutismedical.shop\/et\/wp-json\/wp\/v2\/product_tag?post=43119"}],"curies":[{"name":"wp","href":"https:\/\/api.w.org\/{rel}","templated":true}]}}