{"id":43092,"date":"2024-05-16T11:10:48","date_gmt":"2024-05-16T09:10:48","guid":{"rendered":"https:\/\/cutismedical.com\/shop\/maaratlemata\/mila-d-opiz-classics-collagen-eye-cream-15ml\/"},"modified":"2024-10-18T02:41:59","modified_gmt":"2024-10-18T00:41:59","slug":"mila-d-opiz-classics-collagen-eye-cream-15ml","status":"publish","type":"product","link":"https:\/\/cutismedical.shop\/et\/shop-es\/nahahooldus\/silmaumbruse-hooldus-et\/mila-d-opiz-classics-collagen-eye-cream-15ml\/","title":{"rendered":"Mila d\u2019Opiz. Classics | Kollageeni silmakreem 15 ml"},"content":{"rendered":"<p><strong>KUIDAS KASUTADA:<\/strong><\/p>\n<p>Silmakreem koos Dunaliella Salina vetikate k\u00f5rgekvaliteedilise aktiivse koostisosaga on t\u00f5hus ja kiiresti imenduv. Igap\u00e4evasel kasutamisel t\u00e4idab see n\u00e4htavalt niiskusevarusid, v\u00e4hendab kortse ja rahustab nahka. Kandke puhastatud silma\u00fcmbrusele hommikul ja \u00f5htul ning masseerige \u00f5rnalt.<\/p>\n<p><strong>KOOSTIS:<\/strong><\/p>\n<p>Aqua (vesi), Butylene Glycol, Pentylene Glycol, Hydroxyethyl Acrylate\/Sodium Acryloyldimethyl Taurate Copolymer, Glycerin, Panthenol, Sodium Hyaluronate, Dunaliella Salina Extract, Sodium Lactate, Palmitoyl Tripeptide-5, Atelocollagen, Desamido Collagen, Palmitoyl Tetrapeptide-7, Palmitoyl Tripeptide-1, Pantolactone, Pullulan, Squalane, Xanthan Gum, Polysorbate 60, Sodium Citrate, Sodium Chloride, Carbomer, Coco-Glucoside, Citric Acid, Ethylhexylglycerin, Phenoxyethanol, Sodium Benzoate, Potassium Sorbate.<\/p>\n<hr \/>\n<p>Klassika.<\/p>\n<p>Rikkaliku antioks\u00fcdantide, rahustavate ainete ja nahale identsete koostisosade seguga loodud sari taastab naha elastsuse, v\u00f5itleb ebat\u00e4iustega ja kiirendab naha taastumist.<\/p>\n","protected":false},"excerpt":{"rendered":"<p>Klassikaline kollageeni silmakreem stimuleerib rakkude jagunemist, kiirendab regenereerimist ja omab rahustavat ja niisutavat toimet. See hoiab naha pehmena ilma rasvasuseta, moodustab nahale kaitsekihi ja v\u00e4hendab \u00e4rritust ning punetust.<\/p>\n","protected":false},"featured_media":43085,"template":"","meta":{"_seopress_robots_primary_cat":"none","_seopress_titles_title":"","_seopress_titles_desc":"","_seopress_robots_index":""},"item":[2255],"product_cat":[1813,1845,1910,1922,1849,1854],"product_tag":[1888],"class_list":{"0":"post-43092","1":"product","2":"type-product","3":"status-publish","4":"has-post-thumbnail","6":"item-mila-d-opiz-et","7":"product_cat-otstarve","8":"product_cat-silmaumbruse-hooldus","9":"product_cat-nahahooldus","10":"product_cat-silmaumbruse-hooldus-et","11":"product_cat-nahahooldus-nahatuubi-jargi","12":"product_cat-tundlik-nahk","13":"product_tag-tundlik-nahk","15":"first","16":"instock","17":"taxable","18":"shipping-taxable","19":"purchasable","20":"product-type-simple"},"_links":{"self":[{"href":"https:\/\/cutismedical.shop\/et\/wp-json\/wp\/v2\/product\/43092","targetHints":{"allow":["GET"]}}],"collection":[{"href":"https:\/\/cutismedical.shop\/et\/wp-json\/wp\/v2\/product"}],"about":[{"href":"https:\/\/cutismedical.shop\/et\/wp-json\/wp\/v2\/types\/product"}],"wp:featuredmedia":[{"embeddable":true,"href":"https:\/\/cutismedical.shop\/et\/wp-json\/wp\/v2\/media\/43085"}],"wp:attachment":[{"href":"https:\/\/cutismedical.shop\/et\/wp-json\/wp\/v2\/media?parent=43092"}],"wp:term":[{"taxonomy":"item","embeddable":true,"href":"https:\/\/cutismedical.shop\/et\/wp-json\/wp\/v2\/item?post=43092"},{"taxonomy":"product_cat","embeddable":true,"href":"https:\/\/cutismedical.shop\/et\/wp-json\/wp\/v2\/product_cat?post=43092"},{"taxonomy":"product_tag","embeddable":true,"href":"https:\/\/cutismedical.shop\/et\/wp-json\/wp\/v2\/product_tag?post=43092"}],"curies":[{"name":"wp","href":"https:\/\/api.w.org\/{rel}","templated":true}]}}