{"id":42911,"date":"2024-04-30T20:26:05","date_gmt":"2024-04-30T18:26:05","guid":{"rendered":"https:\/\/cutismedical.com\/shop\/maaratlemata\/utsukusy-aqua-derm-set-serum-30-ml-cream-50-ml\/"},"modified":"2024-10-18T03:11:16","modified_gmt":"2024-10-18T01:11:16","slug":"utsukusy-aqua-derm-set-serum-30-ml-cream-50-ml","status":"publish","type":"product","link":"https:\/\/cutismedical.shop\/et\/shop-es\/nahahooldus-nahatuubi-jargi\/kuiv-veetustunud-nahk\/utsukusy-aqua-derm-set-serum-30-ml-cream-50-ml\/","title":{"rendered":"Utsukusy. Aqua Derm SET (Seerum 30 ml, Kreem 50 ml)"},"content":{"rendered":"<p>NUTIKAD AKTIIVSED KOOSTISOSAD<\/p>\n<p>KERGE TEKSTUUR \u2013 SILEDAD VIIMISTLUSED<\/p>\n<p>Suurendab naha barj\u00e4\u00e4ri vastupanuv\u00f5imet kahjustuste vastu.<\/p>\n<p><strong>Vastased plekkide vastu:<\/strong><\/p>\n<ul>\n<li>Depigmenteeriv efekt<\/li>\n<li>\u00dchtlustab fotovananenud naha tooni<\/li>\n<li>Tugevdab naha h\u00fcdrolipiidbarj\u00e4\u00e4ri<\/li>\n<li>S\u00fcgavniisutav<\/li>\n<li>Parandab peente kortsude ja miimikajoonte v\u00e4limust<\/li>\n<\/ul>\n<p><strong>Aloe Vera ekstrakt:<\/strong><\/p>\n<ul>\n<li>Niisutab ja pehmendab: tungib l\u00e4bi naha kolme kihi<\/li>\n<li>Taastab p\u00e4ikesekahjustusi: regenereerib kahjustatud rakke, niisutab s\u00fcgavalt ja annab v\u00e4rskendava efekti<\/li>\n<\/ul>\n<p><strong>Kondroitiinsulfaat:<\/strong><\/p>\n<ul>\n<li>Hoidab niiskust<\/li>\n<li>Aitab stimuleerida h\u00fcaluroonhappe tootmist<\/li>\n<li>Annab nahale turgorit<\/li>\n<\/ul>\n<p><strong>AQUA DERM SEERUMI KOOSTISOSAD:<\/strong><\/p>\n<p>AQUA (VESI), PROPELEENGl\u00dcKOL, NIAKTSINAMIID, GL\u00dcTSERIIN, PEG-12 DIMETIKOON, NAATRIUM-KONDROITIINSULFAAT, H\u00dcDROKS\u00dcET\u00dc\u00dcLTSELLULOOS, TSELLULOOS, OKTADETS\u00dc\u00dcL, DI-T-BUT\u00dc\u00dcL-4-H\u00dcDROKS\u00dcH\u00dcDROKORITSINAMAAT, ISOPROPIILALKOHOL, NAATRIUM-ATSET\u00c1T, PEG-12 AL\u00dc\u00dcLEETER, ET\u00dc\u00dcLHEKS\u00dc\u00dcLGL\u00dcTSERIIN, FENOKS\u00dcETANOL, POL\u00dcSORBAAT 20, PARF\u00dc\u00dcM (L\u00d5HN), HEKS\u00dc\u00dcLTSINNAMAL, LIMONEN, BENS\u00dc\u00dcLSALITS\u00dcLAAT.<\/p>\n<p><strong>AQUA DERM KREEMI KOOSTISOSAD:<\/strong><\/p>\n<p>AQUA (VESI), ALOE BARBADENSIS&#8217;E LEHE EKSTRAKT (ALOE BARBADENSIS&#8217;E LEHEMAHL), GL\u00dcTSERIIN, KAPRIILHAPPE\/KAPR\u00dc\u00dcLHAPPE TRIGL\u00dcTSERIID, CETEARYL ET\u00dc\u00dcLHEKSANOAAT, GL\u00dcTSER\u00dc\u00dcLSTEAARAAT SE, C12-20 HAPE PEG-8 ESTER, P\u00c4EVALILLE (HELIANTHUS ANNUUS) SEEMNE\u00d5LI, NIAKTSINAMIID, SHEA (BUTYROSPERMUM PARKII) V\u00d5I, TOKOFEROOL, KARBOMEER, SET\u00dc\u00dcLALKOHOL, SET\u00dc\u00dcLFOSFAAT, TRIETANOOLAMIIN, DETS\u00dc\u00dcLOLERAAT, BHT, KAPRI\u00dc\u00dcLGL\u00dcKOL, 1,2-HEKSANDIOL, TROOPOLON, FENOKS\u00dcETANOL, PARF\u00dc\u00dcM (L\u00d5HN), KINNAM\u00dc\u00dcLSPIRIT, EUGENOL, GERANIOOL, HEKS\u00dc\u00dcLTSINNAMAL, LINALOOL, BENS\u00dc\u00dcLSALITS\u00dcLAAT.<\/p>\n","protected":false},"excerpt":{"rendered":"<p>KASUTAMISVIIS (P\u00c4EV JA \u00d6\u00d6)<\/p>\n<ol>\n<li>Puhastage nahk<\/li>\n<li>Kandke AQUA DERM SEERUM n\u00e4ole ja kaelale<\/li>\n<li>Kandke AQUA DERM KREEM n\u00e4ole ja kael<\/li>\n<\/ol>\n","protected":false},"featured_media":42904,"template":"","meta":{"_seopress_robots_primary_cat":"none","_seopress_titles_title":"","_seopress_titles_desc":"","_seopress_robots_index":""},"item":[],"product_cat":[1813,151,363,1849,1852,1857,1858],"product_tag":[1882,1900,1897],"class_list":{"0":"post-42911","1":"product","2":"type-product","3":"status-publish","4":"has-post-thumbnail","6":"product_cat-otstarve","7":"product_cat-kreem-et","8":"product_cat-seerum-et","9":"product_cat-nahahooldus-nahatuubi-jargi","10":"product_cat-kuiv-veetustunud-nahk","11":"product_cat-pigmendilaigud","12":"product_cat-lotvunud-nahk","13":"product_tag-kuiv-veetustunud-nahk","14":"product_tag-lotvunud-nahk","15":"product_tag-pigmendilaigud","17":"first","18":"instock","19":"taxable","20":"shipping-taxable","21":"purchasable","22":"product-type-simple"},"_links":{"self":[{"href":"https:\/\/cutismedical.shop\/et\/wp-json\/wp\/v2\/product\/42911","targetHints":{"allow":["GET"]}}],"collection":[{"href":"https:\/\/cutismedical.shop\/et\/wp-json\/wp\/v2\/product"}],"about":[{"href":"https:\/\/cutismedical.shop\/et\/wp-json\/wp\/v2\/types\/product"}],"wp:featuredmedia":[{"embeddable":true,"href":"https:\/\/cutismedical.shop\/et\/wp-json\/wp\/v2\/media\/42904"}],"wp:attachment":[{"href":"https:\/\/cutismedical.shop\/et\/wp-json\/wp\/v2\/media?parent=42911"}],"wp:term":[{"taxonomy":"item","embeddable":true,"href":"https:\/\/cutismedical.shop\/et\/wp-json\/wp\/v2\/item?post=42911"},{"taxonomy":"product_cat","embeddable":true,"href":"https:\/\/cutismedical.shop\/et\/wp-json\/wp\/v2\/product_cat?post=42911"},{"taxonomy":"product_tag","embeddable":true,"href":"https:\/\/cutismedical.shop\/et\/wp-json\/wp\/v2\/product_tag?post=42911"}],"curies":[{"name":"wp","href":"https:\/\/api.w.org\/{rel}","templated":true}]}}