{"id":42831,"date":"2024-04-24T18:30:39","date_gmt":"2024-04-24T16:30:39","guid":{"rendered":"https:\/\/cutismedical.com\/shop\/maaratlemata\/skinclinic-kit-sun-protection-1-150ml-1-50ml-5-4ml\/"},"modified":"2024-10-18T03:26:55","modified_gmt":"2024-10-18T01:26:55","slug":"skinclinic-kit-sun-protection-1-150ml-1-50ml-5-4ml","status":"publish","type":"product","link":"https:\/\/cutismedical.shop\/et\/shop-es\/nahahooldus\/paikesekaitsekreem-et\/skinclinic-kit-sun-protection-1-150ml-1-50ml-5-4ml\/","title":{"rendered":"SkinClinic | Komplekt: P\u00e4ikesekaitse (1*150ml.+1*50ml.+5*4ml.)"},"content":{"rendered":"<p><strong>N\u00e4idustused:<\/strong><\/p>\n<p>P\u00e4ikesekaitse\u00f5li on kuivalt puudutav p\u00e4ikesekaitse\u00f5li, mille SPF on 30, ja mis on m\u00f5eldud n\u00e4o ja keha naha kaitsmiseks p\u00e4ikesekiirguse eest k\u00f5ikidele nahat\u00fc\u00fcpidele. Selle valem \u00fchendab orgaanilisi p\u00e4ikesekaitsefiltreid ja loodusliku p\u00e4ritoluga antioks\u00fcdante, mis blokeerivad k\u00f5ik UV-kiired ja takistavad nende negatiivset m\u00f5ju. Nii kaitseme nahka ja v\u00e4ldime p\u00f6\u00f6rdumatuid kahjustusi, lisaks takistame fotovananemist. Syl 100 on linna p\u00e4ikesekaitse k\u00f5ikidele nahat\u00fc\u00fcpidele, ainulaadne kontseptsioon, mis \u00fchendab vananemise m\u00e4rkide ennetamise ja ravi p\u00e4ikesekaitsega. Hydrogel Skin Care on kosmeetikatoode, mis on m\u00f5eldud naha rahustamiseks ja taastamiseks, sobib ka atoopilisele nahale.<\/p>\n<p><strong>Eelised:<\/strong><\/p>\n<p>P\u00e4ikesekaitse\u00f5li blokeerib k\u00f5ik UV-kiired ja takistab nende negatiivset m\u00f5ju, samuti ennetab fotovananemist. See p\u00e4ikesekaitse sisaldab ka looduslikke \u00f5lisid, mis on k\u00f5rge kvaliteediga ja talutavad, ning see toidab nahka iga pealekandmisega, tugevdades ja kaitstes naha loomulikku barj\u00e4\u00e4ri. Syl 100 on linna p\u00e4ikesekaitse k\u00f5ikidele nahat\u00fc\u00fcpidele, ainulaadne kontseptsioon, mis \u00fchendab vananemise m\u00e4rkide ennetamise ja ravi p\u00e4ikesekaitsega. Hydrogel Skin Care tagab naha heaolu, parandades \u00e4rrituse ja p\u00f5letiku tunnet nahal.<\/p>\n<p><strong>Kasutusjuhend:<\/strong><\/p>\n<p>Kandke p\u00e4ikesekaitset nahale umbes 30 minutit enne p\u00e4ikese k\u00e4es viibimist ja levitage \u00fchtlaselt. Kandke Hydrogel Skin Care vajalikul hulgal t\u00f6\u00f6deldavale alale, masseerides kergelt, kuni see on t\u00e4ielikult imendunud.<\/p>\n<p><strong>Aktiivained:<\/strong><\/p>\n<p>Avokaado\u00f5li, Antileukine 6\u2122, orgaanilised filtrid, madalmolekulaarne h\u00fcaluroonhape, moringa lipiidid, magusa mandli \u00f5li, looduslik kollageen, arnika, aloe vera, alfa-bisabolool, jojoba\u00f5li, Alpha-Lupaline\u00ae.<\/p>\n","protected":false},"excerpt":{"rendered":"<p><a href=\"https:\/\/cutismedical.com\/wp-content\/uploads\/2024\/04\/1-1.jpg\"><img loading=\"lazy\" decoding=\"async\" class=\"alignnone size-full wp-image-42822\" src=\"https:\/\/cutismedical.com\/wp-content\/uploads\/2024\/04\/1-1.jpg\" alt=\"\" width=\"489\" height=\"461\" srcset=\"https:\/\/cutismedical.shop\/wp-content\/uploads\/2024\/04\/1-1.jpg 489w, https:\/\/cutismedical.shop\/wp-content\/uploads\/2024\/04\/1-1-150x141.jpg 150w, https:\/\/cutismedical.shop\/wp-content\/uploads\/2024\/04\/1-1-424x400.jpg 424w\" sizes=\"auto, (max-width: 489px) 100vw, 489px\" \/><\/a><\/p>\n","protected":false},"featured_media":42827,"template":"","meta":{"_seopress_robots_primary_cat":"none","_seopress_titles_title":"","_seopress_titles_desc":"","_seopress_robots_index":""},"item":[2243],"product_cat":[1813,1847,1910,1934],"product_tag":[],"class_list":{"0":"post-42831","1":"product","2":"type-product","3":"status-publish","4":"has-post-thumbnail","6":"item-skinclinic-et","7":"product_cat-otstarve","8":"product_cat-paikesekaitsekreem","9":"product_cat-nahahooldus","10":"product_cat-paikesekaitsekreem-et","12":"first","13":"instock","14":"taxable","15":"shipping-taxable","16":"purchasable","17":"product-type-simple"},"_links":{"self":[{"href":"https:\/\/cutismedical.shop\/et\/wp-json\/wp\/v2\/product\/42831","targetHints":{"allow":["GET"]}}],"collection":[{"href":"https:\/\/cutismedical.shop\/et\/wp-json\/wp\/v2\/product"}],"about":[{"href":"https:\/\/cutismedical.shop\/et\/wp-json\/wp\/v2\/types\/product"}],"wp:featuredmedia":[{"embeddable":true,"href":"https:\/\/cutismedical.shop\/et\/wp-json\/wp\/v2\/media\/42827"}],"wp:attachment":[{"href":"https:\/\/cutismedical.shop\/et\/wp-json\/wp\/v2\/media?parent=42831"}],"wp:term":[{"taxonomy":"item","embeddable":true,"href":"https:\/\/cutismedical.shop\/et\/wp-json\/wp\/v2\/item?post=42831"},{"taxonomy":"product_cat","embeddable":true,"href":"https:\/\/cutismedical.shop\/et\/wp-json\/wp\/v2\/product_cat?post=42831"},{"taxonomy":"product_tag","embeddable":true,"href":"https:\/\/cutismedical.shop\/et\/wp-json\/wp\/v2\/product_tag?post=42831"}],"curies":[{"name":"wp","href":"https:\/\/api.w.org\/{rel}","templated":true}]}}