{"id":42815,"date":"2024-04-24T15:40:22","date_gmt":"2024-04-24T13:40:22","guid":{"rendered":"https:\/\/cutismedical.com\/shop\/maaratlemata\/skinclinic-kit-pamper-your-body-2-200ml\/"},"modified":"2024-10-18T03:30:04","modified_gmt":"2024-10-18T01:30:04","slug":"skinclinic-kit-pamper-your-body-2-200ml","status":"publish","type":"product","link":"https:\/\/cutismedical.shop\/et\/shop-es\/nahahooldus\/keha-et-prof\/skinclinic-kit-pamper-your-body-2-200ml\/","title":{"rendered":"SkinClinic | Komplekt: Hellita oma keha (2*200 ml.)"},"content":{"rendered":"<p><strong>N\u00e4idustused:<\/strong><\/p>\n<p>Newbody on kehakoorija, mis sobib k\u00f5ikidele nahat\u00fc\u00fcpidele. See sisaldab niisutavaid ja toitekomponente, mis annavad koorijale tekstuuri ja pehmendava toime, pakkudes nahale meeldivat mugavust ja pehmust. T\u00e4nu sellele muutub nahk s\u00e4ravaks, uuendatud, siledaks, pehmeks ja \u00fchtlaseks.<\/p>\n<p><strong>Eelised:<\/strong><\/p>\n<p>T\u00e4nu jojoba p\u00e4rlite ja vulkaanilise pulbri kombinatsioonile saavutame topeltkooriva toime, mis eemaldab surnud rakud ja soodustab sarvkihi uuenemist. Rakud \u00fcksteisest eralduvad, h\u00f5lbustades nende eemaldamist naha pealiskihist, j\u00e4ttes naha siledaks, \u00fchtlaseks ja s\u00e4ravaks. Celunight on m\u00f5eldud k\u00f5ige vastupidavamale ja lokaliseeritud tselluliidile. See v\u00e4hendab oluliselt &#8220;apelsinikoort&#8221;. Sellel on dreeniv, lipol\u00fc\u00fctiline, pinguldav ja v\u00e4hendav toime.<\/p>\n<p><strong>Kasutusjuhend:<\/strong><\/p>\n<p>Kandke hommikul ja \u00f5htul konkreetsetele piirkondadele. Newbody: kandke niiskele nahale. Masseerige ringjate liigutustega ja loputage rohke veega. Kasutage \u00fcks v\u00f5i kaks korda n\u00e4dalas.<\/p>\n<p><strong>Aktiivsed koostisosad:<\/strong><\/p>\n<p>Rhodysterol\u00ae, Sculptosane\u00ae, Nocturshape\u00ae, Actigym\u00ae, magusmandli\u00f5li, sheav\u00f5i, Florasun\u00ae 90, jojoba p\u00e4rlid, vulkaaniline pulber.<\/p>\n","protected":false},"excerpt":{"rendered":"<h4>CELUNIGHT 200 ML. + NEWBODY 200 ML.<\/h4>\n","protected":false},"featured_media":42811,"template":"","meta":{"_seopress_robots_primary_cat":"none","_seopress_titles_title":"","_seopress_titles_desc":"","_seopress_robots_index":""},"item":[2243],"product_cat":[1813,366,1910,1940,1849,1860],"product_tag":[1906],"class_list":{"0":"post-42815","1":"product","2":"type-product","3":"status-publish","4":"has-post-thumbnail","6":"item-skinclinic-et","7":"product_cat-otstarve","8":"product_cat-keha-et","9":"product_cat-nahahooldus","10":"product_cat-keha-et-prof","11":"product_cat-nahahooldus-nahatuubi-jargi","12":"product_cat-tselluliit","13":"product_tag-tselluliit","15":"first","16":"instock","17":"taxable","18":"shipping-taxable","19":"purchasable","20":"product-type-simple"},"_links":{"self":[{"href":"https:\/\/cutismedical.shop\/et\/wp-json\/wp\/v2\/product\/42815","targetHints":{"allow":["GET"]}}],"collection":[{"href":"https:\/\/cutismedical.shop\/et\/wp-json\/wp\/v2\/product"}],"about":[{"href":"https:\/\/cutismedical.shop\/et\/wp-json\/wp\/v2\/types\/product"}],"wp:featuredmedia":[{"embeddable":true,"href":"https:\/\/cutismedical.shop\/et\/wp-json\/wp\/v2\/media\/42811"}],"wp:attachment":[{"href":"https:\/\/cutismedical.shop\/et\/wp-json\/wp\/v2\/media?parent=42815"}],"wp:term":[{"taxonomy":"item","embeddable":true,"href":"https:\/\/cutismedical.shop\/et\/wp-json\/wp\/v2\/item?post=42815"},{"taxonomy":"product_cat","embeddable":true,"href":"https:\/\/cutismedical.shop\/et\/wp-json\/wp\/v2\/product_cat?post=42815"},{"taxonomy":"product_tag","embeddable":true,"href":"https:\/\/cutismedical.shop\/et\/wp-json\/wp\/v2\/product_tag?post=42815"}],"curies":[{"name":"wp","href":"https:\/\/api.w.org\/{rel}","templated":true}]}}