{"id":42798,"date":"2024-04-24T11:07:46","date_gmt":"2024-04-24T09:07:46","guid":{"rendered":"https:\/\/cutismedical.com\/shop\/maaratlemata\/skinclinic-kit-bye-bye-celulitis\/"},"modified":"2024-10-18T03:33:53","modified_gmt":"2024-10-18T01:33:53","slug":"skinclinic-kit-bye-bye-celulitis","status":"publish","type":"product","link":"https:\/\/cutismedical.shop\/et\/shop-es\/nahahooldus\/keha-et-prof\/skinclinic-kit-bye-bye-celulitis\/","title":{"rendered":"SkinClinic | Komplekt: H\u00fcvasti tselluliit (2*200 ml)"},"content":{"rendered":"<p><strong>N\u00e4idustused:<\/strong><\/p>\n<p>Activ-Plus Cellulite kreem on tselluliidivastane kreem, mis on eriti n\u00e4idustatud \u00f6deemilise tselluliidi puhul ja millel on kolmekordne toime: tselluliidivastane, pinguldav ja v\u00e4hendav. Pinguldav kreem t\u00e4nu aktiivsete koostisosade k\u00f5rgele kontsentratsioonile tugevdab naha elastsuse ja tugevuse eest vastutavaid struktuure, pakkudes kindlat ja niisutatud nahka.<\/p>\n<p><strong>Kasutusjuhend:<\/strong><\/p>\n<p>Kandke kaks korda p\u00e4evas kahjustatud piirkondadele (k\u00f5ht, tuharad, reied ja k\u00e4ed) ning masseerige \u00f5rnalt, kuni see t\u00e4ielikult imendub.<\/p>\n<p><strong>Aktiivsed koostisosad:<\/strong><\/p>\n<p>Nisuidu\u00f5li, Luuderohi, L-karnitiin, Mimoos, Pantenool, Rhodysterol\u00ae, Sculptosane\u00ae, Karbamiid, Magusmandli\u00f5li, Gl\u00fctserool, Fucus, \u017den\u0161enniekstrakt, Kaer, Kofeiin, Hobukastan, Aasia vesinaba, Looduslik kollageen, DMAE, Elastiin, Ruskus.<\/p>\n<p><a href=\"https:\/\/cutismedical.com\/wp-content\/uploads\/2024\/04\/1.jpg\"><img loading=\"lazy\" decoding=\"async\" class=\"alignnone size-full wp-image-42794\" src=\"https:\/\/cutismedical.com\/wp-content\/uploads\/2024\/04\/1.jpg\" alt=\"\" width=\"1000\" height=\"571\" srcset=\"https:\/\/cutismedical.shop\/wp-content\/uploads\/2024\/04\/1.jpg 1000w, https:\/\/cutismedical.shop\/wp-content\/uploads\/2024\/04\/1-150x86.jpg 150w, https:\/\/cutismedical.shop\/wp-content\/uploads\/2024\/04\/1-592x338.jpg 592w, https:\/\/cutismedical.shop\/wp-content\/uploads\/2024\/04\/1-701x400.jpg 701w, https:\/\/cutismedical.shop\/wp-content\/uploads\/2024\/04\/1-768x439.jpg 768w, https:\/\/cutismedical.shop\/wp-content\/uploads\/2024\/04\/1-510x291.jpg 510w\" sizes=\"auto, (max-width: 1000px) 100vw, 1000px\" \/><\/a><\/p>\n","protected":false},"excerpt":{"rendered":"<h4>Activ-Plus Cellulite + Pinguldav kreem + tselluliidivastane massaa\u017eiseade.<\/h4>\n<p><a href=\"https:\/\/cutismedical.com\/wp-content\/uploads\/2024\/04\/2.jpg\"><img loading=\"lazy\" decoding=\"async\" class=\"alignnone size-full wp-image-42790\" src=\"https:\/\/cutismedical.com\/wp-content\/uploads\/2024\/04\/2.jpg\" alt=\"\" width=\"428\" height=\"389\" srcset=\"https:\/\/cutismedical.shop\/wp-content\/uploads\/2024\/04\/2.jpg 428w, https:\/\/cutismedical.shop\/wp-content\/uploads\/2024\/04\/2-150x136.jpg 150w\" sizes=\"auto, (max-width: 428px) 100vw, 428px\" \/><\/a><\/p>\n","protected":false},"featured_media":42788,"template":"","meta":{"_seopress_robots_primary_cat":"none","_seopress_titles_title":"","_seopress_titles_desc":"","_seopress_robots_index":""},"item":[2243],"product_cat":[1813,366,1910,1940,1849,1860],"product_tag":[1906],"class_list":{"0":"post-42798","1":"product","2":"type-product","3":"status-publish","4":"has-post-thumbnail","6":"item-skinclinic-et","7":"product_cat-otstarve","8":"product_cat-keha-et","9":"product_cat-nahahooldus","10":"product_cat-keha-et-prof","11":"product_cat-nahahooldus-nahatuubi-jargi","12":"product_cat-tselluliit","13":"product_tag-tselluliit","15":"first","16":"instock","17":"taxable","18":"shipping-taxable","19":"purchasable","20":"product-type-simple"},"_links":{"self":[{"href":"https:\/\/cutismedical.shop\/et\/wp-json\/wp\/v2\/product\/42798","targetHints":{"allow":["GET"]}}],"collection":[{"href":"https:\/\/cutismedical.shop\/et\/wp-json\/wp\/v2\/product"}],"about":[{"href":"https:\/\/cutismedical.shop\/et\/wp-json\/wp\/v2\/types\/product"}],"wp:featuredmedia":[{"embeddable":true,"href":"https:\/\/cutismedical.shop\/et\/wp-json\/wp\/v2\/media\/42788"}],"wp:attachment":[{"href":"https:\/\/cutismedical.shop\/et\/wp-json\/wp\/v2\/media?parent=42798"}],"wp:term":[{"taxonomy":"item","embeddable":true,"href":"https:\/\/cutismedical.shop\/et\/wp-json\/wp\/v2\/item?post=42798"},{"taxonomy":"product_cat","embeddable":true,"href":"https:\/\/cutismedical.shop\/et\/wp-json\/wp\/v2\/product_cat?post=42798"},{"taxonomy":"product_tag","embeddable":true,"href":"https:\/\/cutismedical.shop\/et\/wp-json\/wp\/v2\/product_tag?post=42798"}],"curies":[{"name":"wp","href":"https:\/\/api.w.org\/{rel}","templated":true}]}}