{"id":42765,"date":"2024-04-23T20:13:44","date_gmt":"2024-04-23T18:13:44","guid":{"rendered":"https:\/\/cutismedical.com\/shop\/maaratlemata\/jeuderm-platinum-hair-tone-nails-skin-30-capsules\/"},"modified":"2024-10-18T12:50:57","modified_gmt":"2024-10-18T10:50:57","slug":"jeuderm-platinum-hair-tone-nails-skin-30-capsules","status":"publish","type":"product","link":"https:\/\/cutismedical.shop\/et\/shop-es\/supplement-prof\/jeuderm-platinum-hair-tone-nails-skin-30-capsules\/","title":{"rendered":"JeuDerm. Platinum Hair Tone Nails &#038; Skin (30 kapslit)"},"content":{"rendered":"<p><strong>Peamised koostisosad:<\/strong><\/p>\n<p>vitamiin C 100 mg, MSM 100 mg, L-ts\u00fcsteiin 60 mg, L-metioniin 60 mg, hirsi ekstrakt 50 mg, r\u00e4ni 50 mg, vitamiin E 20 mg, pantoteenhape 20 mg, tsink 10 mg, vask 2 mg, biotiin 100 mcg, seleen 50 mcg<\/p>\n<p><strong>N\u00e4idustused kasutamiseks:<\/strong><\/p>\n<p>meestele ja naistele juuste v\u00e4ljalangemise probleemidega, inimestele, kes kannatavad kuivade ja haprate k\u00fc\u00fcnte all, kombineeritult spetsiaalsete juuksehooldustoodetega<\/p>\n<p><strong>Kasutusviis:<\/strong> 1 kapsel p\u00e4evas p\u00e4rast s\u00f6\u00f6ki<\/p>\n<p><strong>Pakend:<\/strong> 30 kapslit klaaspurgis<\/p>\n<p><strong>S\u00e4ilitamistingimused:<\/strong> toatemperatuuril<\/p>\n<p><strong>K\u00f5lblikkusaeg:<\/strong> 3 aastat<\/p>\n<p>Hoida lastele k\u00e4ttesaamatus kohas. Hoida toodet eemal kuumusest, valgusest ja niiskusest. \u00c4rge \u00fcletage soovitatud p\u00e4evast annust. See toode ei ole m\u00f5eldud haiguste ennetamiseks, raviks ega l\u00f5petamiseks. Konsulteerige arstiga, kui olete rase, toidate last rinnaga, v\u00f5tate ravimeid v\u00f5i teil on terviseprobleeme.<\/p>\n<p>Toidulisand, mis sisaldab h\u00fcdrol\u00fc\u00fcsitud looduslikku keratiini, L-ts\u00fcsteiini, L-l\u00fcsiini, MSM-i ja olulisi mikroelemente. V\u00e4lja t\u00f6\u00f6tatud keratiini tootmise suurendamiseks, antioks\u00fcdantse toime ja rakukaitse jaoks, parandab juuste kasvufaasi, tugevdab disulfiidsidemeid, mis seovad juukse valguahelaid, samuti aitab s\u00e4ilitada juuste, k\u00fc\u00fcnte ja naha normaalset seisundit. HairTone Nails &amp; Skin mikrotoitained, mis aitavad kaasa normaalsete juuste s\u00e4ilitamisele, h\u00f5lmavad tsinki, seleeni ja biotiini. Lisaks aitavad seleen ja tsink kaasa normaalsete k\u00fc\u00fcnte s\u00e4ilitamisele, samal ajal kui biotiin ja tsink aitavad s\u00e4ilitada naha normaalset seisundit. Vitamiin C aitab kaasa normaalse kollageeni moodustumisele naha normaalseks funktsioneerimiseks, samas kui vask aitab kaasa normaalse sidekoe ning juuste ja naha pigmendi s\u00e4ilitamisele. Hair Tone Nails &amp; Skin on toidulisand, mis sobib nii naistele kui meestele.<\/p>\n","protected":false},"excerpt":{"rendered":"<p>V\u00e4lja t\u00f6\u00f6tatud keratiini tootmise suurendamiseks, antioks\u00fcdantse toime ja rakukaitse jaoks, parandab juuste kasvufaasi, tugevdab disulfiidsidemeid, mis seovad juukse valguahelaid, ja aitab s\u00e4ilitada juuste, k\u00fc\u00fcnte ja naha normaalset seisundit.<\/p>\n","protected":false},"featured_media":42761,"template":"","meta":{"_seopress_robots_primary_cat":"none","_seopress_titles_title":"","_seopress_titles_desc":"","_seopress_robots_index":""},"item":[2229],"product_cat":[1984],"product_tag":[],"class_list":{"0":"post-42765","1":"product","2":"type-product","3":"status-publish","4":"has-post-thumbnail","6":"item-jeuderm-et","7":"product_cat-supplement-prof","9":"first","10":"instock","11":"taxable","12":"shipping-taxable","13":"purchasable","14":"product-type-simple"},"_links":{"self":[{"href":"https:\/\/cutismedical.shop\/et\/wp-json\/wp\/v2\/product\/42765","targetHints":{"allow":["GET"]}}],"collection":[{"href":"https:\/\/cutismedical.shop\/et\/wp-json\/wp\/v2\/product"}],"about":[{"href":"https:\/\/cutismedical.shop\/et\/wp-json\/wp\/v2\/types\/product"}],"wp:featuredmedia":[{"embeddable":true,"href":"https:\/\/cutismedical.shop\/et\/wp-json\/wp\/v2\/media\/42761"}],"wp:attachment":[{"href":"https:\/\/cutismedical.shop\/et\/wp-json\/wp\/v2\/media?parent=42765"}],"wp:term":[{"taxonomy":"item","embeddable":true,"href":"https:\/\/cutismedical.shop\/et\/wp-json\/wp\/v2\/item?post=42765"},{"taxonomy":"product_cat","embeddable":true,"href":"https:\/\/cutismedical.shop\/et\/wp-json\/wp\/v2\/product_cat?post=42765"},{"taxonomy":"product_tag","embeddable":true,"href":"https:\/\/cutismedical.shop\/et\/wp-json\/wp\/v2\/product_tag?post=42765"}],"curies":[{"name":"wp","href":"https:\/\/api.w.org\/{rel}","templated":true}]}}