{"id":42740,"date":"2024-04-23T19:41:05","date_gmt":"2024-04-23T17:41:05","guid":{"rendered":"https:\/\/cutismedical.com\/shop\/maaratlemata\/jeuderm-infugen-collagen-peptide-90-capsules\/"},"modified":"2024-10-18T13:03:27","modified_gmt":"2024-10-18T11:03:27","slug":"jeuderm-infugen-collagen-peptide-90-capsules","status":"publish","type":"product","link":"https:\/\/cutismedical.shop\/et\/shop-es\/supplement-prof\/jeuderm-infugen-collagen-peptide-90-capsules\/","title":{"rendered":"JeuDerm. Infugen Collagen Peptide (90 kapslit)"},"content":{"rendered":"<div class=\"mb-4\">\n<p><strong>Peamised koostisosad:<\/strong><\/p>\n<p>madala molekulmassiga kollageenpeptiidid (300 DA) (300 mg), biotiin (0,2 mg), stabiilne C-vitamiin (30 mg), seleen (0,06 mg), tsink (8 mg)<\/p>\n<p><strong>N\u00e4idustused kasutamiseks:<\/strong><\/p>\n<p>k\u00f5ikidele naistele alates 25. eluaastast, kuiva ja l\u00f5tva nahaga, p\u00e4ikese k\u00e4es p\u00e4evitajatele, aktiivselt spordiga tegelevatele inimestele<\/p>\n<p><strong>Kasutusviis:<\/strong><\/p>\n<p>3 kapslit p\u00e4evas (hommikul, l\u00f5unal ja \u00f5htul)<\/p>\n<p><strong>Pakend:<\/strong> 90 kapslit purgis<\/p>\n<p><strong>S\u00e4ilitamistingimused:<\/strong> toatemperatuuril<\/p>\n<p><strong>K\u00f5lblikkusaeg:<\/strong> 2 aastat<\/p>\n<\/div>\n","protected":false},"excerpt":{"rendered":"<p><strong>Kollageenpeptiid InfuGen<\/strong> stimuleerib oma kollageeni s\u00fcnteesi, taastab kahjustatud struktuurid, suurendab naha elastsust ja selle taastumisv\u00f5imet. S\u00e4ilitab terve naha seisundi, aeglustab vananemise n\u00e4htavaid m\u00e4rke. Parandab juuste ja k\u00fc\u00fcnte struktuuri, toetab luude ja liigeste tihedust.<\/p>\n","protected":false},"featured_media":42736,"template":"","meta":{"_seopress_robots_primary_cat":"none","_seopress_titles_title":"","_seopress_titles_desc":"","_seopress_robots_index":""},"item":[2229],"product_cat":[1984],"product_tag":[],"class_list":{"0":"post-42740","1":"product","2":"type-product","3":"status-publish","4":"has-post-thumbnail","6":"item-jeuderm-et","7":"product_cat-supplement-prof","9":"first","10":"instock","11":"taxable","12":"shipping-taxable","13":"purchasable","14":"product-type-simple"},"_links":{"self":[{"href":"https:\/\/cutismedical.shop\/et\/wp-json\/wp\/v2\/product\/42740","targetHints":{"allow":["GET"]}}],"collection":[{"href":"https:\/\/cutismedical.shop\/et\/wp-json\/wp\/v2\/product"}],"about":[{"href":"https:\/\/cutismedical.shop\/et\/wp-json\/wp\/v2\/types\/product"}],"wp:featuredmedia":[{"embeddable":true,"href":"https:\/\/cutismedical.shop\/et\/wp-json\/wp\/v2\/media\/42736"}],"wp:attachment":[{"href":"https:\/\/cutismedical.shop\/et\/wp-json\/wp\/v2\/media?parent=42740"}],"wp:term":[{"taxonomy":"item","embeddable":true,"href":"https:\/\/cutismedical.shop\/et\/wp-json\/wp\/v2\/item?post=42740"},{"taxonomy":"product_cat","embeddable":true,"href":"https:\/\/cutismedical.shop\/et\/wp-json\/wp\/v2\/product_cat?post=42740"},{"taxonomy":"product_tag","embeddable":true,"href":"https:\/\/cutismedical.shop\/et\/wp-json\/wp\/v2\/product_tag?post=42740"}],"curies":[{"name":"wp","href":"https:\/\/api.w.org\/{rel}","templated":true}]}}