{"id":42685,"date":"2024-04-19T19:41:23","date_gmt":"2024-04-19T17:41:23","guid":{"rendered":"https:\/\/cutismedical.com\/shop\/maaratlemata\/guna-collagen-10pcs-2ml\/"},"modified":"2024-10-18T13:25:38","modified_gmt":"2024-10-18T11:25:38","slug":"guna-collagen-10pcs-2ml","status":"publish","type":"product","link":"https:\/\/cutismedical.shop\/et\/shop-es\/mesoteraapia-et\/nagu-et\/guna-collagen-10pcs-2ml\/","title":{"rendered":"Guna-Collagen (10 tk.2 ml)"},"content":{"rendered":"<ol>\n<li>\n<ol>\n<li><strong>N\u00e4idustused ja kasutus Guna Collagen jaoks<\/strong><\/li>\n<\/ol>\n<p>1.1. Naha tooni parandamine<\/p>\n<p>1.2. N\u00e4o ja kaela kortsude ravi<\/p>\n<p>1.3. Sidekoe ainevahetuse stimuleerimine.<\/p>\n<ol start=\"2\">\n<li><strong>Guna Collagen annustamine ja manustamine<\/strong><\/li>\n<\/ol>\n<p>2.1. Naha tooni parandamine IM manustamiseks: 1 viaal 1-3 korda n\u00e4dalas, s\u00f5ltuvalt seisundi raskusest ja kliinilisest edenemisest.<\/p>\n<p>2.2. N\u00e4o ja kaela kortsude ravi mesoteraapia tehnikaga: 1 viaal. Kasutades 4 mm, 30G n\u00f5ela, tehke klassikalised intradermaalsed s\u00fcstid mesoteraapia tehnikaga.<\/p>\n<p>2.3. Kaela kortsude ravi mesoteraapia tehnikaga: 0,3 ml kortsu\/kan\u00fcleerimise kohta. Kasutades 13 mm, 30G n\u00f5ela, sisestage n\u00f5el naha alla kogu pikkuses, kan\u00fcleerige kortsu, liigutades n\u00f5ela \u00f5rnalt vasakule ja paremale, s\u00fcstides samal ajal s\u00fcstla sisu (tunneli tehnika) n\u00f5ela eemaldamise ajal.<\/p>\n<p>2.4. Mesoteraapia tehnika standardprotokoll koosneb \u00fchest sessioonist n\u00e4dalas 5-7 n\u00e4dala jooksul. Pikemate ravide korral soovitatakse 2 sessiooni esimesel n\u00e4dalal, 1 sessioon n\u00e4dalas 1 kuu jooksul ja seej\u00e4rel 1 sessioon kuus.<\/p>\n<p>Kasutamata lahust \u00e4ra visata.<\/p>\n<p>2.5. Viaalide avamine: Kasutage steriilseid n\u00f5elu ja steriilset s\u00fcstalt. \u00c4rge kasutage uuesti. \u00c4rge kasutage, kui on v\u00f5\u00f5rosakesi. T\u00f5mmake 1 ml \u00f5hku s\u00fcstlasse, sisestage n\u00f5el viaali, s\u00fcstige \u00f5hk ja t\u00f5mmake lahus s\u00fcstlasse.<\/p>\n<p><strong>Aktiivne koostisosa:<\/strong> Kollageen 6X.<\/p>\n<p><strong>Mitteaktiivne koostisosa:<\/strong> Steriilne isotooniline naatriumkloriidi lahus.<\/p>\n<ol start=\"3\">\n<li><strong>Vastun\u00e4idustused<\/strong><\/li>\n<\/ol>\n<p>3.1. GUNA\u00ae-COLLAGEN \u00fclitundlikkuse kohta puudub ajalugu. Siiski tuleks \u00fclitundlikkusega patsiente enne kasutamist testida. Tehke kohapealne s\u00fcst (0,1 ml) k\u00e4sivarrele ja j\u00e4lgige reaktsiooni 1 tunni jooksul.<\/p>\n<ol start=\"4\">\n<li><strong>Hoiatused ja ettevaatusabin\u00f5ud<\/strong><\/li>\n<\/ol>\n<p>4.1. Kindlasti desinfitseerige ala enne kasutamist. P\u00e4rast protseduuri v\u00e4ltige alkoholi sisaldavaid desinfitseerivaid vahendeid, kuna need p\u00f5hjustavad kohalikku \u00e4rritust, mis n\u00e4ib ebameeldiv n\u00e4ol. Enamikel juhtudel kaob kerge \u00e4rritus 2 tunni jooksul.<\/p>\n<p>4.2. Naha desinfitseerimine on kohustuslik enne protseduuri. Saprof\u00fc\u00fctilised bakterid v\u00f5ivad p\u00f5hjustada s\u00fcstekohas abstsesside tekkimist, kui nahka ei valmistata korralikult ette.<\/p>\n<ol start=\"5\">\n<li><strong>K\u00f5rvaltoimed<\/strong><\/li>\n<\/ol>\n<p>5.1. K\u00f5ige sagedasem kerge k\u00f5rvaltoime on kerge punetus s\u00fcstekohal n\u00f5ela mehaanilise toime v\u00f5i pindmise naha kerge er\u00fcteemi reaktsiooni t\u00f5ttu.<\/p>\n<p><strong>Kollageeni<\/strong> s\u00fcstitav rakendus on laialdaselt kasutusel kortsude raviks. Hom\u00f6opaatilise lahjenduse kasutamine on traditsioonilise rakenduse laiendus, kus kortsude m\u00f5ju saavutatakse ainevahetuse parandamise kaudu rakendusalas, mitte t\u00e4itmisefekti t\u00f5ttu. Nahk omandab s\u00e4rava ja elavdava v\u00e4limuse, mis kestab 3 kuni 6 kuud p\u00e4rast protokolli l\u00f5ppu, s\u00f5ltuvalt patsiendi harjumustest ja naha seisundist enne ravi.<\/p>\n<p>Hoida toatemperatuuril, 20-25\u00b0C (68-77\u00b0F). V\u00e4ltida k\u00fclmutamist ja liigset kuumutamist.<\/li>\n<\/ol>\n","protected":false},"excerpt":{"rendered":"<h4><span style=\"color: #ed1c24;\"><strong>Ei ole mu\u0308u\u0308giks ELis!<\/strong><\/span><\/h4>\n<p>Ekstratsellulaarmaatriksi ainevahetuse stimuleerimine. Armide v\u00e4hendamine. Vananemisilmingute v\u00e4hendamine. Kortsude v\u00e4hendamine.<\/p>\n","protected":false},"featured_media":42683,"template":"","meta":{"_seopress_robots_primary_cat":"none","_seopress_titles_title":"","_seopress_titles_desc":"","_seopress_robots_index":""},"item":[2249],"product_cat":[155,1188,1865,1866,1867],"product_tag":[],"class_list":{"0":"post-42685","1":"product","2":"type-product","3":"status-publish","4":"has-post-thumbnail","6":"item-guna-et","7":"product_cat-mesoteraapia-et","8":"product_cat-nagu-et","9":"product_cat-tugevdamine-naha-pinguldamine","10":"product_cat-liftingu-efekt-pinguldav-toime","11":"product_cat-post-akne-et","13":"first","14":"instock","15":"taxable","16":"shipping-taxable","17":"purchasable","18":"product-type-simple"},"_links":{"self":[{"href":"https:\/\/cutismedical.shop\/et\/wp-json\/wp\/v2\/product\/42685","targetHints":{"allow":["GET"]}}],"collection":[{"href":"https:\/\/cutismedical.shop\/et\/wp-json\/wp\/v2\/product"}],"about":[{"href":"https:\/\/cutismedical.shop\/et\/wp-json\/wp\/v2\/types\/product"}],"wp:featuredmedia":[{"embeddable":true,"href":"https:\/\/cutismedical.shop\/et\/wp-json\/wp\/v2\/media\/42683"}],"wp:attachment":[{"href":"https:\/\/cutismedical.shop\/et\/wp-json\/wp\/v2\/media?parent=42685"}],"wp:term":[{"taxonomy":"item","embeddable":true,"href":"https:\/\/cutismedical.shop\/et\/wp-json\/wp\/v2\/item?post=42685"},{"taxonomy":"product_cat","embeddable":true,"href":"https:\/\/cutismedical.shop\/et\/wp-json\/wp\/v2\/product_cat?post=42685"},{"taxonomy":"product_tag","embeddable":true,"href":"https:\/\/cutismedical.shop\/et\/wp-json\/wp\/v2\/product_tag?post=42685"}],"curies":[{"name":"wp","href":"https:\/\/api.w.org\/{rel}","templated":true}]}}