{"id":42634,"date":"2024-04-12T17:31:39","date_gmt":"2024-04-12T15:31:39","guid":{"rendered":"https:\/\/cutismedical.com\/shop\/maaratlemata\/skinclinic-mask-biocelmask-illumina-effect-1pc\/"},"modified":"2024-10-18T13:32:48","modified_gmt":"2024-10-18T11:32:48","slug":"skinclinic-mask-biocelmask-illumina-effect-1pc","status":"publish","type":"product","link":"https:\/\/cutismedical.shop\/et\/shop-es\/nahahooldus\/maskid-et-prof\/skinclinic-mask-biocelmask-illumina-effect-1pc\/","title":{"rendered":"SkinClinic | Mask. Biocellmask ILLUMINA Effect 1 tk"},"content":{"rendered":"<p><strong>Kasu:<\/strong><\/p>\n<p>Uuendab nahka ja k\u00f5rvaldab kahjustused, mis on p\u00f5hjustatud v\u00f5i esile kutsutud intensiivse p\u00e4ikese k\u00e4es viibimise t\u00f5ttu (rannap\u00e4evad, lumi, v\u00e4litegevused). Hoiab \u00e4ra fotovananemist. Annab s\u00e4rava v\u00e4ljan\u00e4gemise. Ideaalne kasutamiseks kord n\u00e4dalas kodus, et t\u00e4iendada oma ilurutiini.<\/p>\n<p><strong>Kasutusjuhend:<\/strong><\/p>\n<ol>\n<li>Eemaldage maski \u00fchelt k\u00fcljelt \u00fcks kaitsekangas.<\/li>\n<li>Kandke maski pool ilma kangata eelnevalt puhastatud nahale.<\/li>\n<li>Eemaldage teine kaitsekangas.<\/li>\n<li>Kohandage ja siluge maski. Vajutage s\u00f5rmeotstega, et seerum imenduks nahka.<\/li>\n<li>Eemaldage mask 15-30 minuti p\u00e4rast. Masseerige, kuni seerum t\u00e4ielikult imendub. \u00c4rge loputage veega. V\u00e4lispidiseks kasutamiseks.<\/li>\n<\/ol>\n<p><strong>Aktiivsed koostisosad:<\/strong> Oligogeline\u00ae, stabiilne C-vitamiin, l\u00fc\u00fcsitud bifidobakterid, madalmolekulaarne h\u00fcaluroonhape.<\/p>\n","protected":false},"excerpt":{"rendered":"<p>Annab nahale s\u00e4ra, suurendades selle loomulikku valgust ja s\u00e4ra.<\/p>\n","protected":false},"featured_media":42630,"template":"","meta":{"_seopress_robots_primary_cat":"none","_seopress_titles_title":"","_seopress_titles_desc":"","_seopress_robots_index":""},"item":[2243],"product_cat":[1813,152,1910,1919,1849,1857],"product_tag":[1897],"class_list":{"0":"post-42634","1":"product","2":"type-product","3":"status-publish","4":"has-post-thumbnail","6":"item-skinclinic-et","7":"product_cat-otstarve","8":"product_cat-maskid-et","9":"product_cat-nahahooldus","10":"product_cat-maskid-et-prof","11":"product_cat-nahahooldus-nahatuubi-jargi","12":"product_cat-pigmendilaigud","13":"product_tag-pigmendilaigud","15":"first","16":"instock","17":"taxable","18":"shipping-taxable","19":"purchasable","20":"product-type-simple"},"_links":{"self":[{"href":"https:\/\/cutismedical.shop\/et\/wp-json\/wp\/v2\/product\/42634","targetHints":{"allow":["GET"]}}],"collection":[{"href":"https:\/\/cutismedical.shop\/et\/wp-json\/wp\/v2\/product"}],"about":[{"href":"https:\/\/cutismedical.shop\/et\/wp-json\/wp\/v2\/types\/product"}],"wp:featuredmedia":[{"embeddable":true,"href":"https:\/\/cutismedical.shop\/et\/wp-json\/wp\/v2\/media\/42630"}],"wp:attachment":[{"href":"https:\/\/cutismedical.shop\/et\/wp-json\/wp\/v2\/media?parent=42634"}],"wp:term":[{"taxonomy":"item","embeddable":true,"href":"https:\/\/cutismedical.shop\/et\/wp-json\/wp\/v2\/item?post=42634"},{"taxonomy":"product_cat","embeddable":true,"href":"https:\/\/cutismedical.shop\/et\/wp-json\/wp\/v2\/product_cat?post=42634"},{"taxonomy":"product_tag","embeddable":true,"href":"https:\/\/cutismedical.shop\/et\/wp-json\/wp\/v2\/product_tag?post=42634"}],"curies":[{"name":"wp","href":"https:\/\/api.w.org\/{rel}","templated":true}]}}