{"id":42601,"date":"2024-04-09T19:41:14","date_gmt":"2024-04-09T17:41:14","guid":{"rendered":"https:\/\/cutismedical.com\/shop\/maaratlemata\/skinclinic-mask-biocelmask-antiaging-effect-1pc\/"},"modified":"2024-10-18T13:36:26","modified_gmt":"2024-10-18T11:36:26","slug":"skinclinic-mask-biocelmask-antiaging-effect-1pc","status":"publish","type":"product","link":"https:\/\/cutismedical.shop\/et\/shop-es\/nahahooldus\/maskid-et-prof\/skinclinic-mask-biocelmask-antiaging-effect-1pc\/","title":{"rendered":"SkinClinic | Mask. Biocelmask Antiaging Effect 1 tk"},"content":{"rendered":"<p><strong>Kasu:<\/strong><\/p>\n<p>Globaalne kortsudevastane toime, kohene niisutus ja vananemisilmingute parandamine, sobib igale nahat\u00fc\u00fcbile. Ideaalne kasutamiseks kord n\u00e4dalas kodus, et t\u00e4iendada oma iluhooldust.<\/p>\n<p><strong>Kasutusjuhend:<\/strong><\/p>\n<ol>\n<li>Eemaldage maski \u00fchelt k\u00fcljelt \u00fcks kaitsekangas.<\/li>\n<li>Kandke maski pool ilma kangata eelnevalt puhastatud nahale.<\/li>\n<li>Eemaldage teine kaitsekangas.<\/li>\n<li>Kohandage ja siluge maski. Vajutage s\u00f5rmeotstega, et seerum imenduks nahka.<\/li>\n<li>Eemaldage mask 15-30 minuti p\u00e4rast. Masseerige, kuni seerum t\u00e4ielikult imendub. \u00c4rge loputage veega. Ainult v\u00e4lispidiseks kasutamiseks.<\/li>\n<\/ol>\n<p><strong>Aktiivsed koostisosad:<\/strong><\/p>\n<p>ASPAR &#8216;AGE\u2122, Revinage\u00ae, Multimoist CLR\u2122, Physiogenyl\u00ae, madalmolekulaarne h\u00fcaluroonhape.<\/p>\n","protected":false},"excerpt":{"rendered":"<p>Betselluloosmask &#8211; globaalne kortsudevastane toime.<\/p>\n","protected":false},"featured_media":42597,"template":"","meta":{"_seopress_robots_primary_cat":"none","_seopress_titles_title":"","_seopress_titles_desc":"","_seopress_robots_index":""},"item":[2243],"product_cat":[1813,152,1910,1919,1849,1852,1853,1858],"product_tag":[1885,1882,1900],"class_list":{"0":"post-42601","1":"product","2":"type-product","3":"status-publish","4":"has-post-thumbnail","6":"item-skinclinic-et","7":"product_cat-otstarve","8":"product_cat-maskid-et","9":"product_cat-nahahooldus","10":"product_cat-maskid-et-prof","11":"product_cat-nahahooldus-nahatuubi-jargi","12":"product_cat-kuiv-veetustunud-nahk","13":"product_cat-kortsud","14":"product_cat-lotvunud-nahk","15":"product_tag-kortsud","16":"product_tag-kuiv-veetustunud-nahk","17":"product_tag-lotvunud-nahk","19":"first","20":"instock","21":"taxable","22":"shipping-taxable","23":"purchasable","24":"product-type-simple"},"_links":{"self":[{"href":"https:\/\/cutismedical.shop\/et\/wp-json\/wp\/v2\/product\/42601","targetHints":{"allow":["GET"]}}],"collection":[{"href":"https:\/\/cutismedical.shop\/et\/wp-json\/wp\/v2\/product"}],"about":[{"href":"https:\/\/cutismedical.shop\/et\/wp-json\/wp\/v2\/types\/product"}],"wp:featuredmedia":[{"embeddable":true,"href":"https:\/\/cutismedical.shop\/et\/wp-json\/wp\/v2\/media\/42597"}],"wp:attachment":[{"href":"https:\/\/cutismedical.shop\/et\/wp-json\/wp\/v2\/media?parent=42601"}],"wp:term":[{"taxonomy":"item","embeddable":true,"href":"https:\/\/cutismedical.shop\/et\/wp-json\/wp\/v2\/item?post=42601"},{"taxonomy":"product_cat","embeddable":true,"href":"https:\/\/cutismedical.shop\/et\/wp-json\/wp\/v2\/product_cat?post=42601"},{"taxonomy":"product_tag","embeddable":true,"href":"https:\/\/cutismedical.shop\/et\/wp-json\/wp\/v2\/product_tag?post=42601"}],"curies":[{"name":"wp","href":"https:\/\/api.w.org\/{rel}","templated":true}]}}