{"id":42589,"date":"2024-04-09T19:15:11","date_gmt":"2024-04-09T17:15:11","guid":{"rendered":"https:\/\/cutismedical.com\/shop\/maaratlemata\/skinclinic-mask-biocelmask-flash-wow-effect-1pc\/"},"modified":"2024-10-18T13:40:33","modified_gmt":"2024-10-18T11:40:33","slug":"skinclinic-mask-biocelmask-flash-wow-effect-1pc","status":"publish","type":"product","link":"https:\/\/cutismedical.shop\/et\/shop-es\/nahahooldus-nahatuubi-jargi\/kortsud\/skinclinic-mask-biocelmask-flash-wow-effect-1pc\/","title":{"rendered":"SkinClinic | Mask. Biocelmask Flash WOW Effect 1 tk"},"content":{"rendered":"<div class=\"flex max-w-full flex-col flex-grow\">\n<div class=\"min-h-8 text-message flex w-full flex-col items-end gap-2 whitespace-normal break-words [.text-message+&amp;]:mt-5\" dir=\"auto\" data-message-author-role=\"assistant\" data-message-id=\"406a1e0b-fc35-40dc-98b3-0f91c43b6a0f\" data-message-model-slug=\"gpt-4o\">\n<div class=\"flex w-full flex-col gap-1 empty:hidden first:pt-[3px]\">\n<div class=\"markdown prose w-full break-words dark:prose-invert light\">\n<p><strong>Kasu:<\/strong><\/p>\n<p>Parandab naha tekstuuri, t\u00e4ites ja siludes kortse. Ideaalne kasutamiseks kord n\u00e4dalas kodus, et t\u00e4iendada oma iluhooldust.<\/p>\n<p><strong>Kasutusjuhend:<\/strong><\/p>\n<ol>\n<li>Eemaldage maski \u00fchelt k\u00fcljelt \u00fcks kaitsekangas.<\/li>\n<li>Kandke maski pool ilma kangata eelnevalt puhastatud nahale.<\/li>\n<li>Eemaldage teine kaitsekangas.<\/li>\n<li>Kohandage ja siluge maski. Vajutage s\u00f5rmeotstega, et seerum imenduks nahka.<\/li>\n<li>Eemaldage mask 15-30 minuti p\u00e4rast. Masseerige, kuni seerum t\u00e4ielikult imendub. \u00c4rge loputage veega. Ainult v\u00e4lispidiseks kasutamiseks.<\/li>\n<\/ol>\n<p><strong>Aktiivsed koostisosad:<\/strong><\/p>\n<p>Dermotenseur\u2122, Gatuline\u00ae Expression AF, DMAE, Sirtalice\u2122, madalmolekulaarne h\u00fcaluroonhape.<\/p>\n<\/div>\n<\/div>\n<\/div>\n<\/div>\n","protected":false},"excerpt":{"rendered":"<p>Liftingu efekt.<\/p>\n","protected":false},"featured_media":42587,"template":"","meta":{"_seopress_robots_primary_cat":"none","_seopress_titles_title":"","_seopress_titles_desc":"","_seopress_robots_index":""},"item":[2243],"product_cat":[1813,152,1849,1853,1858],"product_tag":[1885,1900],"class_list":{"0":"post-42589","1":"product","2":"type-product","3":"status-publish","4":"has-post-thumbnail","6":"item-skinclinic-et","7":"product_cat-otstarve","8":"product_cat-maskid-et","9":"product_cat-nahahooldus-nahatuubi-jargi","10":"product_cat-kortsud","11":"product_cat-lotvunud-nahk","12":"product_tag-kortsud","13":"product_tag-lotvunud-nahk","15":"first","16":"instock","17":"taxable","18":"shipping-taxable","19":"purchasable","20":"product-type-simple"},"_links":{"self":[{"href":"https:\/\/cutismedical.shop\/et\/wp-json\/wp\/v2\/product\/42589","targetHints":{"allow":["GET"]}}],"collection":[{"href":"https:\/\/cutismedical.shop\/et\/wp-json\/wp\/v2\/product"}],"about":[{"href":"https:\/\/cutismedical.shop\/et\/wp-json\/wp\/v2\/types\/product"}],"wp:featuredmedia":[{"embeddable":true,"href":"https:\/\/cutismedical.shop\/et\/wp-json\/wp\/v2\/media\/42587"}],"wp:attachment":[{"href":"https:\/\/cutismedical.shop\/et\/wp-json\/wp\/v2\/media?parent=42589"}],"wp:term":[{"taxonomy":"item","embeddable":true,"href":"https:\/\/cutismedical.shop\/et\/wp-json\/wp\/v2\/item?post=42589"},{"taxonomy":"product_cat","embeddable":true,"href":"https:\/\/cutismedical.shop\/et\/wp-json\/wp\/v2\/product_cat?post=42589"},{"taxonomy":"product_tag","embeddable":true,"href":"https:\/\/cutismedical.shop\/et\/wp-json\/wp\/v2\/product_tag?post=42589"}],"curies":[{"name":"wp","href":"https:\/\/api.w.org\/{rel}","templated":true}]}}