{"id":42513,"date":"2024-04-05T16:59:22","date_gmt":"2024-04-05T14:59:22","guid":{"rendered":"https:\/\/cutismedical.com\/shop\/maaratlemata\/skinclinic-hand-care-hand-cream-70ml\/"},"modified":"2024-10-18T13:58:20","modified_gmt":"2024-10-18T11:58:20","slug":"skinclinic-hand-care-hand-cream-70ml","status":"publish","type":"product","link":"https:\/\/cutismedical.shop\/et\/shop-es\/nahahooldus\/katekreem-et\/skinclinic-hand-care-hand-cream-70ml\/","title":{"rendered":"SkinClinic | K\u00e4tehooldus. K\u00e4tekreem 70 ml."},"content":{"rendered":"<p><strong>N\u00e4idustused:<\/strong><\/p>\n<p>K\u00e4tehooldusvahend kuivade v\u00f5i elutute k\u00e4te niisutamiseks, mille p\u00f5hjus on vananemine v\u00f5i v\u00e4listegurid.<\/p>\n<p><strong>Eelised:<\/strong><\/p>\n<p>Kaitseb ja niisutab kuivi ja kahjustatud k\u00e4si igap\u00e4evase t\u00f6\u00f6 t\u00f5ttu. Taastab k\u00e4te h\u00fcdrolipiidse tasakaalu.<\/p>\n<p><strong>Kasutusjuhend:<\/strong><\/p>\n<p>Kandke v\u00e4ike kogus kreemi \u00f5rnade masseerivate liigutustega nii sageli, kui soovite.<\/p>\n<p><strong>Aktiivsed koostisosad:<\/strong><\/p>\n<p>Aloe vera, uurea, gl\u00fckoolhappega kaeraekstrakt, jojoba\u00f5li, allantoiin, pantenool, alfa-bisabolool.<\/p>\n","protected":false},"excerpt":{"rendered":"<p>Intensiivne niisutus kuivadele v\u00f5i elututele k\u00e4tele.<\/p>\n","protected":false},"featured_media":42509,"template":"","meta":{"_seopress_robots_primary_cat":"none","_seopress_titles_title":"","_seopress_titles_desc":"","_seopress_robots_index":""},"item":[2243],"product_cat":[1813,1848,1910,1937],"product_tag":[],"class_list":{"0":"post-42513","1":"product","2":"type-product","3":"status-publish","4":"has-post-thumbnail","6":"item-skinclinic-et","7":"product_cat-otstarve","8":"product_cat-katekreem","9":"product_cat-nahahooldus","10":"product_cat-katekreem-et","12":"first","13":"instock","14":"taxable","15":"shipping-taxable","16":"purchasable","17":"product-type-simple"},"_links":{"self":[{"href":"https:\/\/cutismedical.shop\/et\/wp-json\/wp\/v2\/product\/42513","targetHints":{"allow":["GET"]}}],"collection":[{"href":"https:\/\/cutismedical.shop\/et\/wp-json\/wp\/v2\/product"}],"about":[{"href":"https:\/\/cutismedical.shop\/et\/wp-json\/wp\/v2\/types\/product"}],"wp:featuredmedia":[{"embeddable":true,"href":"https:\/\/cutismedical.shop\/et\/wp-json\/wp\/v2\/media\/42509"}],"wp:attachment":[{"href":"https:\/\/cutismedical.shop\/et\/wp-json\/wp\/v2\/media?parent=42513"}],"wp:term":[{"taxonomy":"item","embeddable":true,"href":"https:\/\/cutismedical.shop\/et\/wp-json\/wp\/v2\/item?post=42513"},{"taxonomy":"product_cat","embeddable":true,"href":"https:\/\/cutismedical.shop\/et\/wp-json\/wp\/v2\/product_cat?post=42513"},{"taxonomy":"product_tag","embeddable":true,"href":"https:\/\/cutismedical.shop\/et\/wp-json\/wp\/v2\/product_tag?post=42513"}],"curies":[{"name":"wp","href":"https:\/\/api.w.org\/{rel}","templated":true}]}}