{"id":42446,"date":"2024-04-04T17:41:39","date_gmt":"2024-04-04T15:41:39","guid":{"rendered":"https:\/\/cutismedical.com\/shop\/maaratlemata\/skinclinic-facial-hygiene-facial-toner-200ml\/"},"modified":"2024-10-18T16:20:18","modified_gmt":"2024-10-18T14:20:18","slug":"skinclinic-facial-hygiene-facial-toner-200ml","status":"publish","type":"product","link":"https:\/\/cutismedical.shop\/et\/shop-es\/nahahooldus\/naopuhastus-et-prof\/skinclinic-facial-hygiene-facial-toner-200ml\/","title":{"rendered":"SkinClinic | N\u00e4oh\u00fcgieen. N\u00e4otoonik 200 ml."},"content":{"rendered":"<p><strong>N\u00e4idustused: <\/strong><\/p>\n<p>N\u00e4opuhastuse t\u00e4ienduseks, millel on dekongestatiivne ja niisutav toime.<\/p>\n<p><strong>Eelised: <\/strong><\/p>\n<p>H\u00fcpoallergeenne ja mitte\u00e4rritav toonik, mis j\u00e4tab naha v\u00e4rske, toonitud ja niisutatud tunde.<\/p>\n<p><strong>Kasutusviis: <\/strong><\/p>\n<p>Kandke vatipadjaga ja patsutage \u00f5rnalt \u00fcle kogu n\u00e4o.<\/p>\n<p><strong>Aktiivained:<\/strong><\/p>\n<p>Kummeli ekstrakt, looduslik niisutav faktor, roosivee ekstrakt, lanoliin, gl\u00fctseriin.<\/p>\n","protected":false},"excerpt":{"rendered":"<p>Naha toniseerimiseks ja ettevalmistamiseks. Omab dekongestatiivset toimet.<\/p>\n","protected":false},"featured_media":42442,"template":"","meta":{"_seopress_robots_primary_cat":"none","_seopress_titles_title":"","_seopress_titles_desc":"","_seopress_robots_index":""},"item":[2243],"product_cat":[1813,195,1910,1913],"product_tag":[],"class_list":{"0":"post-42446","1":"product","2":"type-product","3":"status-publish","4":"has-post-thumbnail","6":"item-skinclinic-et","7":"product_cat-otstarve","8":"product_cat-naopuhastus-et","9":"product_cat-nahahooldus","10":"product_cat-naopuhastus-et-prof","12":"first","13":"instock","14":"taxable","15":"shipping-taxable","16":"purchasable","17":"product-type-simple"},"_links":{"self":[{"href":"https:\/\/cutismedical.shop\/et\/wp-json\/wp\/v2\/product\/42446","targetHints":{"allow":["GET"]}}],"collection":[{"href":"https:\/\/cutismedical.shop\/et\/wp-json\/wp\/v2\/product"}],"about":[{"href":"https:\/\/cutismedical.shop\/et\/wp-json\/wp\/v2\/types\/product"}],"wp:featuredmedia":[{"embeddable":true,"href":"https:\/\/cutismedical.shop\/et\/wp-json\/wp\/v2\/media\/42442"}],"wp:attachment":[{"href":"https:\/\/cutismedical.shop\/et\/wp-json\/wp\/v2\/media?parent=42446"}],"wp:term":[{"taxonomy":"item","embeddable":true,"href":"https:\/\/cutismedical.shop\/et\/wp-json\/wp\/v2\/item?post=42446"},{"taxonomy":"product_cat","embeddable":true,"href":"https:\/\/cutismedical.shop\/et\/wp-json\/wp\/v2\/product_cat?post=42446"},{"taxonomy":"product_tag","embeddable":true,"href":"https:\/\/cutismedical.shop\/et\/wp-json\/wp\/v2\/product_tag?post=42446"}],"curies":[{"name":"wp","href":"https:\/\/api.w.org\/{rel}","templated":true}]}}