{"id":42404,"date":"2024-04-04T15:11:50","date_gmt":"2024-04-04T13:11:50","guid":{"rendered":"https:\/\/cutismedical.com\/shop\/maaratlemata\/skinclinic-facial-hygiene-sensitive-cleanser-250ml\/"},"modified":"2024-10-18T16:42:52","modified_gmt":"2024-10-18T14:42:52","slug":"skinclinic-facial-hygiene-sensitive-cleanser-250ml","status":"publish","type":"product","link":"https:\/\/cutismedical.shop\/et\/shop-es\/nahahooldus\/naopuhastus-et-prof\/skinclinic-facial-hygiene-sensitive-cleanser-250ml\/","title":{"rendered":"SkinClinic | N\u00e4oh\u00fcgieen. Puhastustoode tundlikule nahale 250 ml."},"content":{"rendered":"<p><strong>N\u00e4idustused: <\/strong><\/p>\n<p>Igap\u00e4evane puhastus ja niisutamine tundlikule ja\/v\u00f5i kuivale nahale. S\u00e4ilitab naha h\u00fcdrolipiidkihi. Eemaldab kerge meigi.<\/p>\n<p><strong>Eelised: <\/strong><\/p>\n<p>Sisaldab t\u00f5husat kombinatsiooni dermoprotektiivsetest aktiivainetest, mis pakuvad lisaniisutust tundliku ja atoopilise naha igap\u00e4evaseks hoolduseks. S\u00e4ilitab ja kaitseb naha h\u00fcdrolipiidkihti. Aitab reguleerida naha barj\u00e4\u00e4ri lipiidset faasi. Omab p\u00f5letikuvastaseid ja rahustavaid omadusi ning pakub nahale heaolu.<\/p>\n<p><strong>Kasutusviis: <\/strong><\/p>\n<p>Kandke niiskele nahale, masseerides \u00f5rnalt k\u00e4tega. Ei vahuta liiga palju. Loputage hoolikalt veega. Eemaldab kerge meigi.<\/p>\n<p><strong>Aktiivained: <\/strong> Aaloe Vera, kaer, kummel, magusa mandli \u00f5li.<\/p>\n","protected":false},"excerpt":{"rendered":"<p>Kreemseep tundlikule ja kuivale nahale.<\/p>\n","protected":false},"featured_media":42400,"template":"","meta":{"_seopress_robots_primary_cat":"none","_seopress_titles_title":"","_seopress_titles_desc":"","_seopress_robots_index":""},"item":[2243],"product_cat":[1813,195,1910,1913,1849,1852,1854],"product_tag":[1882,1888],"class_list":{"0":"post-42404","1":"product","2":"type-product","3":"status-publish","4":"has-post-thumbnail","6":"item-skinclinic-et","7":"product_cat-otstarve","8":"product_cat-naopuhastus-et","9":"product_cat-nahahooldus","10":"product_cat-naopuhastus-et-prof","11":"product_cat-nahahooldus-nahatuubi-jargi","12":"product_cat-kuiv-veetustunud-nahk","13":"product_cat-tundlik-nahk","14":"product_tag-kuiv-veetustunud-nahk","15":"product_tag-tundlik-nahk","17":"first","18":"instock","19":"taxable","20":"shipping-taxable","21":"purchasable","22":"product-type-simple"},"_links":{"self":[{"href":"https:\/\/cutismedical.shop\/et\/wp-json\/wp\/v2\/product\/42404","targetHints":{"allow":["GET"]}}],"collection":[{"href":"https:\/\/cutismedical.shop\/et\/wp-json\/wp\/v2\/product"}],"about":[{"href":"https:\/\/cutismedical.shop\/et\/wp-json\/wp\/v2\/types\/product"}],"wp:featuredmedia":[{"embeddable":true,"href":"https:\/\/cutismedical.shop\/et\/wp-json\/wp\/v2\/media\/42400"}],"wp:attachment":[{"href":"https:\/\/cutismedical.shop\/et\/wp-json\/wp\/v2\/media?parent=42404"}],"wp:term":[{"taxonomy":"item","embeddable":true,"href":"https:\/\/cutismedical.shop\/et\/wp-json\/wp\/v2\/item?post=42404"},{"taxonomy":"product_cat","embeddable":true,"href":"https:\/\/cutismedical.shop\/et\/wp-json\/wp\/v2\/product_cat?post=42404"},{"taxonomy":"product_tag","embeddable":true,"href":"https:\/\/cutismedical.shop\/et\/wp-json\/wp\/v2\/product_tag?post=42404"}],"curies":[{"name":"wp","href":"https:\/\/api.w.org\/{rel}","templated":true}]}}