{"id":42391,"date":"2024-04-03T18:06:06","date_gmt":"2024-04-03T16:06:06","guid":{"rendered":"https:\/\/cutismedical.com\/shop\/maaratlemata\/skinclinic-facial-hygiene-facial-cleansing-soap-250ml\/"},"modified":"2024-10-18T16:55:23","modified_gmt":"2024-10-18T14:55:23","slug":"skinclinic-facial-hygiene-facial-cleansing-soap-250ml","status":"publish","type":"product","link":"https:\/\/cutismedical.shop\/et\/shop-es\/nahahooldus\/naopuhastus-et-prof\/skinclinic-facial-hygiene-facial-cleansing-soap-250ml\/","title":{"rendered":"SkinClinic | N\u00e4oh\u00fcgieen. N\u00e4opuhastus seep 250 ml."},"content":{"rendered":"<p><strong>N\u00e4idustused:<\/strong><\/p>\n<p>Igap\u00e4evane puhastushooldus kombineeritud, rasusele ja aknele kalduvale nahale. Seep meigi eemaldamiseks.<\/p>\n<p><strong>Eelised: <\/strong><\/p>\n<p>See seep \u00fchendab endas mitmeid taimseid toimeaineid suures kontsentratsioonis, millel on nahka rahustavad, pehmendavad, dekongestatiivsed ja h\u00fcgieenilised omadused, mis on vajalikud kombineeritud, rasuse ja aknele kalduva naha igap\u00e4evaseks hoolduseks ja puhastamiseks.<\/p>\n<p><strong>Kasutusviis: <\/strong><\/p>\n<p>Kasutada 1\u20132 korda p\u00e4evas. Loputada hoolikalt veega.<\/p>\n<p><strong>Aktiivained: <\/strong><\/p>\n<p>Kummeli ekstrakt, kaer, triklosaan, gl\u00fctseriin, tsetrimiid.<\/p>\n","protected":false},"excerpt":{"rendered":"<p>N\u00e4oseep kombineeritud ja rasusele nahale igap\u00e4evaseks puhastamiseks.<\/p>\n","protected":false},"featured_media":42387,"template":"","meta":{"_seopress_robots_primary_cat":"","_seopress_titles_title":"","_seopress_titles_desc":"","_seopress_robots_index":""},"item":[2243],"product_cat":[1813,195,1910,1913,1849,1850,1851,1859],"product_tag":[1876,1903,1879],"class_list":{"0":"post-42391","1":"product","2":"type-product","3":"status-publish","4":"has-post-thumbnail","6":"item-skinclinic-et","7":"product_cat-otstarve","8":"product_cat-naopuhastus-et","9":"product_cat-nahahooldus","10":"product_cat-naopuhastus-et-prof","11":"product_cat-nahahooldus-nahatuubi-jargi","12":"product_cat-akne-post-akne","13":"product_cat-rasune-ja-probleemne-nahk","14":"product_cat-laienenud-poorid-ja-mustpead","15":"product_tag-akne-post-akne","16":"product_tag-laienenud-poorid-ja-mustpead","17":"product_tag-rasune-ja-probleemne-nahk","18":"pa_register_only-register_price","19":"pa_register_only-new_regular_price","21":"first","22":"instock","23":"taxable","24":"shipping-taxable","25":"purchasable","26":"product-type-simple"},"_links":{"self":[{"href":"https:\/\/cutismedical.shop\/et\/wp-json\/wp\/v2\/product\/42391","targetHints":{"allow":["GET"]}}],"collection":[{"href":"https:\/\/cutismedical.shop\/et\/wp-json\/wp\/v2\/product"}],"about":[{"href":"https:\/\/cutismedical.shop\/et\/wp-json\/wp\/v2\/types\/product"}],"wp:featuredmedia":[{"embeddable":true,"href":"https:\/\/cutismedical.shop\/et\/wp-json\/wp\/v2\/media\/42387"}],"wp:attachment":[{"href":"https:\/\/cutismedical.shop\/et\/wp-json\/wp\/v2\/media?parent=42391"}],"wp:term":[{"taxonomy":"item","embeddable":true,"href":"https:\/\/cutismedical.shop\/et\/wp-json\/wp\/v2\/item?post=42391"},{"taxonomy":"product_cat","embeddable":true,"href":"https:\/\/cutismedical.shop\/et\/wp-json\/wp\/v2\/product_cat?post=42391"},{"taxonomy":"product_tag","embeddable":true,"href":"https:\/\/cutismedical.shop\/et\/wp-json\/wp\/v2\/product_tag?post=42391"}],"curies":[{"name":"wp","href":"https:\/\/api.w.org\/{rel}","templated":true}]}}