{"id":42379,"date":"2024-04-03T13:14:18","date_gmt":"2024-04-03T11:14:18","guid":{"rendered":"https:\/\/cutismedical.com\/shop\/maaratlemata\/skinclinic-mask-clay-pure-mask-100ml\/"},"modified":"2024-10-18T19:45:31","modified_gmt":"2024-10-18T17:45:31","slug":"skinclinic-mask-clay-pure-mask-100ml","status":"publish","type":"product","link":"https:\/\/cutismedical.shop\/et\/shop-es\/nahahooldus\/maskid-et-prof\/skinclinic-mask-clay-pure-mask-100ml\/","title":{"rendered":"SkinClinic | Mask. Savi-puhastav mask 100 ml."},"content":{"rendered":"<p><strong>Eelised:<\/strong><\/p>\n<p>Aitab v\u00e4ltida pooride ummistumist. Eemaldab l\u00e4ike, mustpead ja mustuse. Intensiivne puhastus. Aitab v\u00e4hendada poore. Sobib kombineeritud, rasusele ja\/v\u00f5i aknele kalduvale nahale. Sobib n\u00e4ole ja kehale.<\/p>\n<p><strong>Kasutusviis:<\/strong> Kandke \u00f5huke kiht kord n\u00e4dalas.<\/p>\n<p>Vajadusel v\u00f5ib suurema aknega piirkondades kanda paksu kihina. Masseerige ja j\u00e4tke 15\u201320 minutiks. Loputage rohke veega.<\/p>\n<p><strong>Aktiivained:<\/strong><\/p>\n<p>Salits\u00fc\u00fclhape, tsinkoksiid, tsinkatsetaat, bentoniit, talk, Cytobiol\u2122 Iris A\u00b2, kaoliin, mimoos, bio-v\u00e4\u00e4vel, aaloe vera, kloorheksidiin.<\/p>\n","protected":false},"excerpt":{"rendered":"<p>Sebumit reguleeriv mask.<\/p>\n","protected":false},"featured_media":42374,"template":"","meta":{"_seopress_robots_primary_cat":"none","_seopress_titles_title":"","_seopress_titles_desc":"","_seopress_robots_index":""},"item":[2243],"product_cat":[1813,152,1910,1919,1849,1850,1851,1859],"product_tag":[1876,1903,1879],"class_list":{"0":"post-42379","1":"product","2":"type-product","3":"status-publish","4":"has-post-thumbnail","6":"item-skinclinic-et","7":"product_cat-otstarve","8":"product_cat-maskid-et","9":"product_cat-nahahooldus","10":"product_cat-maskid-et-prof","11":"product_cat-nahahooldus-nahatuubi-jargi","12":"product_cat-akne-post-akne","13":"product_cat-rasune-ja-probleemne-nahk","14":"product_cat-laienenud-poorid-ja-mustpead","15":"product_tag-akne-post-akne","16":"product_tag-laienenud-poorid-ja-mustpead","17":"product_tag-rasune-ja-probleemne-nahk","19":"first","20":"instock","21":"taxable","22":"shipping-taxable","23":"purchasable","24":"product-type-simple"},"_links":{"self":[{"href":"https:\/\/cutismedical.shop\/et\/wp-json\/wp\/v2\/product\/42379","targetHints":{"allow":["GET"]}}],"collection":[{"href":"https:\/\/cutismedical.shop\/et\/wp-json\/wp\/v2\/product"}],"about":[{"href":"https:\/\/cutismedical.shop\/et\/wp-json\/wp\/v2\/types\/product"}],"wp:featuredmedia":[{"embeddable":true,"href":"https:\/\/cutismedical.shop\/et\/wp-json\/wp\/v2\/media\/42374"}],"wp:attachment":[{"href":"https:\/\/cutismedical.shop\/et\/wp-json\/wp\/v2\/media?parent=42379"}],"wp:term":[{"taxonomy":"item","embeddable":true,"href":"https:\/\/cutismedical.shop\/et\/wp-json\/wp\/v2\/item?post=42379"},{"taxonomy":"product_cat","embeddable":true,"href":"https:\/\/cutismedical.shop\/et\/wp-json\/wp\/v2\/product_cat?post=42379"},{"taxonomy":"product_tag","embeddable":true,"href":"https:\/\/cutismedical.shop\/et\/wp-json\/wp\/v2\/product_tag?post=42379"}],"curies":[{"name":"wp","href":"https:\/\/api.w.org\/{rel}","templated":true}]}}