{"id":42253,"date":"2024-04-01T18:26:36","date_gmt":"2024-04-01T16:26:36","guid":{"rendered":"https:\/\/cutismedical.com\/shop\/maaratlemata\/skinclinic-facial-hygiene-silica-gel-scrub-60ml\/"},"modified":"2024-10-18T23:04:37","modified_gmt":"2024-10-18T21:04:37","slug":"skinclinic-facial-hygiene-silica-gel-scrub-60ml","status":"publish","type":"product","link":"https:\/\/cutismedical.shop\/et\/shop-es\/nahahooldus\/kehakoorijad-koorijad\/skinclinic-facial-hygiene-silica-gel-scrub-60ml\/","title":{"rendered":"SkinClinic | N\u00e4oh\u00fcgieen. R\u00e4nigeelkoorija 60 ml."},"content":{"rendered":"<p><strong>N\u00e4idustused: <\/strong><\/p>\n<p>F\u00fc\u00fcsiline puhastus ja h\u00fcgieen koos kooriva toimega. Eelkoorimine.<\/p>\n<p><strong>Eelised: <\/strong><\/p>\n<p>See geel sisaldab kaltsiumi nanokristalle.<\/p>\n<p><strong>Kasutusviis: <\/strong><\/p>\n<p>Ideaalne naha puhastamiseks ja h\u00fcgieeniks, kuna eemaldab surnud rakud. Mikrokooriv efekt, mis j\u00e4tab naha valmis edasiseks hoolduseks.<\/p>\n<p>Kandke niiskele nahale, masseerige \u00f5rnalt ringjate liigutustega.<\/p>\n<p><strong>Aktiivained: <\/strong> Kaltsiumi nanokristallid neutraalses pH 7 geelisisalduses.<\/p>\n","protected":false},"excerpt":{"rendered":"<p>F\u00fc\u00fcsiline koorija, puhastav koorija.<\/p>\n","protected":false},"featured_media":42249,"template":"","meta":{"_seopress_robots_primary_cat":"none","_seopress_titles_title":"","_seopress_titles_desc":"","_seopress_robots_index":""},"item":[2243],"product_cat":[1813,1844,1910,1916],"product_tag":[],"class_list":{"0":"post-42253","1":"product","2":"type-product","3":"status-publish","4":"has-post-thumbnail","6":"item-skinclinic-et","7":"product_cat-otstarve","8":"product_cat-koorijad-kehakoorijad","9":"product_cat-nahahooldus","10":"product_cat-kehakoorijad-koorijad","12":"first","13":"instock","14":"taxable","15":"shipping-taxable","16":"purchasable","17":"product-type-simple"},"_links":{"self":[{"href":"https:\/\/cutismedical.shop\/et\/wp-json\/wp\/v2\/product\/42253","targetHints":{"allow":["GET"]}}],"collection":[{"href":"https:\/\/cutismedical.shop\/et\/wp-json\/wp\/v2\/product"}],"about":[{"href":"https:\/\/cutismedical.shop\/et\/wp-json\/wp\/v2\/types\/product"}],"wp:featuredmedia":[{"embeddable":true,"href":"https:\/\/cutismedical.shop\/et\/wp-json\/wp\/v2\/media\/42249"}],"wp:attachment":[{"href":"https:\/\/cutismedical.shop\/et\/wp-json\/wp\/v2\/media?parent=42253"}],"wp:term":[{"taxonomy":"item","embeddable":true,"href":"https:\/\/cutismedical.shop\/et\/wp-json\/wp\/v2\/item?post=42253"},{"taxonomy":"product_cat","embeddable":true,"href":"https:\/\/cutismedical.shop\/et\/wp-json\/wp\/v2\/product_cat?post=42253"},{"taxonomy":"product_tag","embeddable":true,"href":"https:\/\/cutismedical.shop\/et\/wp-json\/wp\/v2\/product_tag?post=42253"}],"curies":[{"name":"wp","href":"https:\/\/api.w.org\/{rel}","templated":true}]}}