{"id":42233,"date":"2024-04-01T17:54:53","date_gmt":"2024-04-01T15:54:53","guid":{"rendered":"https:\/\/cutismedical.com\/shop\/maaratlemata\/skinclinic-renewal-solution-glycolic-exfoliating-solution-50ml\/"},"modified":"2024-10-21T23:31:02","modified_gmt":"2024-10-21T21:31:02","slug":"skinclinic-renewal-solution-glycolic-exfoliating-solution-50ml","status":"publish","type":"product","link":"https:\/\/cutismedical.shop\/et\/shop-es\/keemilised-piilingud-et\/skinclinic-renewal-solution-glycolic-exfoliating-solution-50ml\/","title":{"rendered":"SkinClinic | Uuendav lahus. Gl\u00fckoolkoorimislahus 50 ml."},"content":{"rendered":"<p><strong>Eelised: <\/strong><\/p>\n<p>Puhastus, mikrokoorimine ja s\u00e4ra.<\/p>\n<p><strong>Kasutusviis: <\/strong><\/p>\n<p>Kandke n\u00e4ole, kaelale ja dekolteele 1-2 minutiks, masseerige \u00f5rnalt ja loputage rohke veega.<\/p>\n<p>\u00c4rge kandke tundlikule nahale, \u00e4rritunud piirkondadele, silmadele, haavadele v\u00f5i limaskestadele. Ainult v\u00e4lispidiseks kasutamiseks.<\/p>\n<p><strong>Aktiivained: <\/strong> Gl\u00fckoolhape.<\/p>\n","protected":false},"excerpt":{"rendered":"<p>Puhastus, mikrokoorimine ja s\u00e4ra.<\/p>\n","protected":false},"featured_media":42230,"template":"","meta":{"_seopress_robots_primary_cat":"none","_seopress_titles_title":"","_seopress_titles_desc":"","_seopress_robots_index":""},"item":[2243],"product_cat":[153],"product_tag":[],"class_list":{"0":"post-42233","1":"product","2":"type-product","3":"status-publish","4":"has-post-thumbnail","6":"item-skinclinic-et","7":"product_cat-keemilised-piilingud-et","9":"first","10":"instock","11":"taxable","12":"shipping-taxable","13":"purchasable","14":"product-type-simple"},"_links":{"self":[{"href":"https:\/\/cutismedical.shop\/et\/wp-json\/wp\/v2\/product\/42233","targetHints":{"allow":["GET"]}}],"collection":[{"href":"https:\/\/cutismedical.shop\/et\/wp-json\/wp\/v2\/product"}],"about":[{"href":"https:\/\/cutismedical.shop\/et\/wp-json\/wp\/v2\/types\/product"}],"wp:featuredmedia":[{"embeddable":true,"href":"https:\/\/cutismedical.shop\/et\/wp-json\/wp\/v2\/media\/42230"}],"wp:attachment":[{"href":"https:\/\/cutismedical.shop\/et\/wp-json\/wp\/v2\/media?parent=42233"}],"wp:term":[{"taxonomy":"item","embeddable":true,"href":"https:\/\/cutismedical.shop\/et\/wp-json\/wp\/v2\/item?post=42233"},{"taxonomy":"product_cat","embeddable":true,"href":"https:\/\/cutismedical.shop\/et\/wp-json\/wp\/v2\/product_cat?post=42233"},{"taxonomy":"product_tag","embeddable":true,"href":"https:\/\/cutismedical.shop\/et\/wp-json\/wp\/v2\/product_tag?post=42233"}],"curies":[{"name":"wp","href":"https:\/\/api.w.org\/{rel}","templated":true}]}}