{"id":42176,"date":"2024-03-31T18:52:30","date_gmt":"2024-03-31T16:52:30","guid":{"rendered":"https:\/\/cutismedical.com\/shop\/maaratlemata\/skinclinic-skin-recovery-d-stress-mask-200ml\/"},"modified":"2024-10-19T13:56:05","modified_gmt":"2024-10-19T11:56:05","slug":"skinclinic-skin-recovery-d-stress-mask-200ml","status":"publish","type":"product","link":"https:\/\/cutismedical.shop\/et\/shop-es\/nahahooldus\/maskid-et-prof\/skinclinic-skin-recovery-d-stress-mask-200ml\/","title":{"rendered":"SkinClinic | Naha taastamine. D-Stress Mask 200 ml."},"content":{"rendered":"<p>V\u00e4rskendav ja taastav emulsioon k\u00f5rge kontsentratsiooniga rahustavate toimeainetega. Rahustab \u00e4rritunud ja stressis nahka p\u00e4rast kosmeetilist protseduuri.<\/p>\n<p><strong>Aktiivsed koostisosad:<\/strong><\/p>\n<p>Aaloe Vera, Rhamnosoft\u00ae, saialill, roheline tee, magusa mandli \u00f5li, mentool, ektoiin\u00ae ja madala molekulmassiga h\u00fcaluroonhape.<\/p>\n<p>RAHUSTAV MASK.<\/p>\n","protected":false},"excerpt":{"rendered":"<p>RAHUSTAV MASK.<\/p>\n","protected":false},"featured_media":42172,"template":"","meta":{"_seopress_robots_primary_cat":"none","_seopress_titles_title":"","_seopress_titles_desc":"","_seopress_robots_index":""},"item":[2243],"product_cat":[1813,152,1910,1919,1849,1854],"product_tag":[1888],"class_list":{"0":"post-42176","1":"product","2":"type-product","3":"status-publish","4":"has-post-thumbnail","6":"item-skinclinic-et","7":"product_cat-otstarve","8":"product_cat-maskid-et","9":"product_cat-nahahooldus","10":"product_cat-maskid-et-prof","11":"product_cat-nahahooldus-nahatuubi-jargi","12":"product_cat-tundlik-nahk","13":"product_tag-tundlik-nahk","15":"first","16":"instock","17":"taxable","18":"shipping-taxable","19":"purchasable","20":"product-type-simple"},"_links":{"self":[{"href":"https:\/\/cutismedical.shop\/et\/wp-json\/wp\/v2\/product\/42176","targetHints":{"allow":["GET"]}}],"collection":[{"href":"https:\/\/cutismedical.shop\/et\/wp-json\/wp\/v2\/product"}],"about":[{"href":"https:\/\/cutismedical.shop\/et\/wp-json\/wp\/v2\/types\/product"}],"wp:featuredmedia":[{"embeddable":true,"href":"https:\/\/cutismedical.shop\/et\/wp-json\/wp\/v2\/media\/42172"}],"wp:attachment":[{"href":"https:\/\/cutismedical.shop\/et\/wp-json\/wp\/v2\/media?parent=42176"}],"wp:term":[{"taxonomy":"item","embeddable":true,"href":"https:\/\/cutismedical.shop\/et\/wp-json\/wp\/v2\/item?post=42176"},{"taxonomy":"product_cat","embeddable":true,"href":"https:\/\/cutismedical.shop\/et\/wp-json\/wp\/v2\/product_cat?post=42176"},{"taxonomy":"product_tag","embeddable":true,"href":"https:\/\/cutismedical.shop\/et\/wp-json\/wp\/v2\/product_tag?post=42176"}],"curies":[{"name":"wp","href":"https:\/\/api.w.org\/{rel}","templated":true}]}}