{"id":42163,"date":"2024-03-31T18:11:00","date_gmt":"2024-03-31T16:11:00","guid":{"rendered":"https:\/\/cutismedical.com\/shop\/maaratlemata\/skinclinic-skin-recovery-skin-care-hydrogel-60ml\/"},"modified":"2024-10-19T14:06:32","modified_gmt":"2024-10-19T12:06:32","slug":"skinclinic-skin-recovery-skin-care-hydrogel-60ml","status":"publish","type":"product","link":"https:\/\/cutismedical.shop\/et\/shop-es\/nahahooldus\/kreem-et-prof\/skinclinic-skin-recovery-skin-care-hydrogel-60ml\/","title":{"rendered":"SkinClinic | Naha taastamine. Nahahoolduse h\u00fcdrogeel 60 ml."},"content":{"rendered":"<p>Niisutus ja nahahooldus p\u00e4rast laserravi, depilatsiooni, koorimist, PRP ja vitamiine. Sobib ka \u00f5rnale ja atoopilisele nahale. Eriti soovitatav p\u00e4rast raseerimist ja p\u00e4ikese k\u00e4es viibimist.<\/p>\n<p><strong>Aktiivsed koostisosad:<\/strong><\/p>\n<p>Aaloe Vera, alfa-bisabolooli ja arnika aktiivkontsentraat.<\/p>\n","protected":false},"excerpt":{"rendered":"<p>P\u00c4RAST KOSMEETILISI\/ESTEETILISI MEDITSINILISI PROTSEDUURE.<\/p>\n","protected":false},"featured_media":42159,"template":"","meta":{"_seopress_robots_primary_cat":"none","_seopress_titles_title":"","_seopress_titles_desc":"","_seopress_robots_index":""},"item":[2243],"product_cat":[1813,151,1910,1928,1849,1854],"product_tag":[1888],"class_list":{"0":"post-42163","1":"product","2":"type-product","3":"status-publish","4":"has-post-thumbnail","6":"item-skinclinic-et","7":"product_cat-otstarve","8":"product_cat-kreem-et","9":"product_cat-nahahooldus","10":"product_cat-kreem-et-prof","11":"product_cat-nahahooldus-nahatuubi-jargi","12":"product_cat-tundlik-nahk","13":"product_tag-tundlik-nahk","15":"first","16":"instock","17":"taxable","18":"shipping-taxable","19":"purchasable","20":"product-type-simple"},"_links":{"self":[{"href":"https:\/\/cutismedical.shop\/et\/wp-json\/wp\/v2\/product\/42163","targetHints":{"allow":["GET"]}}],"collection":[{"href":"https:\/\/cutismedical.shop\/et\/wp-json\/wp\/v2\/product"}],"about":[{"href":"https:\/\/cutismedical.shop\/et\/wp-json\/wp\/v2\/types\/product"}],"wp:featuredmedia":[{"embeddable":true,"href":"https:\/\/cutismedical.shop\/et\/wp-json\/wp\/v2\/media\/42159"}],"wp:attachment":[{"href":"https:\/\/cutismedical.shop\/et\/wp-json\/wp\/v2\/media?parent=42163"}],"wp:term":[{"taxonomy":"item","embeddable":true,"href":"https:\/\/cutismedical.shop\/et\/wp-json\/wp\/v2\/item?post=42163"},{"taxonomy":"product_cat","embeddable":true,"href":"https:\/\/cutismedical.shop\/et\/wp-json\/wp\/v2\/product_cat?post=42163"},{"taxonomy":"product_tag","embeddable":true,"href":"https:\/\/cutismedical.shop\/et\/wp-json\/wp\/v2\/product_tag?post=42163"}],"curies":[{"name":"wp","href":"https:\/\/api.w.org\/{rel}","templated":true}]}}