{"id":41821,"date":"2024-03-12T20:11:46","date_gmt":"2024-03-12T18:11:46","guid":{"rendered":"https:\/\/cutismedical.com\/shop\/maaratlemata\/skinclinic-sun-protection-syl-100-50-50ml\/"},"modified":"2024-10-19T19:02:35","modified_gmt":"2024-10-19T17:02:35","slug":"skinclinic-sun-protection-syl-100-50-50ml","status":"publish","type":"product","link":"https:\/\/cutismedical.shop\/et\/shop-es\/nahahooldus\/paikesekaitsekreem-et\/skinclinic-sun-protection-syl-100-50-50ml\/","title":{"rendered":"SkinClinic | P\u00e4ikesekaitsekreem. SYL 100 50+ 50 ml."},"content":{"rendered":"<p><strong>N\u00e4idustused:<\/strong> V\u00e4ga k\u00f5rge p\u00e4ikesekaitse, niisutaja, \u00f5livaba sametine viimistlus, rikastatud h\u00fcaluroonhappe ja kollageeniga.<\/p>\n<p><strong>Eelised:<\/strong> Igap\u00e4evane toitva ja niisutava toimega p\u00e4ikesekaitse. S\u00e4ilitab naha optimaalse niiskustaseme ja kaitseb seda p\u00e4ikese k\u00e4es viibides. Annab nahale elastsuse ja toonuse. Sametine ja kuiv puudutus. Parf\u00fc\u00fcmi ja allergeenivaba. Mittekomedogeenne.<\/p>\n<p><strong>Kasutusviis:<\/strong> Kandke vastavalt vajadusele, kui on vaja p\u00e4ikesekaitset.<\/p>\n<p>Kandke heldelt nahale kergete masseerivate liigutustega 30 minutit enne p\u00e4ikese k\u00e4es viibimist. Korrake seda tegevust sageli, iga 2 tunni j\u00e4rel, pikaajalise p\u00e4ikese k\u00e4es viibimise ja ujumise j\u00e4rel.<\/p>\n<p><strong>Aktiivained:<\/strong> H\u00fcaluroonhape, looduslik kollageen.<\/p>\n","protected":false},"excerpt":{"rendered":"<p>P\u00e4ikesekaitse. H\u00fcaluroonhape ja kollageen.<\/p>\n","protected":false},"featured_media":41817,"template":"","meta":{"_seopress_robots_primary_cat":"none","_seopress_titles_title":"","_seopress_titles_desc":"","_seopress_robots_index":""},"item":[2243],"product_cat":[1813,1847,1910,1934],"product_tag":[],"class_list":{"0":"post-41821","1":"product","2":"type-product","3":"status-publish","4":"has-post-thumbnail","6":"item-skinclinic-et","7":"product_cat-otstarve","8":"product_cat-paikesekaitsekreem","9":"product_cat-nahahooldus","10":"product_cat-paikesekaitsekreem-et","12":"first","13":"instock","14":"taxable","15":"shipping-taxable","16":"purchasable","17":"product-type-simple"},"_links":{"self":[{"href":"https:\/\/cutismedical.shop\/et\/wp-json\/wp\/v2\/product\/41821","targetHints":{"allow":["GET"]}}],"collection":[{"href":"https:\/\/cutismedical.shop\/et\/wp-json\/wp\/v2\/product"}],"about":[{"href":"https:\/\/cutismedical.shop\/et\/wp-json\/wp\/v2\/types\/product"}],"wp:featuredmedia":[{"embeddable":true,"href":"https:\/\/cutismedical.shop\/et\/wp-json\/wp\/v2\/media\/41817"}],"wp:attachment":[{"href":"https:\/\/cutismedical.shop\/et\/wp-json\/wp\/v2\/media?parent=41821"}],"wp:term":[{"taxonomy":"item","embeddable":true,"href":"https:\/\/cutismedical.shop\/et\/wp-json\/wp\/v2\/item?post=41821"},{"taxonomy":"product_cat","embeddable":true,"href":"https:\/\/cutismedical.shop\/et\/wp-json\/wp\/v2\/product_cat?post=41821"},{"taxonomy":"product_tag","embeddable":true,"href":"https:\/\/cutismedical.shop\/et\/wp-json\/wp\/v2\/product_tag?post=41821"}],"curies":[{"name":"wp","href":"https:\/\/api.w.org\/{rel}","templated":true}]}}