{"id":41795,"date":"2024-03-12T19:48:35","date_gmt":"2024-03-12T17:48:35","guid":{"rendered":"https:\/\/cutismedical.com\/shop\/maaratlemata\/skinclinic-sun-protection-syl-100-sun-lux-50-spf-50ml\/"},"modified":"2024-10-19T19:15:43","modified_gmt":"2024-10-19T17:15:43","slug":"skinclinic-sun-protection-syl-100-sun-lux-50-spf-50ml","status":"publish","type":"product","link":"https:\/\/cutismedical.shop\/et\/shop-es\/otstarve\/paikesekaitsekreem\/skinclinic-sun-protection-syl-100-sun-lux-50-spf-50ml\/","title":{"rendered":"SkinClinic | P\u00e4ikesekaitsekreem. SYL 100 SUN LUX 50+ SPF 50 ml."},"content":{"rendered":"<p><strong>Eelised:<\/strong> Kiirelt imenduv kaitse, ei j\u00e4ta valgeid j\u00e4lgi ega rasust tunnet. Matt, siidine ja sile viimistlus. T\u00e4nu pooride ummistumist ennetavale ja barj\u00e4\u00e4riefekti loovale koostisele tagab pikaajalise ja intensiivse kaitse. Ideaalne p\u00e4ikesekaitse v\u00e4lispordiga tegelemisel, eriti veespordis.<\/p>\n<p><strong>Kasutusviis:<\/strong> Kandke 20 minutit enne p\u00e4ikese k\u00e4tte minekut ja korrake kasutamist iga kahe tunni j\u00e4rel.<\/p>\n<p>Igap\u00e4evase kaitsekreemina kandke \u00f5rnalt masseerides n\u00e4ole, kaelale ja dekolteele. Intensiivse p\u00e4ikese k\u00e4es viibimise korral kandke rohkelt kreemi 20 minutit enne p\u00e4ikese k\u00e4es viibimist. Korrake tegevust sageli, iga 2 tunni j\u00e4rel, eriti pikaajalise p\u00e4ikese k\u00e4es viibimise, ujumise, kuivatamise v\u00f5i higistamise j\u00e4rel. V\u00e4ltige silma sattumist.<\/p>\n","protected":false},"excerpt":{"rendered":"<p>Maksimaalne \u00f5livaba p\u00e4ikesekaitse k\u00f5ikidele nahat\u00fc\u00fcpidele. Imendub nahka, on vee- ja higi-kindel. Ilma valgete j\u00e4lgedeta.<\/p>\n","protected":false},"featured_media":41791,"template":"","meta":{"_seopress_robots_primary_cat":"none","_seopress_titles_title":"","_seopress_titles_desc":"","_seopress_robots_index":""},"item":[2243],"product_cat":[1813,1847],"product_tag":[],"class_list":{"0":"post-41795","1":"product","2":"type-product","3":"status-publish","4":"has-post-thumbnail","6":"item-skinclinic-et","7":"product_cat-otstarve","8":"product_cat-paikesekaitsekreem","10":"first","11":"instock","12":"taxable","13":"shipping-taxable","14":"purchasable","15":"product-type-simple"},"_links":{"self":[{"href":"https:\/\/cutismedical.shop\/et\/wp-json\/wp\/v2\/product\/41795","targetHints":{"allow":["GET"]}}],"collection":[{"href":"https:\/\/cutismedical.shop\/et\/wp-json\/wp\/v2\/product"}],"about":[{"href":"https:\/\/cutismedical.shop\/et\/wp-json\/wp\/v2\/types\/product"}],"wp:featuredmedia":[{"embeddable":true,"href":"https:\/\/cutismedical.shop\/et\/wp-json\/wp\/v2\/media\/41791"}],"wp:attachment":[{"href":"https:\/\/cutismedical.shop\/et\/wp-json\/wp\/v2\/media?parent=41795"}],"wp:term":[{"taxonomy":"item","embeddable":true,"href":"https:\/\/cutismedical.shop\/et\/wp-json\/wp\/v2\/item?post=41795"},{"taxonomy":"product_cat","embeddable":true,"href":"https:\/\/cutismedical.shop\/et\/wp-json\/wp\/v2\/product_cat?post=41795"},{"taxonomy":"product_tag","embeddable":true,"href":"https:\/\/cutismedical.shop\/et\/wp-json\/wp\/v2\/product_tag?post=41795"}],"curies":[{"name":"wp","href":"https:\/\/api.w.org\/{rel}","templated":true}]}}