{"id":41595,"date":"2024-02-26T18:41:37","date_gmt":"2024-02-26T16:41:37","guid":{"rendered":"https:\/\/cutismedical.com\/?post_type=product&#038;p=41595"},"modified":"2024-10-19T21:01:46","modified_gmt":"2024-10-19T19:01:46","slug":"hyalual-profi-delux-50ml-post-procedure","status":"publish","type":"product","link":"https:\/\/cutismedical.shop\/et\/shop-es\/nahahooldus\/kreem-et-prof\/hyalual-profi-delux-50ml-post-procedure\/","title":{"rendered":"Hyalual. Profi DeLux 50 ml. \/ Post-protseduuriline hooldus"},"content":{"rendered":"<p><strong>N\u00e4idustused:<\/strong><\/p>\n<ol>\n<li>Naha\u00e4rritus ja punetus p\u00e4rast protseduure<\/li>\n<li>Papulid, hematoomid, naha turse<\/li>\n<li>Kuiv ja ketendav nahk<\/li>\n<\/ol>\n<p> <strong>Tulemus:<\/strong> <\/p>\n<ul>\n<li>V\u00e4hendab punetust ja turset<\/li>\n<li>Leevendab valu ja s\u00fcgelust<\/li>\n<li>L\u00fchendab taastumisperioodi<\/li>\n<li>Minimeerib sekundaarsete infektsioonide riski<\/li>\n<\/ul>\n<p> <em>Tulemus on individuaalne ja s\u00f5ltub konkreetse inimese organismi f\u00fcsioloogilistest omadustest.<\/em><br \/>\n<strong>Kasutamine:<\/strong><\/p>\n<p><em>P\u00e4rast protseduuri:<\/em><\/p>\n<p>1- hoidke spreid 25-30 cm kaugusel nahapinnast<\/p>\n<p>2- pihustage spreid 3 sekundi jooksul<\/p>\n<p>3- korrake protseduuri 3-4 korda: iga kasutuskord tuleb teha p\u00e4rast eelmise annuse imendumist.<\/p>\n<p><em>Postprotseduuriline ja kodune kasutus:<\/em><\/p>\n<p>1- p\u00e4rast s\u00fcstimisprotseduure: 5 korda p\u00e4evas 3 p\u00e4eva jooksul<\/p>\n<p>2- p\u00e4rast laserepilatsiooni: 4 korda p\u00e4evas 3 p\u00e4eva jooksul<\/p>\n<p>3- p\u00e4rast koorimist: 3 korda p\u00e4evas 3 p\u00e4eva jooksul<\/p>\n<p>4- p\u00e4rast fraktsionaalset fototermol\u00fc\u00fcsi: 1.-3. p\u00e4ev \u2013 4 korda; 4.-10. p\u00e4ev \u2013 2 korda p\u00e4evas<\/p>\n<p><strong>Koostis:<\/strong><\/p>\n<ol>\n<li>H\u00fcaluroonhape \u2013 aitab ennetada p\u00f5letikku<\/li>\n<li>Ja\u0308ntshappe \u2013 omab antioks\u00fcdantset, energiat andvat ja plastilist toimet<\/li>\n<li>Vesi \u2013 niisutab nahka ja taastab selle veetasakaalu<\/li>\n<li>Naatriumsuktsinaat \u2013 taastab naha loomuliku regeneratsioonimehhanismi<\/li>\n<\/ol>\n<p><span class=\"h5_style single-card__subtitle\">Kontaktivaba postprotseduuriline hooldusspray.<\/span><\/p>\n","protected":false},"excerpt":{"rendered":"<p>Vee, h\u00fcaluroonhappe ja suktsiinhappe ning naatriumsuktsinaadiga sprei. Vesi ja h\u00fcaluroonhape pehmendavad ja niisutavad nahka, v\u00e4hendavad punetust, leevendavad \u00e4rritust ning aitavad taastada naha kaitsefunktsioone. Suktsiinhape tagab k\u00f5rge antioks\u00fcdantse kaitse, samas kui naatriumsuktsinaat taastab naha loomulikud regeneratsioonimehhanismid.<\/p>\n","protected":false},"featured_media":18411,"template":"","meta":{"_seopress_robots_primary_cat":"none","_seopress_titles_title":"","_seopress_titles_desc":"","_seopress_robots_index":""},"item":[1461],"product_cat":[1813,151,1910,1928,1849,1854],"product_tag":[],"class_list":{"0":"post-41595","1":"product","2":"type-product","3":"status-publish","4":"has-post-thumbnail","6":"item-hyalual-et","7":"product_cat-otstarve","8":"product_cat-kreem-et","9":"product_cat-nahahooldus","10":"product_cat-kreem-et-prof","11":"product_cat-nahahooldus-nahatuubi-jargi","12":"product_cat-tundlik-nahk","13":"pa_product_main_cat-kodune-hooldus","14":"pa_product_main_cat-professionaalne-hooldus","15":"pa_register_only-register_price","16":"pa_register_only-new_regular_price","18":"first","19":"instock","20":"taxable","21":"shipping-taxable","22":"purchasable","23":"product-type-simple"},"_links":{"self":[{"href":"https:\/\/cutismedical.shop\/et\/wp-json\/wp\/v2\/product\/41595","targetHints":{"allow":["GET"]}}],"collection":[{"href":"https:\/\/cutismedical.shop\/et\/wp-json\/wp\/v2\/product"}],"about":[{"href":"https:\/\/cutismedical.shop\/et\/wp-json\/wp\/v2\/types\/product"}],"wp:featuredmedia":[{"embeddable":true,"href":"https:\/\/cutismedical.shop\/et\/wp-json\/wp\/v2\/media\/18411"}],"wp:attachment":[{"href":"https:\/\/cutismedical.shop\/et\/wp-json\/wp\/v2\/media?parent=41595"}],"wp:term":[{"taxonomy":"item","embeddable":true,"href":"https:\/\/cutismedical.shop\/et\/wp-json\/wp\/v2\/item?post=41595"},{"taxonomy":"product_cat","embeddable":true,"href":"https:\/\/cutismedical.shop\/et\/wp-json\/wp\/v2\/product_cat?post=41595"},{"taxonomy":"product_tag","embeddable":true,"href":"https:\/\/cutismedical.shop\/et\/wp-json\/wp\/v2\/product_tag?post=41595"}],"curies":[{"name":"wp","href":"https:\/\/api.w.org\/{rel}","templated":true}]}}