{"id":41591,"date":"2020-12-06T14:19:33","date_gmt":"2020-12-06T12:19:33","guid":{"rendered":"https:\/\/cutismedical.com\/shop\/maaratlemata\/kabelline-5pcs8ml-lipolytic\/"},"modified":"2024-12-26T19:54:48","modified_gmt":"2024-12-26T17:54:48","slug":"kabelline-5pcs8ml-lipolytic","status":"publish","type":"product","link":"https:\/\/cutismedical.shop\/et\/shop-es\/mesoteraapia-et\/body-mesotherapy-et\/kabelline-5pcs8ml-lipolytic\/","title":{"rendered":"Kabelline (1tk*8 ml) \/ Lipol\u00fc\u00fctik"},"content":{"rendered":"<p>Tavap\u00e4rane ravi selle k\u00f5rge kvaliteediga lipol\u00fc\u00fctilise tootega koosneb maksimaalselt 6 seansist, mis viiakse l\u00e4bi v\u00e4hemalt n\u00e4dalase intervalliga. Rasvap\u00f5letav kontuurseerum s\u00fcstitakse sihtpiirkondadesse sertifitseeritud plastikakirurgi poolt. Tavaliselt h\u00f5lmavad ravipiirkonnad n\u00e4o ja keha neid osi, mis on altid lokaalsele rasvakogumisele ja ei allu h\u00e4sti muudele kaalulangetamise strateegiatele, nagu f\u00fc\u00fcsiline treening, dieedid v\u00f5i kosmeetilised operatsioonid, n\u00e4iteks rasvaimu. \u00dcks selle vahendi suurimaid eeliseid on see, et seda saab kombineerida k\u00f5igi nende ja teiste rasvumisevastaste lahendustega, et saavutada kiiremaid ja pikaajalisemaid kaalulangetamise tulemusi.<\/p>\n<ul>\n<li>Valutu<\/li>\n<li>Kahjutu k\u00f5rvaltoimeteta<\/li>\n<li>T\u00f5hus<\/li>\n<li>Keemiliste ainete vaba<\/li>\n<\/ul>\n<p>Kuna see uuenduslik toode p\u00f5hineb doks\u00fckoolhappel (DA), omab see rasva v\u00e4hendavat ja lahustavat toimet, kui seda s\u00fcstitakse nahaalusesse kihti. Doks\u00fckoolhape h\u00e4vitab rasvaladestused ja pakub lokaliseeritud rasvumisevastast ravi. See ainulaadne ens\u00fc\u00fcm stimuleerib ka nn rasvhapete ainevahetust, pakkudes patsientidele h\u00e4sti kontuuritud n\u00e4ojoont ning salendatud k\u00f5htu, puusasid, reisi, kaenlaaluseid ja teisi piirkondi.<\/p>\n","protected":false},"excerpt":{"rendered":"<p><span style=\"color: #ed1c24;\"><strong>Ei ole mu\u0308u\u0308giks ELis!<\/strong><\/span><\/p>\n<p>See kvaliteetne kontuurseerum p\u00f5hineb ohutul, kuid t\u00f5husal rasva lahustaval komponendil \u2014 doks\u00fckoolhappel (DA), ja on n\u00fc\u00fcd saadaval Skin Heali mitmek\u00fclgses veebipoes. See tagab kindla salendava efekti ja parandab oluliselt n\u00e4o v\u00e4limust ning profiili, korrigeerides lokaalseid rasvakogumeid ilma kirurgilise sekkumiseta.<\/p>\n","protected":false},"featured_media":19086,"template":"","meta":{"_seopress_robots_primary_cat":"none","_seopress_titles_title":"","_seopress_titles_desc":"","_seopress_robots_index":""},"item":[1512],"product_cat":[155,1188,1131],"product_tag":[],"class_list":{"0":"post-41591","1":"product","2":"type-product","3":"status-publish","4":"has-post-thumbnail","6":"item-kabelline-et","7":"product_cat-mesoteraapia-et","8":"product_cat-nagu-et","9":"product_cat-body-mesotherapy-et","10":"pa_product_main_cat-professionaalne-hooldus","12":"first","13":"instock","14":"sale","15":"taxable","16":"shipping-taxable","17":"purchasable","18":"product-type-simple"},"_links":{"self":[{"href":"https:\/\/cutismedical.shop\/et\/wp-json\/wp\/v2\/product\/41591","targetHints":{"allow":["GET"]}}],"collection":[{"href":"https:\/\/cutismedical.shop\/et\/wp-json\/wp\/v2\/product"}],"about":[{"href":"https:\/\/cutismedical.shop\/et\/wp-json\/wp\/v2\/types\/product"}],"wp:featuredmedia":[{"embeddable":true,"href":"https:\/\/cutismedical.shop\/et\/wp-json\/wp\/v2\/media\/19086"}],"wp:attachment":[{"href":"https:\/\/cutismedical.shop\/et\/wp-json\/wp\/v2\/media?parent=41591"}],"wp:term":[{"taxonomy":"item","embeddable":true,"href":"https:\/\/cutismedical.shop\/et\/wp-json\/wp\/v2\/item?post=41591"},{"taxonomy":"product_cat","embeddable":true,"href":"https:\/\/cutismedical.shop\/et\/wp-json\/wp\/v2\/product_cat?post=41591"},{"taxonomy":"product_tag","embeddable":true,"href":"https:\/\/cutismedical.shop\/et\/wp-json\/wp\/v2\/product_tag?post=41591"}],"curies":[{"name":"wp","href":"https:\/\/api.w.org\/{rel}","templated":true}]}}