{"id":41539,"date":"2024-02-22T13:54:53","date_gmt":"2024-02-22T11:54:53","guid":{"rendered":"https:\/\/cutismedical.com\/shop\/maaratlemata\/skinclinic-anti-aging-retiplus-1\/"},"modified":"2025-11-04T15:10:55","modified_gmt":"2025-11-04T13:10:55","slug":"skinclinic-anti-aging-retiplus-1","status":"publish","type":"product","link":"https:\/\/cutismedical.shop\/et\/shop-es\/nahahooldus\/kreem-et-prof\/skinclinic-anti-aging-retiplus-1\/","title":{"rendered":"SkinClinic | Vananemisvastane. Retiplus 50ml."},"content":{"rendered":"<p>Retiplus lisaks retinoolile pakub veel 10 toimeainet, mis t\u00e4iendavad k\u00f5iki naha vajadusi, tekitades intensiivse vananemisvastase ja kortsudevastase toime.<\/p>\n<p><strong>Kasu<\/strong><\/p>\n<ul>\n<li>Intensiivne kortsudevastane toime.<\/li>\n<li>Tugevus ja elastsus.<\/li>\n<li>Heledus.<\/li>\n<li>Taaselustamine ja naha uuendamine.<\/li>\n<li>Redensibiliseerimine.<\/li>\n<li>K\u00f5ik nahat\u00fc\u00fcbid, v\u00e4lja arvatud retinooli suhtes tundlik nahk.<\/li>\n<\/ul>\n<p><strong>Kuidas kasutada?<\/strong><\/p>\n<p>Kandke \u00f6\u00f6sel puhtale ja kuivale nahale j\u00e4rk-j\u00e4rgult vastavalt infolehele. Soovitame alati j\u00e4rgida kohanemisjuhist ja toote j\u00e4rkj\u00e4rgulist tutvustamist nii retinooliga harjunud nahal kui ka nendel, mis ei kasuta toimeainega kreeme.<\/p>\n<p><strong>Koostisosa<\/strong><\/p>\n<p>C-vitamiin, retinool, Ektoiin, peptiidid, Keramiidkompleks, Liposomaalsed Soja isoflavoonid, magusa mandli \u00f5li, Moringa lipiidid, avokaado\u00f5li, Nisuidu\u00f5li, Gatuline Astra in-pinges, Ektoiin Astr, Retin\u00fc\u00fclpalmitaat, Mpc Piimapeptiid.<\/p>\n","protected":false},"excerpt":{"rendered":"<p><span class=\"aNeGP0gI0B9AV8JaHPyH\" data-src-align=\"0:8\">Retiplus<\/span> <span class=\"aNeGP0gI0B9AV8JaHPyH\" data-src-align=\"9:2\">on<\/span> <span class=\"aNeGP0gI0B9AV8JaHPyH\" data-src-align=\"14:10\">toitev<\/span> <span class=\"aNeGP0gI0B9AV8JaHPyH\" data-src-align=\"25:5\">\u00f6\u00f6kreem<\/span><span class=\"aNeGP0gI0B9AV8JaHPyH\" data-src-align=\"44:57\">, milles on k\u00f5rge retinooli ja globaalsete vananemisvastaste toimeainete kontsentratsioon<\/span><span class=\"aNeGP0gI0B9AV8JaHPyH\" data-src-align=\"114:10\">, mis on loodud<\/span> <span class=\"aNeGP0gI0B9AV8JaHPyH\" data-src-align=\"129:3\">k\u00f5ikidele<\/span> <span class=\"aNeGP0gI0B9AV8JaHPyH\" data-src-align=\"133:34\">nahat\u00fc\u00fcpidele, v\u00e4lja arvatud tundlikele.<\/span><\/p>\n","protected":false},"featured_media":165630,"template":"","meta":{"_seopress_robots_primary_cat":"none","_seopress_titles_title":"","_seopress_titles_desc":"","_seopress_robots_index":""},"item":[2243],"product_cat":[1813,151,1910,1928,1849,1853,1858],"product_tag":[1885,1900],"class_list":{"0":"post-41539","1":"product","2":"type-product","3":"status-publish","4":"has-post-thumbnail","6":"item-skinclinic-et","7":"product_cat-otstarve","8":"product_cat-kreem-et","9":"product_cat-nahahooldus","10":"product_cat-kreem-et-prof","11":"product_cat-nahahooldus-nahatuubi-jargi","12":"product_cat-kortsud","13":"product_cat-lotvunud-nahk","14":"product_tag-kortsud","15":"product_tag-lotvunud-nahk","17":"first","18":"instock","19":"taxable","20":"shipping-taxable","21":"purchasable","22":"product-type-simple"},"_links":{"self":[{"href":"https:\/\/cutismedical.shop\/et\/wp-json\/wp\/v2\/product\/41539","targetHints":{"allow":["GET"]}}],"collection":[{"href":"https:\/\/cutismedical.shop\/et\/wp-json\/wp\/v2\/product"}],"about":[{"href":"https:\/\/cutismedical.shop\/et\/wp-json\/wp\/v2\/types\/product"}],"wp:featuredmedia":[{"embeddable":true,"href":"https:\/\/cutismedical.shop\/et\/wp-json\/wp\/v2\/media\/165630"}],"wp:attachment":[{"href":"https:\/\/cutismedical.shop\/et\/wp-json\/wp\/v2\/media?parent=41539"}],"wp:term":[{"taxonomy":"item","embeddable":true,"href":"https:\/\/cutismedical.shop\/et\/wp-json\/wp\/v2\/item?post=41539"},{"taxonomy":"product_cat","embeddable":true,"href":"https:\/\/cutismedical.shop\/et\/wp-json\/wp\/v2\/product_cat?post=41539"},{"taxonomy":"product_tag","embeddable":true,"href":"https:\/\/cutismedical.shop\/et\/wp-json\/wp\/v2\/product_tag?post=41539"}],"curies":[{"name":"wp","href":"https:\/\/api.w.org\/{rel}","templated":true}]}}