{"id":41432,"date":"2024-02-16T13:03:38","date_gmt":"2024-02-16T11:03:38","guid":{"rendered":"https:\/\/cutismedical.com\/shop\/maaratlemata\/skinclinic-tinted-nourishing-hydro-nourishing-cream-spf-30-clair-color-50ml\/"},"modified":"2024-10-20T13:07:33","modified_gmt":"2024-10-20T11:07:33","slug":"skinclinic-tinted-nourishing-hydro-nourishing-cream-spf-30-clair-color-50ml","status":"publish","type":"product","link":"https:\/\/cutismedical.shop\/et\/shop-es\/nahahooldus\/kreem-et-prof\/skinclinic-tinted-nourishing-hydro-nourishing-cream-spf-30-clair-color-50ml\/","title":{"rendered":"SkinClinic | Tooniv toitev kreem. Hydro-nourishing Cream SPF 30 Clair Color 50 ml."},"content":{"rendered":"<p><strong>N\u00e4idustused:<\/strong> Normaalsele, kuivale ja eluj\u00f5uetule nahale, mis vajab niisutust ja igap\u00e4evast kaitset vananemise v\u00f5i v\u00e4liste tegurite eest. P\u00e4ikesekaitsefaktoriga. Tagab kerge ja \u00fchtlase jume.<\/p>\n<p><strong>Eelised:<\/strong> Niisutus, toitumine ja naha kaitse. Kui niiskustase taastub, muutub nahk siledaks ja selle elastsus paraneb. P\u00e4ikesekaitsefaktoriga, h\u00fcpoallergeenne. Soovitatav atoopilisele ja tundlikule nahale.<\/p>\n<p><strong>Kasutusviis:<\/strong> Kandke 1-2 korda p\u00e4evas kui p\u00e4evakreemi.<\/p>\n<p>Hommikul v\u00f5i nii sageli kui vaja, kandke v\u00e4ike kogus kreemi n\u00e4ole, kaelale ja dekolteele ning masseerige \u00f5rnalt kuni t\u00e4ieliku imendumiseni.<\/p>\n<p><strong>Aktiivained:<\/strong><\/p>\n<p>Aaloe vera, nisuidu\u00f5li, avokaado\u00f5li, looduslik kollageen, gl\u00fctseriin, alfa-bisabolool, E-vitamiin, p\u00e4ikesekaitsefaktor, moringa lipiidid, v\u00e4rvipigmendid, mis annavad v\u00e4rvi ja siidisust.<\/p>\n<p>Tutvustame teile MELANYC-i, meie eksklusiivset depigmenteerivat sarja, mis aitab eemaldada ja ennetada plekke v\u00f5i melasmat. See selgitab ja \u00fchtlustab nahatooni, ennetades uute laikude teket. Unikaalne testitud depigmenteeriv hooldus, mida saab kasutada aastaringselt, isegi suvel.<\/p>\n","protected":false},"excerpt":{"rendered":"<p>Niiskustaseme taastamine. P\u00e4ikesekaitsefaktor.<\/p>\n","protected":false},"featured_media":41428,"template":"","meta":{"_seopress_robots_primary_cat":"none","_seopress_titles_title":"","_seopress_titles_desc":"","_seopress_robots_index":""},"item":[2243],"product_cat":[1813,151,1847,1910,1928,1849,1852],"product_tag":[1882],"class_list":{"0":"post-41432","1":"product","2":"type-product","3":"status-publish","4":"has-post-thumbnail","6":"item-skinclinic-et","7":"product_cat-otstarve","8":"product_cat-kreem-et","9":"product_cat-paikesekaitsekreem","10":"product_cat-nahahooldus","11":"product_cat-kreem-et-prof","12":"product_cat-nahahooldus-nahatuubi-jargi","13":"product_cat-kuiv-veetustunud-nahk","14":"product_tag-kuiv-veetustunud-nahk","16":"first","17":"instock","18":"taxable","19":"shipping-taxable","20":"purchasable","21":"product-type-simple"},"_links":{"self":[{"href":"https:\/\/cutismedical.shop\/et\/wp-json\/wp\/v2\/product\/41432","targetHints":{"allow":["GET"]}}],"collection":[{"href":"https:\/\/cutismedical.shop\/et\/wp-json\/wp\/v2\/product"}],"about":[{"href":"https:\/\/cutismedical.shop\/et\/wp-json\/wp\/v2\/types\/product"}],"wp:featuredmedia":[{"embeddable":true,"href":"https:\/\/cutismedical.shop\/et\/wp-json\/wp\/v2\/media\/41428"}],"wp:attachment":[{"href":"https:\/\/cutismedical.shop\/et\/wp-json\/wp\/v2\/media?parent=41432"}],"wp:term":[{"taxonomy":"item","embeddable":true,"href":"https:\/\/cutismedical.shop\/et\/wp-json\/wp\/v2\/item?post=41432"},{"taxonomy":"product_cat","embeddable":true,"href":"https:\/\/cutismedical.shop\/et\/wp-json\/wp\/v2\/product_cat?post=41432"},{"taxonomy":"product_tag","embeddable":true,"href":"https:\/\/cutismedical.shop\/et\/wp-json\/wp\/v2\/product_tag?post=41432"}],"curies":[{"name":"wp","href":"https:\/\/api.w.org\/{rel}","templated":true}]}}